{"id":7117,"date":"2025-01-11T09:23:56","date_gmt":"2025-01-11T14:23:56","guid":{"rendered":"https:\/\/globalintegralbeauty.com\/?page_id=7117"},"modified":"2025-01-11T09:28:58","modified_gmt":"2025-01-11T14:28:58","slug":"claudia-rios-2","status":"publish","type":"page","link":"https:\/\/globalintegralbeauty.com\/en\/claudia-rios-2\/","title":{"rendered":"Claudia R\u00edos"},"content":{"rendered":"<div data-elementor-type=\"wp-page\" data-elementor-id=\"7117\" class=\"elementor elementor-7117\" data-elementor-post-type=\"page\">\n\t\t\t\t\t\t<section class=\"elementor-section elementor-top-section elementor-element elementor-element-4d19b4c elementor-section-stretched elementor-reverse-mobile elementor-section-boxed elementor-section-height-default elementor-section-height-default\" data-id=\"4d19b4c\" data-element_type=\"section\" data-settings=\"{&quot;stretch_section&quot;:&quot;section-stretched&quot;}\">\n\t\t\t\t\t\t<div class=\"elementor-container elementor-column-gap-default\">\n\t\t\t\t\t<div class=\"elementor-column elementor-col-50 elementor-top-column elementor-element elementor-element-64a01e6 elementor-invisible\" data-id=\"64a01e6\" data-element_type=\"column\" data-settings=\"{&quot;animation&quot;:&quot;fadeInLeft&quot;}\">\n\t\t\t<div class=\"elementor-widget-wrap elementor-element-populated\">\n\t\t\t\t\t\t<div class=\"elementor-element elementor-element-e76e159 elementor-icon-list--layout-inline elementor-align-start elementor-list-item-link-full_width elementor-widget elementor-widget-icon-list\" data-id=\"e76e159\" data-element_type=\"widget\" data-widget_type=\"icon-list.default\">\n\t\t\t\t<div class=\"elementor-widget-container\">\n\t\t\t\t\t\t\t<ul class=\"elementor-icon-list-items elementor-inline-items\">\n\t\t\t\t\t\t\t<li class=\"elementor-icon-list-item elementor-inline-item\">\n\t\t\t\t\t\t\t\t\t\t\t<a href=\"https:\/\/globalintegralbeauty.com\/en\/\">\n\n\t\t\t\t\t\t\t\t\t\t\t\t<span class=\"elementor-icon-list-icon\">\n\t\t\t\t\t\t\t<i aria-hidden=\"true\" class=\"fas fa-chevron-right\"><\/i>\t\t\t\t\t\t<\/span>\n\t\t\t\t\t\t\t\t\t\t<span class=\"elementor-icon-list-text\">HOME<\/span>\n\t\t\t\t\t\t\t\t\t\t\t<\/a>\n\t\t\t\t\t\t\t\t\t<\/li>\n\t\t\t\t\t\t\t\t<li class=\"elementor-icon-list-item elementor-inline-item\">\n\t\t\t\t\t\t\t\t\t\t\t<a href=\"https:\/\/globalintegralbeauty.com\/en\/libro-edicion-3\/\">\n\n\t\t\t\t\t\t\t\t\t\t\t\t<span class=\"elementor-icon-list-icon\">\n\t\t\t\t\t\t\t<i aria-hidden=\"true\" class=\"fas fa-chevron-right\"><\/i>\t\t\t\t\t\t<\/span>\n\t\t\t\t\t\t\t\t\t\t<span class=\"elementor-icon-list-text\">BOOK 3rd EDITION<\/span>\n\t\t\t\t\t\t\t\t\t\t\t<\/a>\n\t\t\t\t\t\t\t\t\t<\/li>\n\t\t\t\t\t\t\t\t<li class=\"elementor-icon-list-item elementor-inline-item\">\n\t\t\t\t\t\t\t\t\t\t\t<a href=\"https:\/\/globalintegralbeauty.com\/en\/2da-edicion\/#coautores\">\n\n\t\t\t\t\t\t\t\t\t\t\t\t<span class=\"elementor-icon-list-icon\">\n\t\t\t\t\t\t\t<i aria-hidden=\"true\" class=\"fas fa-chevron-right\"><\/i>\t\t\t\t\t\t<\/span>\n\t\t\t\t\t\t\t\t\t\t<span class=\"elementor-icon-list-text\">CO-AUTHORS<\/span>\n\t\t\t\t\t\t\t\t\t\t\t<\/a>\n\t\t\t\t\t\t\t\t\t<\/li>\n\t\t\t\t\t\t<\/ul>\n\t\t\t\t\t\t<\/div>\n\t\t\t\t<\/div>\n\t\t\t\t<div class=\"elementor-element elementor-element-2087634 elementor-widget elementor-widget-heading\" data-id=\"2087634\" data-element_type=\"widget\" data-widget_type=\"heading.default\">\n\t\t\t\t<div class=\"elementor-widget-container\">\n\t\t\t\t\t<h2 class=\"elementor-heading-title elementor-size-default\">Dra. Claudia R\u00edos<\/h2>\t\t\t\t<\/div>\n\t\t\t\t<\/div>\n\t\t\t\t<div class=\"elementor-element elementor-element-df48f23 elementor-widget elementor-widget-text-editor\" data-id=\"df48f23\" data-element_type=\"widget\" data-widget_type=\"text-editor.default\">\n\t\t\t\t<div class=\"elementor-widget-container\">\n\t\t\t\t\t\t\t\t\t<p><em>CO-AUTHOR<\/em><\/p>\t\t\t\t\t\t\t\t<\/div>\n\t\t\t\t<\/div>\n\t\t\t\t<div class=\"elementor-element elementor-element-4d11976 elementor-widget elementor-widget-heading\" data-id=\"4d11976\" data-element_type=\"widget\" data-widget_type=\"heading.default\">\n\t\t\t\t<div class=\"elementor-widget-container\">\n\t\t\t\t\t<h2 class=\"elementor-heading-title elementor-size-default\">M.D., ABVLM, RPhS. \nEspecialista en Venas<\/h2>\t\t\t\t<\/div>\n\t\t\t\t<\/div>\n\t\t\t\t<div class=\"elementor-element elementor-element-de771a9 elementor-shape-circle e-grid-align-left e-grid-align-mobile-center elementor-grid-0 elementor-widget elementor-widget-social-icons\" data-id=\"de771a9\" data-element_type=\"widget\" data-widget_type=\"social-icons.default\">\n\t\t\t\t<div class=\"elementor-widget-container\">\n\t\t\t\t\t\t\t<div class=\"elementor-social-icons-wrapper elementor-grid\" role=\"list\">\n\t\t\t\t\t\t\t<span class=\"elementor-grid-item\" role=\"listitem\">\n\t\t\t\t\t<a class=\"elementor-icon elementor-social-icon elementor-social-icon-facebook elementor-repeater-item-1d9e064\" href=\"https:\/\/www.facebook.com\/ClaudiaRiosMD\/\" target=\"_blank\">\n\t\t\t\t\t\t<span class=\"elementor-screen-only\">Facebook<\/span>\n\t\t\t\t\t\t<i aria-hidden=\"true\" class=\"fab fa-facebook\"><\/i>\t\t\t\t\t<\/a>\n\t\t\t\t<\/span>\n\t\t\t\t\t\t\t<span class=\"elementor-grid-item\" role=\"listitem\">\n\t\t\t\t\t<a class=\"elementor-icon elementor-social-icon elementor-social-icon-instagram elementor-repeater-item-e3b43f2\" href=\"https:\/\/www.instagram.com\/claudiariosmd\" target=\"_blank\">\n\t\t\t\t\t\t<span class=\"elementor-screen-only\">Instagram<\/span>\n\t\t\t\t\t\t<i aria-hidden=\"true\" class=\"fab fa-instagram\"><\/i>\t\t\t\t\t<\/a>\n\t\t\t\t<\/span>\n\t\t\t\t\t<\/div>\n\t\t\t\t\t\t<\/div>\n\t\t\t\t<\/div>\n\t\t\t\t\t<\/div>\n\t\t<\/div>\n\t\t\t\t<div class=\"elementor-column elementor-col-50 elementor-top-column elementor-element elementor-element-bd1cb65 elementor-invisible\" data-id=\"bd1cb65\" data-element_type=\"column\" data-settings=\"{&quot;animation&quot;:&quot;fadeInRight&quot;}\">\n\t\t\t<div class=\"elementor-widget-wrap elementor-element-populated\">\n\t\t\t\t\t\t<div class=\"elementor-element elementor-element-06d858c elementor-widget elementor-widget-image\" data-id=\"06d858c\" data-element_type=\"widget\" data-widget_type=\"image.default\">\n\t\t\t\t<div class=\"elementor-widget-container\">\n\t\t\t\t\t\t\t\t\t\t\t\t\t\t\t<img fetchpriority=\"high\" decoding=\"async\" width=\"800\" height=\"932\" src=\"https:\/\/globalintegralbeauty.com\/wp-content\/uploads\/2025\/01\/gobal-integral-beauty-book-07-879x1024.jpg\" class=\"attachment-large size-large wp-image-7026\" alt=\"\" srcset=\"https:\/\/globalintegralbeauty.com\/wp-content\/uploads\/2025\/01\/gobal-integral-beauty-book-07-879x1024.jpg 879w, https:\/\/globalintegralbeauty.com\/wp-content\/uploads\/2025\/01\/gobal-integral-beauty-book-07-257x300.jpg 257w, https:\/\/globalintegralbeauty.com\/wp-content\/uploads\/2025\/01\/gobal-integral-beauty-book-07-768x895.jpg 768w, https:\/\/globalintegralbeauty.com\/wp-content\/uploads\/2025\/01\/gobal-integral-beauty-book-07-10x12.jpg 10w, https:\/\/globalintegralbeauty.com\/wp-content\/uploads\/2025\/01\/gobal-integral-beauty-book-07-600x699.jpg 600w, https:\/\/globalintegralbeauty.com\/wp-content\/uploads\/2025\/01\/gobal-integral-beauty-book-07.jpg 1144w\" sizes=\"(max-width: 800px) 100vw, 800px\" \/>\t\t\t\t\t\t\t\t\t\t\t\t\t\t\t<\/div>\n\t\t\t\t<\/div>\n\t\t\t\t\t<\/div>\n\t\t<\/div>\n\t\t\t\t\t<\/div>\n\t\t<\/section>\n\t\t\t\t<section class=\"elementor-section elementor-top-section elementor-element elementor-element-083cd4a elementor-section-boxed elementor-section-height-default elementor-section-height-default\" data-id=\"083cd4a\" data-element_type=\"section\">\n\t\t\t\t\t\t<div class=\"elementor-container elementor-column-gap-default\">\n\t\t\t\t\t<div class=\"elementor-column elementor-col-100 elementor-top-column elementor-element elementor-element-49d45cc\" data-id=\"49d45cc\" data-element_type=\"column\">\n\t\t\t<div class=\"elementor-widget-wrap elementor-element-populated\">\n\t\t\t\t\t\t<div class=\"elementor-element elementor-element-e68ca94 elementor-widget elementor-widget-text-editor\" data-id=\"e68ca94\" data-element_type=\"widget\" data-widget_type=\"text-editor.default\">\n\t\t\t\t<div class=\"elementor-widget-container\">\n\t\t\t\t\t\t\t\t\t<p>Recib\u00ed mi t\u00edtulo de medicina en la Universidad Libre de Cali en mi natal Colombia. Mudarse a Nueva York fue un momento decisivo en mi carrera, donde complet\u00e9 mi residencia en Medicina Interna en el Jacobi Medical Center, afiliado a la Escuela de Medicina Albert Einstein. En 2010, tuve la incre\u00edble oportunidad de unirme al Vein Treatment Center, recibiendo capacitaci\u00f3n especializada bajo la tutela del Dr. Luis Navarro, un pionero en flebolog\u00eda y desarrollador de la ablaci\u00f3n endovenosa con l\u00e1ser para las venas varicosas.<\/p><p>\u00a0<\/p><p>Durante los \u00faltimos 14 a\u00f1os, he dedicado mi carrera a tratar la insuficiencia venosa superficial, las ara\u00f1as vasculares y las venas varicosas. Este compromiso inquebrantable me ha permitido aliviar los s\u00edntomas y mejorar la calidad de vida de innumerables pacientes. Estoy igualmente apasionada por abordar los aspectos cosm\u00e9ticos del tratamiento de enfermedades venosas, asegur\u00e1ndome de que mis pacientes se sientan mejor y se vean lo mejor posible.<\/p><p>\u00a0<\/p><p>Estoy orgullosa de ser una de las pocas diplomadas de The American Board of Venous &amp; Lymphatic Medicine (ABVLM) y una Son\u00f3grafa Registrada en Flebolog\u00eda (RPhS). Adem\u00e1s, estoy certificada en Medicina Interna y afiliada al Hospital Lenox Hill.<\/p><p>\u00a0<\/p><p>Mi enfoque hacia la medicina est\u00e1 arraigado en un profundo amor por mi profesi\u00f3n y un deseo genuino de servir a mis pacientes. Esta pasi\u00f3n me impulsa a mantenerme actualizada con los \u00faltimos avances en mi campo y a perfeccionar continuamente mis t\u00e9cnicas. Soy conocida por mi trabajo meticuloso y mi enfoque detallista, siempre esforz\u00e1ndome por proporcionar una experiencia superior a cada persona que trato.<\/p><p>\u00a0<\/p><p>Desde la consulta inicial hasta el seguimiento final, me tomo el tiempo para responder cada pregunta, asegur\u00e1ndome de que cada paciente se sienta seguro e informado. Creo que la educaci\u00f3n del paciente es crucial y me comprometo a asegurarme de que todos comprendan sus opciones de tratamiento, los procedimientos involucrados y los resultados esperados. Este enfoque integral ayuda a construir confianza y fomenta una fuerte relaci\u00f3n m\u00e9dico-paciente.<\/p><p>\u00a0<\/p><p>Adem\u00e1s, adapto mis tratamientos a las necesidades y preocupaciones \u00fanicas de cada paciente, reconociendo que no hay dos casos iguales. Al combinar mi experiencia m\u00e9dica con un toque compasivo, busco abordar los aspectos m\u00e9dicos y cosm\u00e9ticos de la enfermedad venosa y mejorar el bienestar y la confianza general de mis pacientes.<\/p><p>\u00a0<\/p><p>Los pacientes conf\u00edan en mi consejo y sienten confianza en que recibir\u00e1n un plan de tratamiento personalizado basado en mi experiencia. Mi objetivo es lograr los mejores resultados cosm\u00e9ticos con t\u00e9cnicas m\u00ednimamente invasivas, siempre priorizando el bienestar y la satisfacci\u00f3n de mis pacientes.<\/p><p>\u00a0<\/p>\t\t\t\t\t\t\t\t<\/div>\n\t\t\t\t<\/div>\n\t\t\t\t\t<\/div>\n\t\t<\/div>\n\t\t\t\t\t<\/div>\n\t\t<\/section>\n\t\t\t\t<\/div>","protected":false},"excerpt":{"rendered":"<p>INICIO LIBRO 3ra EDICI\u00d3N CO-AUTORES Dra. Claudia R\u00edos CO-AUTORA M.D., ABVLM, RPhS. Especialista en Venas Facebook Instagram Recib\u00ed mi t\u00edtulo de medicina en la Universidad Libre de Cali en mi natal Colombia. Mudarse a Nueva York fue un momento decisivo en mi carrera, donde complet\u00e9 mi residencia en Medicina Interna en el Jacobi Medical Center, [&hellip;]<\/p>\n","protected":false},"author":1,"featured_media":0,"parent":0,"menu_order":0,"comment_status":"closed","ping_status":"closed","template":"elementor_header_footer","meta":{"footnotes":""},"class_list":["post-7117","page","type-page","status-publish","hentry"],"aioseo_notices":[],"_links":{"self":[{"href":"https:\/\/globalintegralbeauty.com\/en\/wp-json\/wp\/v2\/pages\/7117","targetHints":{"allow":["GET"]}}],"collection":[{"href":"https:\/\/globalintegralbeauty.com\/en\/wp-json\/wp\/v2\/pages"}],"about":[{"href":"https:\/\/globalintegralbeauty.com\/en\/wp-json\/wp\/v2\/types\/page"}],"author":[{"embeddable":true,"href":"https:\/\/globalintegralbeauty.com\/en\/wp-json\/wp\/v2\/users\/1"}],"replies":[{"embeddable":true,"href":"https:\/\/globalintegralbeauty.com\/en\/wp-json\/wp\/v2\/comments?post=7117"}],"version-history":[{"count":4,"href":"https:\/\/globalintegralbeauty.com\/en\/wp-json\/wp\/v2\/pages\/7117\/revisions"}],"predecessor-version":[{"id":7123,"href":"https:\/\/globalintegralbeauty.com\/en\/wp-json\/wp\/v2\/pages\/7117\/revisions\/7123"}],"wp:attachment":[{"href":"https:\/\/globalintegralbeauty.com\/en\/wp-json\/wp\/v2\/media?parent=7117"}],"curies":[{"name":"wp","href":"https:\/\/api.w.org\/{rel}","templated":true}]}}