{"id":7106,"date":"2025-01-11T09:18:49","date_gmt":"2025-01-11T14:18:49","guid":{"rendered":"https:\/\/globalintegralbeauty.com\/?page_id=7106"},"modified":"2025-01-11T09:20:58","modified_gmt":"2025-01-11T14:20:58","slug":"yolanda-perera","status":"publish","type":"page","link":"https:\/\/globalintegralbeauty.com\/en\/yolanda-perera\/","title":{"rendered":"Yolanda Perera"},"content":{"rendered":"<div data-elementor-type=\"wp-page\" data-elementor-id=\"7106\" class=\"elementor elementor-7106\" data-elementor-post-type=\"page\">\n\t\t\t\t\t\t<section class=\"elementor-section elementor-top-section elementor-element elementor-element-4d19b4c elementor-section-stretched elementor-reverse-mobile elementor-section-boxed elementor-section-height-default elementor-section-height-default\" data-id=\"4d19b4c\" data-element_type=\"section\" data-settings=\"{&quot;stretch_section&quot;:&quot;section-stretched&quot;}\">\n\t\t\t\t\t\t<div class=\"elementor-container elementor-column-gap-default\">\n\t\t\t\t\t<div class=\"elementor-column elementor-col-50 elementor-top-column elementor-element elementor-element-64a01e6 elementor-invisible\" data-id=\"64a01e6\" data-element_type=\"column\" data-settings=\"{&quot;animation&quot;:&quot;fadeInLeft&quot;}\">\n\t\t\t<div class=\"elementor-widget-wrap elementor-element-populated\">\n\t\t\t\t\t\t<div class=\"elementor-element elementor-element-e76e159 elementor-icon-list--layout-inline elementor-align-start elementor-list-item-link-full_width elementor-widget elementor-widget-icon-list\" data-id=\"e76e159\" data-element_type=\"widget\" data-widget_type=\"icon-list.default\">\n\t\t\t\t<div class=\"elementor-widget-container\">\n\t\t\t\t\t\t\t<ul class=\"elementor-icon-list-items elementor-inline-items\">\n\t\t\t\t\t\t\t<li class=\"elementor-icon-list-item elementor-inline-item\">\n\t\t\t\t\t\t\t\t\t\t\t<a href=\"https:\/\/globalintegralbeauty.com\/en\/\">\n\n\t\t\t\t\t\t\t\t\t\t\t\t<span class=\"elementor-icon-list-icon\">\n\t\t\t\t\t\t\t<i aria-hidden=\"true\" class=\"fas fa-chevron-right\"><\/i>\t\t\t\t\t\t<\/span>\n\t\t\t\t\t\t\t\t\t\t<span class=\"elementor-icon-list-text\">HOME<\/span>\n\t\t\t\t\t\t\t\t\t\t\t<\/a>\n\t\t\t\t\t\t\t\t\t<\/li>\n\t\t\t\t\t\t\t\t<li class=\"elementor-icon-list-item elementor-inline-item\">\n\t\t\t\t\t\t\t\t\t\t\t<a href=\"https:\/\/globalintegralbeauty.com\/en\/libro-edicion-3\/\">\n\n\t\t\t\t\t\t\t\t\t\t\t\t<span class=\"elementor-icon-list-icon\">\n\t\t\t\t\t\t\t<i aria-hidden=\"true\" class=\"fas fa-chevron-right\"><\/i>\t\t\t\t\t\t<\/span>\n\t\t\t\t\t\t\t\t\t\t<span class=\"elementor-icon-list-text\">BOOK 3rd EDITION<\/span>\n\t\t\t\t\t\t\t\t\t\t\t<\/a>\n\t\t\t\t\t\t\t\t\t<\/li>\n\t\t\t\t\t\t\t\t<li class=\"elementor-icon-list-item elementor-inline-item\">\n\t\t\t\t\t\t\t\t\t\t\t<a href=\"https:\/\/globalintegralbeauty.com\/en\/2da-edicion\/#coautores\">\n\n\t\t\t\t\t\t\t\t\t\t\t\t<span class=\"elementor-icon-list-icon\">\n\t\t\t\t\t\t\t<i aria-hidden=\"true\" class=\"fas fa-chevron-right\"><\/i>\t\t\t\t\t\t<\/span>\n\t\t\t\t\t\t\t\t\t\t<span class=\"elementor-icon-list-text\">CO-AUTHORS<\/span>\n\t\t\t\t\t\t\t\t\t\t\t<\/a>\n\t\t\t\t\t\t\t\t\t<\/li>\n\t\t\t\t\t\t<\/ul>\n\t\t\t\t\t\t<\/div>\n\t\t\t\t<\/div>\n\t\t\t\t<div class=\"elementor-element elementor-element-2087634 elementor-widget elementor-widget-heading\" data-id=\"2087634\" data-element_type=\"widget\" data-widget_type=\"heading.default\">\n\t\t\t\t<div class=\"elementor-widget-container\">\n\t\t\t\t\t<h2 class=\"elementor-heading-title elementor-size-default\">Yolanda Perera<\/h2>\t\t\t\t<\/div>\n\t\t\t\t<\/div>\n\t\t\t\t<div class=\"elementor-element elementor-element-df48f23 elementor-widget elementor-widget-text-editor\" data-id=\"df48f23\" data-element_type=\"widget\" data-widget_type=\"text-editor.default\">\n\t\t\t\t<div class=\"elementor-widget-container\">\n\t\t\t\t\t\t\t\t\t<p><em>CO-AUTHOR<\/em><\/p>\t\t\t\t\t\t\t\t<\/div>\n\t\t\t\t<\/div>\n\t\t\t\t<div class=\"elementor-element elementor-element-4d11976 elementor-widget elementor-widget-heading\" data-id=\"4d11976\" data-element_type=\"widget\" data-widget_type=\"heading.default\">\n\t\t\t\t<div class=\"elementor-widget-container\">\n\t\t\t\t\t<h2 class=\"elementor-heading-title elementor-size-default\">Esteticista Manager, Artista y Maestra de PMU<\/h2>\t\t\t\t<\/div>\n\t\t\t\t<\/div>\n\t\t\t\t<div class=\"elementor-element elementor-element-de771a9 elementor-shape-circle e-grid-align-left e-grid-align-mobile-center elementor-grid-0 elementor-widget elementor-widget-social-icons\" data-id=\"de771a9\" data-element_type=\"widget\" data-widget_type=\"social-icons.default\">\n\t\t\t\t<div class=\"elementor-widget-container\">\n\t\t\t\t\t\t\t<div class=\"elementor-social-icons-wrapper elementor-grid\" role=\"list\">\n\t\t\t\t\t\t\t<span class=\"elementor-grid-item\" role=\"listitem\">\n\t\t\t\t\t<a class=\"elementor-icon elementor-social-icon elementor-social-icon-facebook elementor-repeater-item-1d9e064\" href=\"https:\/\/www.facebook.com\/esteticavanzadaeuropea\" target=\"_blank\">\n\t\t\t\t\t\t<span class=\"elementor-screen-only\">Facebook<\/span>\n\t\t\t\t\t\t<i aria-hidden=\"true\" class=\"fab fa-facebook\"><\/i>\t\t\t\t\t<\/a>\n\t\t\t\t<\/span>\n\t\t\t\t\t\t\t<span class=\"elementor-grid-item\" role=\"listitem\">\n\t\t\t\t\t<a class=\"elementor-icon elementor-social-icon elementor-social-icon-instagram elementor-repeater-item-e3b43f2\" href=\"https:\/\/www.instagram.com\/esteticavanzadaeuropea\" target=\"_blank\">\n\t\t\t\t\t\t<span class=\"elementor-screen-only\">Instagram<\/span>\n\t\t\t\t\t\t<i aria-hidden=\"true\" class=\"fab fa-instagram\"><\/i>\t\t\t\t\t<\/a>\n\t\t\t\t<\/span>\n\t\t\t\t\t<\/div>\n\t\t\t\t\t\t<\/div>\n\t\t\t\t<\/div>\n\t\t\t\t\t<\/div>\n\t\t<\/div>\n\t\t\t\t<div class=\"elementor-column elementor-col-50 elementor-top-column elementor-element elementor-element-bd1cb65 elementor-invisible\" data-id=\"bd1cb65\" data-element_type=\"column\" data-settings=\"{&quot;animation&quot;:&quot;fadeInRight&quot;}\">\n\t\t\t<div class=\"elementor-widget-wrap elementor-element-populated\">\n\t\t\t\t\t\t<div class=\"elementor-element elementor-element-06d858c elementor-widget elementor-widget-image\" data-id=\"06d858c\" data-element_type=\"widget\" data-widget_type=\"image.default\">\n\t\t\t\t<div class=\"elementor-widget-container\">\n\t\t\t\t\t\t\t\t\t\t\t\t\t\t\t<img fetchpriority=\"high\" decoding=\"async\" width=\"800\" height=\"932\" src=\"https:\/\/globalintegralbeauty.com\/wp-content\/uploads\/2025\/01\/gobal-integral-beauty-book-14-879x1024.jpg\" class=\"attachment-large size-large wp-image-7022\" alt=\"\" srcset=\"https:\/\/globalintegralbeauty.com\/wp-content\/uploads\/2025\/01\/gobal-integral-beauty-book-14-879x1024.jpg 879w, https:\/\/globalintegralbeauty.com\/wp-content\/uploads\/2025\/01\/gobal-integral-beauty-book-14-257x300.jpg 257w, https:\/\/globalintegralbeauty.com\/wp-content\/uploads\/2025\/01\/gobal-integral-beauty-book-14-768x895.jpg 768w, https:\/\/globalintegralbeauty.com\/wp-content\/uploads\/2025\/01\/gobal-integral-beauty-book-14-10x12.jpg 10w, https:\/\/globalintegralbeauty.com\/wp-content\/uploads\/2025\/01\/gobal-integral-beauty-book-14-600x699.jpg 600w, https:\/\/globalintegralbeauty.com\/wp-content\/uploads\/2025\/01\/gobal-integral-beauty-book-14.jpg 1144w\" sizes=\"(max-width: 800px) 100vw, 800px\" \/>\t\t\t\t\t\t\t\t\t\t\t\t\t\t\t<\/div>\n\t\t\t\t<\/div>\n\t\t\t\t\t<\/div>\n\t\t<\/div>\n\t\t\t\t\t<\/div>\n\t\t<\/section>\n\t\t\t\t<section class=\"elementor-section elementor-top-section elementor-element elementor-element-083cd4a elementor-section-boxed elementor-section-height-default elementor-section-height-default\" data-id=\"083cd4a\" data-element_type=\"section\">\n\t\t\t\t\t\t<div class=\"elementor-container elementor-column-gap-default\">\n\t\t\t\t\t<div class=\"elementor-column elementor-col-100 elementor-top-column elementor-element elementor-element-49d45cc\" data-id=\"49d45cc\" data-element_type=\"column\">\n\t\t\t<div class=\"elementor-widget-wrap elementor-element-populated\">\n\t\t\t\t\t\t<div class=\"elementor-element elementor-element-e68ca94 elementor-widget elementor-widget-text-editor\" data-id=\"e68ca94\" data-element_type=\"widget\" data-widget_type=\"text-editor.default\">\n\t\t\t\t<div class=\"elementor-widget-container\">\n\t\t\t\t\t\t\t\t\t<p>Mi nombre es Yolanda Perera Ben\u00edtez, nacida en Caracas, Venezuela, en 1966 y criada desde 1967 en Puerto la Cruz, Estado Anzo\u00e1tegui, Venezuela. Mi trayectoria profesional abarca casi cuatro d\u00e9cadas en el apasionante mundo de la belleza, influenciada inicialmente por mi dedicaci\u00f3n al deporte de \u00e9lite en mi juventud. Esta experiencia temprana me ense\u00f1\u00f3 la importancia del perfeccionamiento, la constancia y la disciplina, valores que he llevado conmigo a lo largo de mi carrera en est\u00e9tica y cuidado de la piel.<\/p><p><br><\/p>\n<p>Desde una edad temprana, dirig\u00ed negocios familiares en el sector deportivo, espec\u00edficamente gimnasios, y m\u00e1s tarde incursion\u00e9 en el \u00e1mbito de la belleza con mi propia est\u00e9tica y academia de modelaje, ambos bajo el nombre de Yolanda Perera Estudio. Esta experiencia empresarial fue fundamental para desarrollar mis habilidades gerenciales y mi visi\u00f3n emprendedora.<\/p><p><br><\/p>\n<p>Mi incursi\u00f3n en la televisi\u00f3n como productora y ejecutiva, as\u00ed como mi rol como organizadora de exposiciones internacionales, ampliaron mi perspectiva y me permitieron explorar diferentes aspectos del mundo del espect\u00e1culo y los eventos internacionales.<\/p><p><br><\/p>\n<p>En 2002, mi vida dio un giro decisivo al trasladarme a Tenerife, Islas Canarias, Espa\u00f1a, donde en 2004 fund\u00e9 uno de los primeros centros de est\u00e9tica avanzada, Bamb\u00fa Est\u00e9tica Avanzada. Desde entonces, he continuado en el sector como Directora de Est\u00e9tica Avanzada en Tenerife Centro M\u00e9dico Est\u00e9tico, consolidando mi especializaci\u00f3n en est\u00e9tica avanzada y est\u00e9tica oncol\u00f3gica.<\/p><p><br><\/p>\n<p>A lo largo de mi carrera, me he enfocado en desarrollar una excelente rutina diaria de belleza y una metodolog\u00eda de trabajo \u00fanica en cabina, abarcando no solo la belleza y el bienestar, sino tambi\u00e9n la salud integral de la piel. Como profesional de la est\u00e9tica, ense\u00f1o a mis clientas a llevar estos cuidados a casa en su rutina diaria. Mi formaci\u00f3n incluye una s\u00f3lida base en est\u00e9tica avanzada y tradicional, enfoc\u00e1ndome en la salud de la piel y su bienestar a trav\u00e9s de la fusi\u00f3n de masajes chinos, japoneses (kobido), ayurv\u00e9dicos y miofaciales, armonizados con m\u00fasica para lograr un equilibrio perfecto. Adem\u00e1s, estudio continuamente la piel para ofrecer tratamientos \u00f3ptimos que mantengan su pH adecuado.<\/p><p><br><\/p>\n<p>Mi compromiso con la perfecci\u00f3n y la constante investigaci\u00f3n para mejorar las t\u00e9cnicas en est\u00e9tica y cuidado de la piel me ha permitido destacarme y ganar el respeto de mis colegas y clientes en este campo en constante evoluci\u00f3n. Mi enfoque siempre ha estado centrado en el cliente, buscando ofrecer soluciones integrales que no solo embellecen, sino que tambi\u00e9n promuevan la salud y el bienestar. Creo firmemente en la importancia de la educaci\u00f3n continua y en compartir mi conocimiento a trav\u00e9s de la ense\u00f1anza, tanto en mi propia academia como en eventos educativos y conferencias.<\/p><p><br><\/p>\t\t\t\t\t\t\t\t<\/div>\n\t\t\t\t<\/div>\n\t\t\t\t\t<\/div>\n\t\t<\/div>\n\t\t\t\t\t<\/div>\n\t\t<\/section>\n\t\t\t\t<\/div>","protected":false},"excerpt":{"rendered":"<p>INICIO LIBRO 3ra EDICI\u00d3N CO-AUTORES Yolanda Perera CO-AUTORA Esteticista Manager, Artista y Maestra de PMU Facebook Instagram Mi nombre es Yolanda Perera Ben\u00edtez, nacida en Caracas, Venezuela, en 1966 y criada desde 1967 en Puerto la Cruz, Estado Anzo\u00e1tegui, Venezuela. Mi trayectoria profesional abarca casi cuatro d\u00e9cadas en el apasionante mundo de la belleza, influenciada [&hellip;]<\/p>\n","protected":false},"author":1,"featured_media":0,"parent":0,"menu_order":0,"comment_status":"closed","ping_status":"closed","template":"elementor_header_footer","meta":{"footnotes":""},"class_list":["post-7106","page","type-page","status-publish","hentry"],"aioseo_notices":[],"_links":{"self":[{"href":"https:\/\/globalintegralbeauty.com\/en\/wp-json\/wp\/v2\/pages\/7106","targetHints":{"allow":["GET"]}}],"collection":[{"href":"https:\/\/globalintegralbeauty.com\/en\/wp-json\/wp\/v2\/pages"}],"about":[{"href":"https:\/\/globalintegralbeauty.com\/en\/wp-json\/wp\/v2\/types\/page"}],"author":[{"embeddable":true,"href":"https:\/\/globalintegralbeauty.com\/en\/wp-json\/wp\/v2\/users\/1"}],"replies":[{"embeddable":true,"href":"https:\/\/globalintegralbeauty.com\/en\/wp-json\/wp\/v2\/comments?post=7106"}],"version-history":[{"count":4,"href":"https:\/\/globalintegralbeauty.com\/en\/wp-json\/wp\/v2\/pages\/7106\/revisions"}],"predecessor-version":[{"id":7110,"href":"https:\/\/globalintegralbeauty.com\/en\/wp-json\/wp\/v2\/pages\/7106\/revisions\/7110"}],"wp:attachment":[{"href":"https:\/\/globalintegralbeauty.com\/en\/wp-json\/wp\/v2\/media?parent=7106"}],"curies":[{"name":"wp","href":"https:\/\/api.w.org\/{rel}","templated":true}]}}