{"id":7097,"date":"2025-01-10T16:01:22","date_gmt":"2025-01-10T21:01:22","guid":{"rendered":"https:\/\/globalintegralbeauty.com\/?page_id=7097"},"modified":"2025-01-21T12:14:36","modified_gmt":"2025-01-21T17:14:36","slug":"dra-kattia-perez","status":"publish","type":"page","link":"https:\/\/globalintegralbeauty.com\/en\/dra-kattia-perez\/","title":{"rendered":"Dra. Kattia P\u00e9rez"},"content":{"rendered":"<div data-elementor-type=\"wp-page\" data-elementor-id=\"7097\" class=\"elementor elementor-7097\" data-elementor-post-type=\"page\">\n\t\t\t\t\t\t<section class=\"elementor-section elementor-top-section elementor-element elementor-element-4d19b4c elementor-section-stretched elementor-reverse-mobile elementor-section-boxed elementor-section-height-default elementor-section-height-default\" data-id=\"4d19b4c\" data-element_type=\"section\" data-settings=\"{&quot;stretch_section&quot;:&quot;section-stretched&quot;}\">\n\t\t\t\t\t\t<div class=\"elementor-container elementor-column-gap-default\">\n\t\t\t\t\t<div class=\"elementor-column elementor-col-50 elementor-top-column elementor-element elementor-element-64a01e6 elementor-invisible\" data-id=\"64a01e6\" data-element_type=\"column\" data-settings=\"{&quot;animation&quot;:&quot;fadeInLeft&quot;}\">\n\t\t\t<div class=\"elementor-widget-wrap elementor-element-populated\">\n\t\t\t\t\t\t<div class=\"elementor-element elementor-element-e76e159 elementor-icon-list--layout-inline elementor-align-start elementor-list-item-link-full_width elementor-widget elementor-widget-icon-list\" data-id=\"e76e159\" data-element_type=\"widget\" data-widget_type=\"icon-list.default\">\n\t\t\t\t<div class=\"elementor-widget-container\">\n\t\t\t\t\t\t\t<ul class=\"elementor-icon-list-items elementor-inline-items\">\n\t\t\t\t\t\t\t<li class=\"elementor-icon-list-item elementor-inline-item\">\n\t\t\t\t\t\t\t\t\t\t\t<a href=\"https:\/\/globalintegralbeauty.com\/en\/\">\n\n\t\t\t\t\t\t\t\t\t\t\t\t<span class=\"elementor-icon-list-icon\">\n\t\t\t\t\t\t\t<i aria-hidden=\"true\" class=\"fas fa-chevron-right\"><\/i>\t\t\t\t\t\t<\/span>\n\t\t\t\t\t\t\t\t\t\t<span class=\"elementor-icon-list-text\">HOME<\/span>\n\t\t\t\t\t\t\t\t\t\t\t<\/a>\n\t\t\t\t\t\t\t\t\t<\/li>\n\t\t\t\t\t\t\t\t<li class=\"elementor-icon-list-item elementor-inline-item\">\n\t\t\t\t\t\t\t\t\t\t\t<a href=\"https:\/\/globalintegralbeauty.com\/en\/libro-edicion-3\/\">\n\n\t\t\t\t\t\t\t\t\t\t\t\t<span class=\"elementor-icon-list-icon\">\n\t\t\t\t\t\t\t<i aria-hidden=\"true\" class=\"fas fa-chevron-right\"><\/i>\t\t\t\t\t\t<\/span>\n\t\t\t\t\t\t\t\t\t\t<span class=\"elementor-icon-list-text\">BOOK 3rd EDITION<\/span>\n\t\t\t\t\t\t\t\t\t\t\t<\/a>\n\t\t\t\t\t\t\t\t\t<\/li>\n\t\t\t\t\t\t\t\t<li class=\"elementor-icon-list-item elementor-inline-item\">\n\t\t\t\t\t\t\t\t\t\t\t<a href=\"https:\/\/globalintegralbeauty.com\/en\/2da-edicion\/#coautores\">\n\n\t\t\t\t\t\t\t\t\t\t\t\t<span class=\"elementor-icon-list-icon\">\n\t\t\t\t\t\t\t<i aria-hidden=\"true\" class=\"fas fa-chevron-right\"><\/i>\t\t\t\t\t\t<\/span>\n\t\t\t\t\t\t\t\t\t\t<span class=\"elementor-icon-list-text\">CO-AUTHORS<\/span>\n\t\t\t\t\t\t\t\t\t\t\t<\/a>\n\t\t\t\t\t\t\t\t\t<\/li>\n\t\t\t\t\t\t<\/ul>\n\t\t\t\t\t\t<\/div>\n\t\t\t\t<\/div>\n\t\t\t\t<div class=\"elementor-element elementor-element-2087634 elementor-widget elementor-widget-heading\" data-id=\"2087634\" data-element_type=\"widget\" data-widget_type=\"heading.default\">\n\t\t\t\t<div class=\"elementor-widget-container\">\n\t\t\t\t\t<h2 class=\"elementor-heading-title elementor-size-default\">Dra. Kattia P\u00e9rez<\/h2>\t\t\t\t<\/div>\n\t\t\t\t<\/div>\n\t\t\t\t<div class=\"elementor-element elementor-element-df48f23 elementor-widget elementor-widget-text-editor\" data-id=\"df48f23\" data-element_type=\"widget\" data-widget_type=\"text-editor.default\">\n\t\t\t\t<div class=\"elementor-widget-container\">\n\t\t\t\t\t\t\t\t\t<p><em>CO-AUTHOR<\/em><\/p>\t\t\t\t\t\t\t\t<\/div>\n\t\t\t\t<\/div>\n\t\t\t\t<div class=\"elementor-element elementor-element-4d11976 elementor-widget elementor-widget-heading\" data-id=\"4d11976\" data-element_type=\"widget\" data-widget_type=\"heading.default\">\n\t\t\t\t<div class=\"elementor-widget-container\">\n\t\t\t\t\t<h2 class=\"elementor-heading-title elementor-size-default\">Medicina y Cirug\u00eda.\nMedicina Est\u00e9tica Avanzada Integral.<\/h2>\t\t\t\t<\/div>\n\t\t\t\t<\/div>\n\t\t\t\t<div class=\"elementor-element elementor-element-de771a9 elementor-shape-circle e-grid-align-left e-grid-align-mobile-center elementor-grid-0 elementor-widget elementor-widget-social-icons\" data-id=\"de771a9\" data-element_type=\"widget\" data-widget_type=\"social-icons.default\">\n\t\t\t\t<div class=\"elementor-widget-container\">\n\t\t\t\t\t\t\t<div class=\"elementor-social-icons-wrapper elementor-grid\">\n\t\t\t\t\t\t\t<span class=\"elementor-grid-item\">\n\t\t\t\t\t<a class=\"elementor-icon elementor-social-icon elementor-social-icon-instagram elementor-repeater-item-1d9e064\" href=\"https:\/\/www.instagram.com\/drakattiaperez\" target=\"_blank\">\n\t\t\t\t\t\t<span class=\"elementor-screen-only\">Instagram<\/span>\n\t\t\t\t\t\t<i aria-hidden=\"true\" class=\"fab fa-instagram\"><\/i>\t\t\t\t\t<\/a>\n\t\t\t\t<\/span>\n\t\t\t\t\t<\/div>\n\t\t\t\t\t\t<\/div>\n\t\t\t\t<\/div>\n\t\t\t\t\t<\/div>\n\t\t<\/div>\n\t\t\t\t<div class=\"elementor-column elementor-col-50 elementor-top-column elementor-element elementor-element-bd1cb65 elementor-invisible\" data-id=\"bd1cb65\" data-element_type=\"column\" data-settings=\"{&quot;animation&quot;:&quot;fadeInRight&quot;}\">\n\t\t\t<div class=\"elementor-widget-wrap elementor-element-populated\">\n\t\t\t\t\t\t<div class=\"elementor-element elementor-element-06d858c elementor-widget elementor-widget-image\" data-id=\"06d858c\" data-element_type=\"widget\" data-widget_type=\"image.default\">\n\t\t\t\t<div class=\"elementor-widget-container\">\n\t\t\t\t\t\t\t\t\t\t\t\t\t\t\t<img fetchpriority=\"high\" decoding=\"async\" width=\"800\" height=\"932\" src=\"https:\/\/globalintegralbeauty.com\/wp-content\/uploads\/2025\/01\/gobal-integral-beauty-book-10-879x1024.jpg\" class=\"attachment-large size-large wp-image-7029\" alt=\"\" srcset=\"https:\/\/globalintegralbeauty.com\/wp-content\/uploads\/2025\/01\/gobal-integral-beauty-book-10-879x1024.jpg 879w, https:\/\/globalintegralbeauty.com\/wp-content\/uploads\/2025\/01\/gobal-integral-beauty-book-10-257x300.jpg 257w, https:\/\/globalintegralbeauty.com\/wp-content\/uploads\/2025\/01\/gobal-integral-beauty-book-10-768x895.jpg 768w, https:\/\/globalintegralbeauty.com\/wp-content\/uploads\/2025\/01\/gobal-integral-beauty-book-10-10x12.jpg 10w, https:\/\/globalintegralbeauty.com\/wp-content\/uploads\/2025\/01\/gobal-integral-beauty-book-10-600x699.jpg 600w, https:\/\/globalintegralbeauty.com\/wp-content\/uploads\/2025\/01\/gobal-integral-beauty-book-10.jpg 1144w\" sizes=\"(max-width: 800px) 100vw, 800px\" \/>\t\t\t\t\t\t\t\t\t\t\t\t\t\t\t<\/div>\n\t\t\t\t<\/div>\n\t\t\t\t\t<\/div>\n\t\t<\/div>\n\t\t\t\t\t<\/div>\n\t\t<\/section>\n\t\t\t\t<section class=\"elementor-section elementor-top-section elementor-element elementor-element-083cd4a elementor-section-boxed elementor-section-height-default elementor-section-height-default\" data-id=\"083cd4a\" data-element_type=\"section\">\n\t\t\t\t\t\t<div class=\"elementor-container elementor-column-gap-default\">\n\t\t\t\t\t<div class=\"elementor-column elementor-col-100 elementor-top-column elementor-element elementor-element-49d45cc\" data-id=\"49d45cc\" data-element_type=\"column\">\n\t\t\t<div class=\"elementor-widget-wrap elementor-element-populated\">\n\t\t\t\t\t\t<div class=\"elementor-element elementor-element-e68ca94 elementor-widget elementor-widget-text-editor\" data-id=\"e68ca94\" data-element_type=\"widget\" data-widget_type=\"text-editor.default\">\n\t\t\t\t<div class=\"elementor-widget-container\">\n\t\t\t\t\t\t\t\t\t<p>Soy la Dra. Kattia P\u00e9rez Vaca,&nbsp;&nbsp; m\u00e9dico en salud familiar, terapeuta neural, con especialidad en medicina est\u00e9tica avanzada integral, con m\u00e1s de 37 a\u00f1os de experiencia cl\u00ednica.<\/p><p><br><\/p>\n<p>Encargada de dar una atenci\u00f3n personalizada a mis pacientes, reconocida por mi experiencia en realizar T\u00e9cnicas de Full Face mejorando no solo la apariencia f\u00edsica si no tambi\u00e9n la autoestima de mis pacientes.<\/p><p><br><\/p>\n<p>Me recib\u00ed de Dra. en Medicina y Cirug\u00eda en la Facultad de Medicina de la Universidad Estatal de Guayaquil el 27 de mayo de 1987.<\/p><p><br><\/p>\n<p>Diplomados realizados:<\/p><p><br><\/p>\n<ul>\n<li>Salud Familiar.<\/li>\n<li>Gerontolog\u00eda Social.<\/li>\n<li>Gerencia en Salud.<\/li>\n<li>Terap\u00eda Neural.<\/li>\n<li>Inyector Expert ACEE.<\/li>\n<li>Medicina Est\u00e9tica Avanzada.<\/li>\n<\/ul>\n<p>Fuera de mi consulta disfruto pasando tiempo con mi familia, realizo gimnasia y baile entretenido.<\/p>\n<p>Actualmente trabajo en mi cl\u00ednica A y S en Santiago de Chile en donde me siento feliz del trabajo que realizo, ya que el cambio que perseguimos es f\u00edsico, biol\u00f3gico y emocional.<\/p>\t\t\t\t\t\t\t\t<\/div>\n\t\t\t\t<\/div>\n\t\t\t\t\t<\/div>\n\t\t<\/div>\n\t\t\t\t\t<\/div>\n\t\t<\/section>\n\t\t\t\t<\/div>","protected":false},"excerpt":{"rendered":"<p>INICIO LIBRO 3ra EDICI\u00d3N CO-AUTORES Dra. Kattia P\u00e9rez CO-AUTORA Medicina y Cirug\u00eda. Medicina Est\u00e9tica Avanzada Integral. Instagram Soy la Dra. Kattia P\u00e9rez Vaca,&nbsp;&nbsp; m\u00e9dico en salud familiar, terapeuta neural, con especialidad en medicina est\u00e9tica avanzada integral, con m\u00e1s de 37 a\u00f1os de experiencia cl\u00ednica. Encargada de dar una atenci\u00f3n personalizada a mis pacientes, reconocida por [&hellip;]<\/p>\n","protected":false},"author":1,"featured_media":0,"parent":0,"menu_order":0,"comment_status":"closed","ping_status":"closed","template":"elementor_header_footer","meta":{"footnotes":""},"class_list":["post-7097","page","type-page","status-publish","hentry"],"aioseo_notices":[],"_links":{"self":[{"href":"https:\/\/globalintegralbeauty.com\/en\/wp-json\/wp\/v2\/pages\/7097","targetHints":{"allow":["GET"]}}],"collection":[{"href":"https:\/\/globalintegralbeauty.com\/en\/wp-json\/wp\/v2\/pages"}],"about":[{"href":"https:\/\/globalintegralbeauty.com\/en\/wp-json\/wp\/v2\/types\/page"}],"author":[{"embeddable":true,"href":"https:\/\/globalintegralbeauty.com\/en\/wp-json\/wp\/v2\/users\/1"}],"replies":[{"embeddable":true,"href":"https:\/\/globalintegralbeauty.com\/en\/wp-json\/wp\/v2\/comments?post=7097"}],"version-history":[{"count":7,"href":"https:\/\/globalintegralbeauty.com\/en\/wp-json\/wp\/v2\/pages\/7097\/revisions"}],"predecessor-version":[{"id":7331,"href":"https:\/\/globalintegralbeauty.com\/en\/wp-json\/wp\/v2\/pages\/7097\/revisions\/7331"}],"wp:attachment":[{"href":"https:\/\/globalintegralbeauty.com\/en\/wp-json\/wp\/v2\/media?parent=7097"}],"curies":[{"name":"wp","href":"https:\/\/api.w.org\/{rel}","templated":true}]}}