{"id":7087,"date":"2025-01-10T15:56:35","date_gmt":"2025-01-10T20:56:35","guid":{"rendered":"https:\/\/globalintegralbeauty.com\/?page_id=7087"},"modified":"2025-01-10T15:59:27","modified_gmt":"2025-01-10T20:59:27","slug":"sandra-otero","status":"publish","type":"page","link":"https:\/\/globalintegralbeauty.com\/en\/sandra-otero\/","title":{"rendered":"Sandra Otero"},"content":{"rendered":"<div data-elementor-type=\"wp-page\" data-elementor-id=\"7087\" class=\"elementor elementor-7087\" data-elementor-post-type=\"page\">\n\t\t\t\t\t\t<section class=\"elementor-section elementor-top-section elementor-element elementor-element-4d19b4c elementor-section-stretched elementor-reverse-mobile elementor-section-boxed elementor-section-height-default elementor-section-height-default\" data-id=\"4d19b4c\" data-element_type=\"section\" data-settings=\"{&quot;stretch_section&quot;:&quot;section-stretched&quot;}\">\n\t\t\t\t\t\t<div class=\"elementor-container elementor-column-gap-default\">\n\t\t\t\t\t<div class=\"elementor-column elementor-col-50 elementor-top-column elementor-element elementor-element-64a01e6 elementor-invisible\" data-id=\"64a01e6\" data-element_type=\"column\" data-settings=\"{&quot;animation&quot;:&quot;fadeInLeft&quot;}\">\n\t\t\t<div class=\"elementor-widget-wrap elementor-element-populated\">\n\t\t\t\t\t\t<div class=\"elementor-element elementor-element-e76e159 elementor-icon-list--layout-inline elementor-align-start elementor-list-item-link-full_width elementor-widget elementor-widget-icon-list\" data-id=\"e76e159\" data-element_type=\"widget\" data-widget_type=\"icon-list.default\">\n\t\t\t\t<div class=\"elementor-widget-container\">\n\t\t\t\t\t\t\t<ul class=\"elementor-icon-list-items elementor-inline-items\">\n\t\t\t\t\t\t\t<li class=\"elementor-icon-list-item elementor-inline-item\">\n\t\t\t\t\t\t\t\t\t\t\t<a href=\"https:\/\/globalintegralbeauty.com\/en\/\">\n\n\t\t\t\t\t\t\t\t\t\t\t\t<span class=\"elementor-icon-list-icon\">\n\t\t\t\t\t\t\t<i aria-hidden=\"true\" class=\"fas fa-chevron-right\"><\/i>\t\t\t\t\t\t<\/span>\n\t\t\t\t\t\t\t\t\t\t<span class=\"elementor-icon-list-text\">HOME<\/span>\n\t\t\t\t\t\t\t\t\t\t\t<\/a>\n\t\t\t\t\t\t\t\t\t<\/li>\n\t\t\t\t\t\t\t\t<li class=\"elementor-icon-list-item elementor-inline-item\">\n\t\t\t\t\t\t\t\t\t\t\t<a href=\"https:\/\/globalintegralbeauty.com\/en\/libro-edicion-3\/\">\n\n\t\t\t\t\t\t\t\t\t\t\t\t<span class=\"elementor-icon-list-icon\">\n\t\t\t\t\t\t\t<i aria-hidden=\"true\" class=\"fas fa-chevron-right\"><\/i>\t\t\t\t\t\t<\/span>\n\t\t\t\t\t\t\t\t\t\t<span class=\"elementor-icon-list-text\">BOOK 3rd EDITION<\/span>\n\t\t\t\t\t\t\t\t\t\t\t<\/a>\n\t\t\t\t\t\t\t\t\t<\/li>\n\t\t\t\t\t\t\t\t<li class=\"elementor-icon-list-item elementor-inline-item\">\n\t\t\t\t\t\t\t\t\t\t\t<a href=\"https:\/\/globalintegralbeauty.com\/en\/2da-edicion\/#coautores\">\n\n\t\t\t\t\t\t\t\t\t\t\t\t<span class=\"elementor-icon-list-icon\">\n\t\t\t\t\t\t\t<i aria-hidden=\"true\" class=\"fas fa-chevron-right\"><\/i>\t\t\t\t\t\t<\/span>\n\t\t\t\t\t\t\t\t\t\t<span class=\"elementor-icon-list-text\">CO-AUTHORS<\/span>\n\t\t\t\t\t\t\t\t\t\t\t<\/a>\n\t\t\t\t\t\t\t\t\t<\/li>\n\t\t\t\t\t\t<\/ul>\n\t\t\t\t\t\t<\/div>\n\t\t\t\t<\/div>\n\t\t\t\t<div class=\"elementor-element elementor-element-2087634 elementor-widget elementor-widget-heading\" data-id=\"2087634\" data-element_type=\"widget\" data-widget_type=\"heading.default\">\n\t\t\t\t<div class=\"elementor-widget-container\">\n\t\t\t\t\t<h2 class=\"elementor-heading-title elementor-size-default\">Sandra Otero<\/h2>\t\t\t\t<\/div>\n\t\t\t\t<\/div>\n\t\t\t\t<div class=\"elementor-element elementor-element-df48f23 elementor-widget elementor-widget-text-editor\" data-id=\"df48f23\" data-element_type=\"widget\" data-widget_type=\"text-editor.default\">\n\t\t\t\t<div class=\"elementor-widget-container\">\n\t\t\t\t\t\t\t\t\t<p><em>CO-AUTHOR<\/em><\/p>\t\t\t\t\t\t\t\t<\/div>\n\t\t\t\t<\/div>\n\t\t\t\t<div class=\"elementor-element elementor-element-4d11976 elementor-widget elementor-widget-heading\" data-id=\"4d11976\" data-element_type=\"widget\" data-widget_type=\"heading.default\">\n\t\t\t\t<div class=\"elementor-widget-container\">\n\t\t\t\t\t<h2 class=\"elementor-heading-title elementor-size-default\">Master en PNL, Coaching Ontol\u00f3gico\ny Decodificadora Emocional.\n<\/h2>\t\t\t\t<\/div>\n\t\t\t\t<\/div>\n\t\t\t\t<div class=\"elementor-element elementor-element-de771a9 elementor-shape-circle e-grid-align-left e-grid-align-mobile-center elementor-grid-0 elementor-widget elementor-widget-social-icons\" data-id=\"de771a9\" data-element_type=\"widget\" data-widget_type=\"social-icons.default\">\n\t\t\t\t<div class=\"elementor-widget-container\">\n\t\t\t\t\t\t\t<div class=\"elementor-social-icons-wrapper elementor-grid\">\n\t\t\t\t\t\t\t<span class=\"elementor-grid-item\">\n\t\t\t\t\t<a class=\"elementor-icon elementor-social-icon elementor-social-icon-instagram elementor-repeater-item-1d9e064\" href=\"https:\/\/www.instagram.com\/plenamenteadrogue\" target=\"_blank\">\n\t\t\t\t\t\t<span class=\"elementor-screen-only\">Instagram<\/span>\n\t\t\t\t\t\t<i aria-hidden=\"true\" class=\"fab fa-instagram\"><\/i>\t\t\t\t\t<\/a>\n\t\t\t\t<\/span>\n\t\t\t\t\t<\/div>\n\t\t\t\t\t\t<\/div>\n\t\t\t\t<\/div>\n\t\t\t\t\t<\/div>\n\t\t<\/div>\n\t\t\t\t<div class=\"elementor-column elementor-col-50 elementor-top-column elementor-element elementor-element-bd1cb65 elementor-invisible\" data-id=\"bd1cb65\" data-element_type=\"column\" data-settings=\"{&quot;animation&quot;:&quot;fadeInRight&quot;}\">\n\t\t\t<div class=\"elementor-widget-wrap elementor-element-populated\">\n\t\t\t\t\t\t<div class=\"elementor-element elementor-element-06d858c elementor-widget elementor-widget-image\" data-id=\"06d858c\" data-element_type=\"widget\" data-widget_type=\"image.default\">\n\t\t\t\t<div class=\"elementor-widget-container\">\n\t\t\t\t\t\t\t\t\t\t\t\t\t\t\t<img fetchpriority=\"high\" decoding=\"async\" width=\"800\" height=\"932\" src=\"https:\/\/globalintegralbeauty.com\/wp-content\/uploads\/2025\/01\/gobal-integral-beauty-book-13-879x1024.jpg\" class=\"attachment-large size-large wp-image-7021\" alt=\"\" srcset=\"https:\/\/globalintegralbeauty.com\/wp-content\/uploads\/2025\/01\/gobal-integral-beauty-book-13-879x1024.jpg 879w, https:\/\/globalintegralbeauty.com\/wp-content\/uploads\/2025\/01\/gobal-integral-beauty-book-13-257x300.jpg 257w, https:\/\/globalintegralbeauty.com\/wp-content\/uploads\/2025\/01\/gobal-integral-beauty-book-13-768x895.jpg 768w, https:\/\/globalintegralbeauty.com\/wp-content\/uploads\/2025\/01\/gobal-integral-beauty-book-13-10x12.jpg 10w, https:\/\/globalintegralbeauty.com\/wp-content\/uploads\/2025\/01\/gobal-integral-beauty-book-13-600x699.jpg 600w, https:\/\/globalintegralbeauty.com\/wp-content\/uploads\/2025\/01\/gobal-integral-beauty-book-13.jpg 1144w\" sizes=\"(max-width: 800px) 100vw, 800px\" \/>\t\t\t\t\t\t\t\t\t\t\t\t\t\t\t<\/div>\n\t\t\t\t<\/div>\n\t\t\t\t\t<\/div>\n\t\t<\/div>\n\t\t\t\t\t<\/div>\n\t\t<\/section>\n\t\t\t\t<section class=\"elementor-section elementor-top-section elementor-element elementor-element-083cd4a elementor-section-boxed elementor-section-height-default elementor-section-height-default\" data-id=\"083cd4a\" data-element_type=\"section\">\n\t\t\t\t\t\t<div class=\"elementor-container elementor-column-gap-default\">\n\t\t\t\t\t<div class=\"elementor-column elementor-col-100 elementor-top-column elementor-element elementor-element-49d45cc\" data-id=\"49d45cc\" data-element_type=\"column\">\n\t\t\t<div class=\"elementor-widget-wrap elementor-element-populated\">\n\t\t\t\t\t\t<div class=\"elementor-element elementor-element-e68ca94 elementor-widget elementor-widget-text-editor\" data-id=\"e68ca94\" data-element_type=\"widget\" data-widget_type=\"text-editor.default\">\n\t\t\t\t<div class=\"elementor-widget-container\">\n\t\t\t\t\t\t\t\t\t<p>Mi nombre es Sandra Viviana Otero, en el a\u00f1o 1983 comenc\u00e9 mi carrera como docente en escuelas.&nbsp; En el a\u00f1o 1990, al nacer mi primer hijo, Mauricio, decid\u00ed renunciar a mi puesto para dedicarme por completo a la crianza. Dos a\u00f1os m\u00e1s tarde, segu\u00ed form\u00e1ndome en neurociencias, psicolog\u00eda, y comenc\u00e9 a trabajar en consultorio privado, llevando a cabo un proyecto en conjunto con mi esposo, Guillermo Tinari, en un espacio terap\u00e9utico donde, d\u00e1bamos cursos de motivaci\u00f3n, desarrollo personal.<\/p><p><br><\/p>\n<p>En el a\u00f1o 1996 nace mi segunda hija, Antonella, y con ella el deseo de aprender algo diferente y as\u00ed me encuentro con la est\u00e9tica. Al poco tiempo le diagnosticaron asma y comenc\u00e9 a investigar una ayuda complementaria desde la Aromaterapia, descubriendo una f\u00f3rmula magistral.<\/p><p><br><\/p>\n<p>En el 2000 aparece nuevamente la neurociencias en mi vida junto a las terapias complementarias, al visitar el Spa La Pradera en Cuba, donde nos reunimos con otros profesionales para intercambiar experiencias.<\/p><p><br><\/p>\n<p>Pertenec\u00ed a la Asociaci\u00f3n de Cosmetolog\u00eda y Est\u00e9tica de la Provincia de Buenos Aires, hasta retirarme como Presidente de Honor.<\/p>\n<p>En la actualidad soy miembro de la Federaci\u00f3n Argentina de Cosmet\u00f3logos y Esteticistas donde trabajamos para legalizar la profesi\u00f3n.<\/p>\n<p>Obtuve una maestr\u00eda en PNL y coaching ontol\u00f3gico, con certificaci\u00f3n internacional.<\/p><p><br><\/p>\n<p>Con toda esta formaci\u00f3n volqu\u00e9 mis conocimientos en un M\u00e9todo que lo llame TIA (terapia integral armonizadora) dise\u00f1\u00e9 una camilla especial con luces, brindando un servicio innovador. Surge as\u00ed, el primer spa hol\u00edstico en mi ciudad.<\/p><p><br><\/p>\n<p>Al realizar todo este recorrido, comenzaron a convocarme de congresos nacionales e internacionales para exponer.<\/p>\n<p>El amor por la educaci\u00f3n continuaba y segu\u00eda en contacto con colegas docentes, ante las diferentes problem\u00e1ticas de la comunidad, trabaj\u00e9 en la creaci\u00f3n de una consultora educativa.<\/p><p><br><\/p>\n<p>Amo viajar y disfrutar de cada momento que me presenta la vida, y pens\u00e9 en transmitir a otros esta experiencia con el ingrediente de sanar su interior, as\u00ed naci\u00f3 \u201cAma NaSer\u201d, viajes para el alma, consist\u00edan en retiros hol\u00edsticos en distintos puntos del pa\u00eds.<\/p>\n<p>En el a\u00f1o 2014 comenc\u00e9 a estudiar decodificaci\u00f3n emocional, que gener\u00f3 una transformaci\u00f3n en mi vida y en la de toda la familia, sanandonos.<\/p><p><br><\/p>\n<p>Al finalizar contin\u00fae con el diplomado en neuro decodificaci\u00f3n de empresas, sumando a mi formaci\u00f3n cl\u00ednica conocimientos de comercializaci\u00f3n. En el a\u00f1o 2020, escrib\u00ed mi primer libro \u201cLa Revelaci\u00f3n del Rostro\u201d, un resumen del trabajo en gabinete que nos brinda muchas m\u00e1s posibilidades que las que podemos utilizar desde la cosmetolog\u00eda. En los \u00faltimos a\u00f1os llegaron al instituto muchos pacientes oncol\u00f3gicos y arm\u00e9 un protocolo para acompa\u00f1arlos en su sanaci\u00f3n, utilizando terapias complementarias reconocidas por la OMS y varias universidades prestigiosas de todo el mundo.<\/p><p><br><\/p>\n<p>Soy muy feliz y me siento agradecida de estar recorriendo esta vida, siempre eligiendo lo que amo y trabajando con pasi\u00f3n, responsabilidad, compromiso y alegr\u00eda.<\/p><p><br><\/p>\t\t\t\t\t\t\t\t<\/div>\n\t\t\t\t<\/div>\n\t\t\t\t\t<\/div>\n\t\t<\/div>\n\t\t\t\t\t<\/div>\n\t\t<\/section>\n\t\t\t\t<\/div>","protected":false},"excerpt":{"rendered":"<p>INICIO LIBRO 3ra EDICI\u00d3N CO-AUTORES Sandra Otero CO-AUTORA Master en PNL, Coaching Ontol\u00f3gico y Decodificadora Emocional. Instagram Mi nombre es Sandra Viviana Otero, en el a\u00f1o 1983 comenc\u00e9 mi carrera como docente en escuelas.&nbsp; En el a\u00f1o 1990, al nacer mi primer hijo, Mauricio, decid\u00ed renunciar a mi puesto para dedicarme por completo a la [&hellip;]<\/p>\n","protected":false},"author":1,"featured_media":0,"parent":0,"menu_order":0,"comment_status":"closed","ping_status":"closed","template":"elementor_header_footer","meta":{"footnotes":""},"class_list":["post-7087","page","type-page","status-publish","hentry"],"aioseo_notices":[],"_links":{"self":[{"href":"https:\/\/globalintegralbeauty.com\/en\/wp-json\/wp\/v2\/pages\/7087","targetHints":{"allow":["GET"]}}],"collection":[{"href":"https:\/\/globalintegralbeauty.com\/en\/wp-json\/wp\/v2\/pages"}],"about":[{"href":"https:\/\/globalintegralbeauty.com\/en\/wp-json\/wp\/v2\/types\/page"}],"author":[{"embeddable":true,"href":"https:\/\/globalintegralbeauty.com\/en\/wp-json\/wp\/v2\/users\/1"}],"replies":[{"embeddable":true,"href":"https:\/\/globalintegralbeauty.com\/en\/wp-json\/wp\/v2\/comments?post=7087"}],"version-history":[{"count":4,"href":"https:\/\/globalintegralbeauty.com\/en\/wp-json\/wp\/v2\/pages\/7087\/revisions"}],"predecessor-version":[{"id":7093,"href":"https:\/\/globalintegralbeauty.com\/en\/wp-json\/wp\/v2\/pages\/7087\/revisions\/7093"}],"wp:attachment":[{"href":"https:\/\/globalintegralbeauty.com\/en\/wp-json\/wp\/v2\/media?parent=7087"}],"curies":[{"name":"wp","href":"https:\/\/api.w.org\/{rel}","templated":true}]}}