{"id":7018,"date":"2025-01-10T13:38:34","date_gmt":"2025-01-10T18:38:34","guid":{"rendered":"https:\/\/globalintegralbeauty.com\/?page_id=7018"},"modified":"2025-04-23T09:13:00","modified_gmt":"2025-04-23T13:13:00","slug":"glenda-alicea","status":"publish","type":"page","link":"https:\/\/globalintegralbeauty.com\/en\/glenda-alicea\/","title":{"rendered":"Glenda Liz Alicea"},"content":{"rendered":"<div data-elementor-type=\"wp-page\" data-elementor-id=\"7018\" class=\"elementor elementor-7018\" data-elementor-post-type=\"page\">\n\t\t\t\t\t\t<section class=\"elementor-section elementor-top-section elementor-element elementor-element-4d19b4c elementor-section-stretched elementor-reverse-mobile elementor-section-boxed elementor-section-height-default elementor-section-height-default\" data-id=\"4d19b4c\" data-element_type=\"section\" data-settings=\"{&quot;stretch_section&quot;:&quot;section-stretched&quot;}\">\n\t\t\t\t\t\t<div class=\"elementor-container elementor-column-gap-default\">\n\t\t\t\t\t<div class=\"elementor-column elementor-col-50 elementor-top-column elementor-element elementor-element-64a01e6 elementor-invisible\" data-id=\"64a01e6\" data-element_type=\"column\" data-settings=\"{&quot;animation&quot;:&quot;fadeInLeft&quot;}\">\n\t\t\t<div class=\"elementor-widget-wrap elementor-element-populated\">\n\t\t\t\t\t\t<div class=\"elementor-element elementor-element-e76e159 elementor-icon-list--layout-inline elementor-align-start elementor-list-item-link-full_width elementor-widget elementor-widget-icon-list\" data-id=\"e76e159\" data-element_type=\"widget\" data-widget_type=\"icon-list.default\">\n\t\t\t\t<div class=\"elementor-widget-container\">\n\t\t\t\t\t\t\t<ul class=\"elementor-icon-list-items elementor-inline-items\">\n\t\t\t\t\t\t\t<li class=\"elementor-icon-list-item elementor-inline-item\">\n\t\t\t\t\t\t\t\t\t\t\t<a href=\"https:\/\/globalintegralbeauty.com\/en\/\">\n\n\t\t\t\t\t\t\t\t\t\t\t\t<span class=\"elementor-icon-list-icon\">\n\t\t\t\t\t\t\t<i aria-hidden=\"true\" class=\"fas fa-chevron-right\"><\/i>\t\t\t\t\t\t<\/span>\n\t\t\t\t\t\t\t\t\t\t<span class=\"elementor-icon-list-text\">HOME<\/span>\n\t\t\t\t\t\t\t\t\t\t\t<\/a>\n\t\t\t\t\t\t\t\t\t<\/li>\n\t\t\t\t\t\t\t\t<li class=\"elementor-icon-list-item elementor-inline-item\">\n\t\t\t\t\t\t\t\t\t\t\t<a href=\"https:\/\/globalintegralbeauty.com\/en\/libro-edicion-3\/\">\n\n\t\t\t\t\t\t\t\t\t\t\t\t<span class=\"elementor-icon-list-icon\">\n\t\t\t\t\t\t\t<i aria-hidden=\"true\" class=\"fas fa-chevron-right\"><\/i>\t\t\t\t\t\t<\/span>\n\t\t\t\t\t\t\t\t\t\t<span class=\"elementor-icon-list-text\">BOOK 3rd EDITION<\/span>\n\t\t\t\t\t\t\t\t\t\t\t<\/a>\n\t\t\t\t\t\t\t\t\t<\/li>\n\t\t\t\t\t\t\t\t<li class=\"elementor-icon-list-item elementor-inline-item\">\n\t\t\t\t\t\t\t\t\t\t\t<a href=\"https:\/\/globalintegralbeauty.com\/en\/2da-edicion\/#coautores\">\n\n\t\t\t\t\t\t\t\t\t\t\t\t<span class=\"elementor-icon-list-icon\">\n\t\t\t\t\t\t\t<i aria-hidden=\"true\" class=\"fas fa-chevron-right\"><\/i>\t\t\t\t\t\t<\/span>\n\t\t\t\t\t\t\t\t\t\t<span class=\"elementor-icon-list-text\">CO-AUTHORS<\/span>\n\t\t\t\t\t\t\t\t\t\t\t<\/a>\n\t\t\t\t\t\t\t\t\t<\/li>\n\t\t\t\t\t\t<\/ul>\n\t\t\t\t\t\t<\/div>\n\t\t\t\t<\/div>\n\t\t\t\t<div class=\"elementor-element elementor-element-2087634 elementor-widget elementor-widget-heading\" data-id=\"2087634\" data-element_type=\"widget\" data-widget_type=\"heading.default\">\n\t\t\t\t<div class=\"elementor-widget-container\">\n\t\t\t\t\t<h2 class=\"elementor-heading-title elementor-size-default\">Glenda Liz Alicea<\/h2>\t\t\t\t<\/div>\n\t\t\t\t<\/div>\n\t\t\t\t<div class=\"elementor-element elementor-element-df48f23 elementor-widget elementor-widget-text-editor\" data-id=\"df48f23\" data-element_type=\"widget\" data-widget_type=\"text-editor.default\">\n\t\t\t\t<div class=\"elementor-widget-container\">\n\t\t\t\t\t\t\t\t\t<p><em>CO-AUTHOR<\/em><\/p>\t\t\t\t\t\t\t\t<\/div>\n\t\t\t\t<\/div>\n\t\t\t\t<div class=\"elementor-element elementor-element-4d11976 elementor-widget elementor-widget-heading\" data-id=\"4d11976\" data-element_type=\"widget\" data-widget_type=\"heading.default\">\n\t\t\t\t<div class=\"elementor-widget-container\">\n\t\t\t\t\t<h2 class=\"elementor-heading-title elementor-size-default\">M.A. Esteticista licenciada, profesora de Est\u00e9tica, trabajadora social cl\u00ednica, profesional en liderazgo organizacional, conferencista en motivaci\u00f3n, liderazgo y emprendimiento.\nCEO Gold Goddess Skin Institute en Puerto Rico\ny Gold Goddess Skin en Florida.             \n<\/h2>\t\t\t\t<\/div>\n\t\t\t\t<\/div>\n\t\t\t\t<div class=\"elementor-element elementor-element-de771a9 elementor-shape-circle e-grid-align-left e-grid-align-mobile-center elementor-grid-0 elementor-widget elementor-widget-social-icons\" data-id=\"de771a9\" data-element_type=\"widget\" data-widget_type=\"social-icons.default\">\n\t\t\t\t<div class=\"elementor-widget-container\">\n\t\t\t\t\t\t\t<div class=\"elementor-social-icons-wrapper elementor-grid\" role=\"list\">\n\t\t\t\t\t\t\t<span class=\"elementor-grid-item\" role=\"listitem\">\n\t\t\t\t\t<a class=\"elementor-icon elementor-social-icon elementor-social-icon-facebook elementor-repeater-item-f5e1b56\" href=\"https:\/\/www.facebook.com\/profile.php?id=61560345817418\" target=\"_blank\">\n\t\t\t\t\t\t<span class=\"elementor-screen-only\">Facebook<\/span>\n\t\t\t\t\t\t<i aria-hidden=\"true\" class=\"fab fa-facebook\"><\/i>\t\t\t\t\t<\/a>\n\t\t\t\t<\/span>\n\t\t\t\t\t\t\t<span class=\"elementor-grid-item\" role=\"listitem\">\n\t\t\t\t\t<a class=\"elementor-icon elementor-social-icon elementor-social-icon-instagram elementor-repeater-item-6f6cf98\" href=\"https:\/\/www.instagram.com\/goldgoddess.skininstitute\" target=\"_blank\">\n\t\t\t\t\t\t<span class=\"elementor-screen-only\">Instagram<\/span>\n\t\t\t\t\t\t<i aria-hidden=\"true\" class=\"fab fa-instagram\"><\/i>\t\t\t\t\t<\/a>\n\t\t\t\t<\/span>\n\t\t\t\t\t<\/div>\n\t\t\t\t\t\t<\/div>\n\t\t\t\t<\/div>\n\t\t\t\t\t<\/div>\n\t\t<\/div>\n\t\t\t\t<div class=\"elementor-column elementor-col-50 elementor-top-column elementor-element elementor-element-bd1cb65 elementor-invisible\" data-id=\"bd1cb65\" data-element_type=\"column\" data-settings=\"{&quot;animation&quot;:&quot;fadeInRight&quot;}\">\n\t\t\t<div class=\"elementor-widget-wrap elementor-element-populated\">\n\t\t\t\t\t\t<div class=\"elementor-element elementor-element-06d858c elementor-widget elementor-widget-image\" data-id=\"06d858c\" data-element_type=\"widget\" data-widget_type=\"image.default\">\n\t\t\t\t<div class=\"elementor-widget-container\">\n\t\t\t\t\t\t\t\t\t\t\t\t\t\t\t<img fetchpriority=\"high\" decoding=\"async\" width=\"800\" height=\"932\" src=\"https:\/\/globalintegralbeauty.com\/wp-content\/uploads\/2025\/01\/gobal-integral-beauty-book-08-879x1024.jpg\" class=\"attachment-large size-large wp-image-7027\" alt=\"\" srcset=\"https:\/\/globalintegralbeauty.com\/wp-content\/uploads\/2025\/01\/gobal-integral-beauty-book-08-879x1024.jpg 879w, https:\/\/globalintegralbeauty.com\/wp-content\/uploads\/2025\/01\/gobal-integral-beauty-book-08-257x300.jpg 257w, https:\/\/globalintegralbeauty.com\/wp-content\/uploads\/2025\/01\/gobal-integral-beauty-book-08-768x895.jpg 768w, https:\/\/globalintegralbeauty.com\/wp-content\/uploads\/2025\/01\/gobal-integral-beauty-book-08-10x12.jpg 10w, https:\/\/globalintegralbeauty.com\/wp-content\/uploads\/2025\/01\/gobal-integral-beauty-book-08-600x699.jpg 600w, https:\/\/globalintegralbeauty.com\/wp-content\/uploads\/2025\/01\/gobal-integral-beauty-book-08.jpg 1144w\" sizes=\"(max-width: 800px) 100vw, 800px\" \/>\t\t\t\t\t\t\t\t\t\t\t\t\t\t\t<\/div>\n\t\t\t\t<\/div>\n\t\t\t\t\t<\/div>\n\t\t<\/div>\n\t\t\t\t\t<\/div>\n\t\t<\/section>\n\t\t\t\t<section class=\"elementor-section elementor-top-section elementor-element elementor-element-083cd4a elementor-section-boxed elementor-section-height-default elementor-section-height-default\" data-id=\"083cd4a\" data-element_type=\"section\">\n\t\t\t\t\t\t<div class=\"elementor-container elementor-column-gap-default\">\n\t\t\t\t\t<div class=\"elementor-column elementor-col-100 elementor-top-column elementor-element elementor-element-49d45cc\" data-id=\"49d45cc\" data-element_type=\"column\">\n\t\t\t<div class=\"elementor-widget-wrap elementor-element-populated\">\n\t\t\t\t\t\t<div class=\"elementor-element elementor-element-e68ca94 elementor-widget elementor-widget-text-editor\" data-id=\"e68ca94\" data-element_type=\"widget\" data-widget_type=\"text-editor.default\">\n\t\t\t\t<div class=\"elementor-widget-container\">\n\t\t\t\t\t\t\t\t\t<p>Mi nombre es Glenda Liz Alicea Rodr\u00edguez. Soy puertorrique\u00f1a, vivo actualmente en Puerto Rico. Sin embargo, tambi\u00e9n tengo residencia en Florida, Estados Unidos. Soy hija \u00fanica en una familia de clase media. Mi padre es militar retirado del ARMY. Por lo que para m\u00ed es importante honrar a los veteranos de nuestra naci\u00f3n. Mi madre es secretaria retirada del gobierno de Puerto Rico.<\/p><p><br><\/p><p>Soy una persona muy discreta, diplom\u00e1tica y activa en la defensa de los derechos humanos. Me distingo por ser muy humanitaria, motivadora y emp\u00e1tica con los dem\u00e1s. Constantemente busco actividades que me sumen y me reten a nivel profesional. Soy madre de una joven universitaria en cinematograf\u00eda, quien es apasionada del cine, la literatura, del estudio de las culturas y sus historias. Actualmente, es una parte muy importante de Gold Goddess Skin Institute, trabajando en la parte administrativa. Ella siempre ha sido mi motor de impulso para seguir adelante en mi crecimiento profesional.<\/p><p><br><\/p>\n<p>Mis estudios en est\u00e9tica incluyen full specialist licenciada en Florida, maestr\u00eda en trabajo social cl\u00ednico, maestr\u00eda en medicina est\u00e9tica y un doctorado en progreso en liderazgo organizacional en educaci\u00f3n. Poseo una trayectoria de m\u00e1s de 20 a\u00f1os en la est\u00e9tica, desde diversas facetas, como esteticista, asesora de negocios, administradora de spa, entrenadora para empresas de l\u00edneas cosm\u00e9ticas, formadora y distribuidora exclusiva de cosmeceuticos veganos de J\u2019E Estetic de Europa, docente en est\u00e9tica y CEO de Gold Goddess Skin Institute establecido en Puerto Rico y Florida.<\/p><p><br><\/p><p>He sido creadora y directora de proyectos sociales dirigidos al emprendimiento de la mujer con escasos recursos socioecon\u00f3micos en Puerto Rico.<\/p><p><br><\/p>\n<p>He estudiado varias carreras que suman a la experiencia profesional que tengo hoy d\u00eda. La constante disciplina de estudiar me mantiene actualizada en los temas de la profesi\u00f3n de est\u00e9tica.<\/p><p><br><\/p><p>Mi formaci\u00f3n como profesional en conducta humana me ayuda a comprender un poco m\u00e1s lo que emocionalmente les pueda estar afectando a los clientes en relaci\u00f3n a las afecciones de la piel que sufren. Actualmente, ante la presi\u00f3n de las redes sociales y los filtros en las aplicaciones se acrecienta m\u00e1s la necesidad de la perfecci\u00f3n en las personas.<\/p><p><br><\/p><p>Esto hace necesario comprender hasta qu\u00e9 punto nuestro paciente est\u00e1 afectado emocionalmente por las presiones sociales y cu\u00e1les son sus expectativas de tratamiento.<\/p>\t\t\t\t\t\t\t\t<\/div>\n\t\t\t\t<\/div>\n\t\t\t\t\t<\/div>\n\t\t<\/div>\n\t\t\t\t\t<\/div>\n\t\t<\/section>\n\t\t\t\t<\/div>","protected":false},"excerpt":{"rendered":"<p>INICIO LIBRO 3ra EDICI\u00d3N CO-AUTORES Glenda Liz Alicea CO-AUTORA M.A. Esteticista licenciada, profesora de Est\u00e9tica, trabajadora social cl\u00ednica, profesional en liderazgo organizacional, conferencista en motivaci\u00f3n, liderazgo y emprendimiento. CEO Gold Goddess Skin Institute en Puerto Rico y Gold Goddess Skin en Florida. Facebook Instagram Mi nombre es Glenda Liz Alicea Rodr\u00edguez. Soy puertorrique\u00f1a, vivo actualmente [&hellip;]<\/p>\n","protected":false},"author":1,"featured_media":0,"parent":0,"menu_order":0,"comment_status":"closed","ping_status":"closed","template":"elementor_header_footer","meta":{"footnotes":""},"class_list":["post-7018","page","type-page","status-publish","hentry"],"aioseo_notices":[],"_links":{"self":[{"href":"https:\/\/globalintegralbeauty.com\/en\/wp-json\/wp\/v2\/pages\/7018","targetHints":{"allow":["GET"]}}],"collection":[{"href":"https:\/\/globalintegralbeauty.com\/en\/wp-json\/wp\/v2\/pages"}],"about":[{"href":"https:\/\/globalintegralbeauty.com\/en\/wp-json\/wp\/v2\/types\/page"}],"author":[{"embeddable":true,"href":"https:\/\/globalintegralbeauty.com\/en\/wp-json\/wp\/v2\/users\/1"}],"replies":[{"embeddable":true,"href":"https:\/\/globalintegralbeauty.com\/en\/wp-json\/wp\/v2\/comments?post=7018"}],"version-history":[{"count":7,"href":"https:\/\/globalintegralbeauty.com\/en\/wp-json\/wp\/v2\/pages\/7018\/revisions"}],"predecessor-version":[{"id":9619,"href":"https:\/\/globalintegralbeauty.com\/en\/wp-json\/wp\/v2\/pages\/7018\/revisions\/9619"}],"wp:attachment":[{"href":"https:\/\/globalintegralbeauty.com\/en\/wp-json\/wp\/v2\/media?parent=7018"}],"curies":[{"name":"wp","href":"https:\/\/api.w.org\/{rel}","templated":true}]}}