{"id":4466,"date":"2024-01-16T14:38:51","date_gmt":"2024-01-16T19:38:51","guid":{"rendered":"https:\/\/globalintegralbeauty.com\/?page_id=4466"},"modified":"2025-09-30T10:28:11","modified_gmt":"2025-09-30T14:28:11","slug":"ariana-morales","status":"publish","type":"page","link":"https:\/\/globalintegralbeauty.com\/en\/ariana-morales\/","title":{"rendered":"Ariana Morales"},"content":{"rendered":"<div data-elementor-type=\"wp-page\" data-elementor-id=\"4466\" class=\"elementor elementor-4466\" data-elementor-post-type=\"page\">\n\t\t\t\t\t\t<section class=\"elementor-section elementor-top-section elementor-element elementor-element-66a744b elementor-section-stretched elementor-reverse-mobile elementor-section-boxed elementor-section-height-default elementor-section-height-default\" data-id=\"66a744b\" data-element_type=\"section\" data-settings=\"{&quot;stretch_section&quot;:&quot;section-stretched&quot;}\">\n\t\t\t\t\t\t<div class=\"elementor-container elementor-column-gap-default\">\n\t\t\t\t\t<div class=\"elementor-column elementor-col-50 elementor-top-column elementor-element elementor-element-e8bad5c elementor-invisible\" data-id=\"e8bad5c\" data-element_type=\"column\" data-settings=\"{&quot;animation&quot;:&quot;fadeInLeft&quot;}\">\n\t\t\t<div class=\"elementor-widget-wrap elementor-element-populated\">\n\t\t\t\t\t\t<div class=\"elementor-element elementor-element-43be1a8 elementor-icon-list--layout-inline elementor-align-start elementor-list-item-link-full_width elementor-widget elementor-widget-icon-list\" data-id=\"43be1a8\" data-element_type=\"widget\" data-widget_type=\"icon-list.default\">\n\t\t\t\t<div class=\"elementor-widget-container\">\n\t\t\t\t\t\t\t<ul class=\"elementor-icon-list-items elementor-inline-items\">\n\t\t\t\t\t\t\t<li class=\"elementor-icon-list-item elementor-inline-item\">\n\t\t\t\t\t\t\t\t\t\t\t<a href=\"https:\/\/globalintegralbeauty.com\/en\/\">\n\n\t\t\t\t\t\t\t\t\t\t\t\t<span class=\"elementor-icon-list-icon\">\n\t\t\t\t\t\t\t<i aria-hidden=\"true\" class=\"fas fa-chevron-right\"><\/i>\t\t\t\t\t\t<\/span>\n\t\t\t\t\t\t\t\t\t\t<span class=\"elementor-icon-list-text\">HOME<\/span>\n\t\t\t\t\t\t\t\t\t\t\t<\/a>\n\t\t\t\t\t\t\t\t\t<\/li>\n\t\t\t\t\t\t\t\t<li class=\"elementor-icon-list-item elementor-inline-item\">\n\t\t\t\t\t\t\t\t\t\t\t<a href=\"https:\/\/globalintegralbeauty.com\/en\/2da-edicion\/\">\n\n\t\t\t\t\t\t\t\t\t\t\t\t<span class=\"elementor-icon-list-icon\">\n\t\t\t\t\t\t\t<i aria-hidden=\"true\" class=\"fas fa-chevron-right\"><\/i>\t\t\t\t\t\t<\/span>\n\t\t\t\t\t\t\t\t\t\t<span class=\"elementor-icon-list-text\">BOOK 2nd EDITION<\/span>\n\t\t\t\t\t\t\t\t\t\t\t<\/a>\n\t\t\t\t\t\t\t\t\t<\/li>\n\t\t\t\t\t\t\t\t<li class=\"elementor-icon-list-item elementor-inline-item\">\n\t\t\t\t\t\t\t\t\t\t\t<a href=\"https:\/\/globalintegralbeauty.com\/en\/2da-edicion\/#coautores\">\n\n\t\t\t\t\t\t\t\t\t\t\t\t<span class=\"elementor-icon-list-icon\">\n\t\t\t\t\t\t\t<i aria-hidden=\"true\" class=\"fas fa-chevron-right\"><\/i>\t\t\t\t\t\t<\/span>\n\t\t\t\t\t\t\t\t\t\t<span class=\"elementor-icon-list-text\">CO-AUTHORS<\/span>\n\t\t\t\t\t\t\t\t\t\t\t<\/a>\n\t\t\t\t\t\t\t\t\t<\/li>\n\t\t\t\t\t\t<\/ul>\n\t\t\t\t\t\t<\/div>\n\t\t\t\t<\/div>\n\t\t\t\t<div class=\"elementor-element elementor-element-0960e50 elementor-widget elementor-widget-heading\" data-id=\"0960e50\" data-element_type=\"widget\" data-widget_type=\"heading.default\">\n\t\t\t\t<div class=\"elementor-widget-container\">\n\t\t\t\t\t<h2 class=\"elementor-heading-title elementor-size-default\">\ud83c\uddf2\ud83c\uddfdAriana Morales<\/h2>\t\t\t\t<\/div>\n\t\t\t\t<\/div>\n\t\t\t\t<div class=\"elementor-element elementor-element-421acb4 elementor-widget elementor-widget-text-editor\" data-id=\"421acb4\" data-element_type=\"widget\" data-widget_type=\"text-editor.default\">\n\t\t\t\t<div class=\"elementor-widget-container\">\n\t\t\t\t\t\t\t\t\t<p><em>CO-AUTHOR<\/em><\/p>\t\t\t\t\t\t\t\t<\/div>\n\t\t\t\t<\/div>\n\t\t\t\t<div class=\"elementor-element elementor-element-83b2d39 elementor-widget elementor-widget-heading\" data-id=\"83b2d39\" data-element_type=\"widget\" data-widget_type=\"heading.default\">\n\t\t\t\t<div class=\"elementor-widget-container\">\n\t\t\t\t\t<h2 class=\"elementor-heading-title elementor-size-default\">Especialista en Nutrici\u00f3n Gerontol\u00f3gica y envejecimiento. Educadora en Diabetes, Maestr\u00eda en Nutriolog\u00eda aplicada y Doctorado en Educaci\u00f3n.<\/h2>\t\t\t\t<\/div>\n\t\t\t\t<\/div>\n\t\t\t\t<div class=\"elementor-element elementor-element-39e59d0 elementor-shape-circle e-grid-align-left e-grid-align-mobile-center elementor-grid-0 elementor-widget elementor-widget-social-icons\" data-id=\"39e59d0\" data-element_type=\"widget\" data-widget_type=\"social-icons.default\">\n\t\t\t\t<div class=\"elementor-widget-container\">\n\t\t\t\t\t\t\t<div class=\"elementor-social-icons-wrapper elementor-grid\" role=\"list\">\n\t\t\t\t\t\t\t<span class=\"elementor-grid-item\" role=\"listitem\">\n\t\t\t\t\t<a class=\"elementor-icon elementor-social-icon elementor-social-icon-facebook elementor-repeater-item-96b4f00\" href=\"https:\/\/www.facebook.com\/nutrigeria\/\" target=\"_blank\">\n\t\t\t\t\t\t<span class=\"elementor-screen-only\">Facebook<\/span>\n\t\t\t\t\t\t<i aria-hidden=\"true\" class=\"fab fa-facebook\"><\/i>\t\t\t\t\t<\/a>\n\t\t\t\t<\/span>\n\t\t\t\t\t\t\t<span class=\"elementor-grid-item\" role=\"listitem\">\n\t\t\t\t\t<a class=\"elementor-icon elementor-social-icon elementor-social-icon-instagram elementor-repeater-item-f5e1b56\" href=\"https:\/\/www.instagram.com\/Nutrigeria\" target=\"_blank\">\n\t\t\t\t\t\t<span class=\"elementor-screen-only\">Instagram<\/span>\n\t\t\t\t\t\t<i aria-hidden=\"true\" class=\"fab fa-instagram\"><\/i>\t\t\t\t\t<\/a>\n\t\t\t\t<\/span>\n\t\t\t\t\t<\/div>\n\t\t\t\t\t\t<\/div>\n\t\t\t\t<\/div>\n\t\t\t\t\t<\/div>\n\t\t<\/div>\n\t\t\t\t<div class=\"elementor-column elementor-col-50 elementor-top-column elementor-element elementor-element-3d41b9f elementor-invisible\" data-id=\"3d41b9f\" data-element_type=\"column\" data-settings=\"{&quot;animation&quot;:&quot;fadeInRight&quot;}\">\n\t\t\t<div class=\"elementor-widget-wrap elementor-element-populated\">\n\t\t\t\t\t\t<div class=\"elementor-element elementor-element-a80d1c2 elementor-widget elementor-widget-image\" data-id=\"a80d1c2\" data-element_type=\"widget\" data-widget_type=\"image.default\">\n\t\t\t\t<div class=\"elementor-widget-container\">\n\t\t\t\t\t\t\t\t\t\t\t\t\t\t\t<img fetchpriority=\"high\" decoding=\"async\" width=\"800\" height=\"600\" src=\"https:\/\/globalintegralbeauty.com\/wp-content\/uploads\/2024\/01\/Ariana-Morales.jpg\" class=\"attachment-large size-large wp-image-4385\" alt=\"\" srcset=\"https:\/\/globalintegralbeauty.com\/wp-content\/uploads\/2024\/01\/Ariana-Morales.jpg 800w, https:\/\/globalintegralbeauty.com\/wp-content\/uploads\/2024\/01\/Ariana-Morales-300x225.jpg 300w, https:\/\/globalintegralbeauty.com\/wp-content\/uploads\/2024\/01\/Ariana-Morales-768x576.jpg 768w, https:\/\/globalintegralbeauty.com\/wp-content\/uploads\/2024\/01\/Ariana-Morales-16x12.jpg 16w, https:\/\/globalintegralbeauty.com\/wp-content\/uploads\/2024\/01\/Ariana-Morales-600x450.jpg 600w\" sizes=\"(max-width: 800px) 100vw, 800px\" \/>\t\t\t\t\t\t\t\t\t\t\t\t\t\t\t<\/div>\n\t\t\t\t<\/div>\n\t\t\t\t\t<\/div>\n\t\t<\/div>\n\t\t\t\t\t<\/div>\n\t\t<\/section>\n\t\t\t\t<section class=\"elementor-section elementor-top-section elementor-element elementor-element-f0d1e43 elementor-section-boxed elementor-section-height-default elementor-section-height-default\" data-id=\"f0d1e43\" data-element_type=\"section\">\n\t\t\t\t\t\t<div class=\"elementor-container elementor-column-gap-default\">\n\t\t\t\t\t<div class=\"elementor-column elementor-col-100 elementor-top-column elementor-element elementor-element-e9de994\" data-id=\"e9de994\" data-element_type=\"column\">\n\t\t\t<div class=\"elementor-widget-wrap elementor-element-populated\">\n\t\t\t\t\t\t<div class=\"elementor-element elementor-element-fdcff69 elementor-widget elementor-widget-text-editor\" data-id=\"fdcff69\" data-element_type=\"widget\" data-widget_type=\"text-editor.default\">\n\t\t\t\t<div class=\"elementor-widget-container\">\n\t\t\t\t\t\t\t\t\t<p>Mi nombre es Ariana Morales, mexicana apasionada desde la ni\u00f1ez por los temas de salud, raz\u00f3n por la cual decid\u00ed estudiar la Licenciatura en Nutrici\u00f3n Humana en la Universidad Estatal de Sonora en la ciudad de Hermosillo, capital de mi bello estado de Sonora en M\u00e9xico. Siendo de las alumnas m\u00e1s destacadas teniendo la oportunidad de un intercambio internacional a la Universidad Nacional del Litoral en Santa Fe, Argentina, d\u00f3nde curs\u00e9 el 7mo semestre de mi carrera, aprendiendo nuevas formas de ver la Nutrici\u00f3n. Posteriormente fui seleccionada para realizar un Verano de Investigaci\u00f3n en Ciudad de M\u00e9xico en el Instituto Nacional de Nutrici\u00f3n Salvador Zubir\u00e1n, d\u00f3nde posteriormente segu\u00ed con el a\u00f1o de servicio social en el \u00e1rea de Geriatr\u00eda.<br>Mientras realizaba mi servicio social trabajaba dando clases de nutrici\u00f3n a ni\u00f1os de primaria en un proyecto de la ciudad llamado \u201cSaludarte\u201d.<br><br><\/p><p>Al concluir mi servicio social apasionada por el ejercicio f\u00edsico estudi\u00e9 el Diplomado de \u201cNutrici\u00f3n y Actividad f\u00edsica en diferentes etapas de la vida\u201d por la UNAM. Posteriormente trabaj\u00e9 en la Fundaci\u00f3n \u201cSave the children\u201d para un proyecto de Nutrici\u00f3n en escuelas preescolares y despu\u00e9s en la industria farmac\u00e9utica. A la par que trabajaba los fines de semana y festivos en el Hospital Pedi\u00e1trico de Coyoac\u00e1n en la consulta externa y hospitalizaci\u00f3n. Despu\u00e9s decid\u00ed renunciar a mi trabajo de entre semana para seguir prepar\u00e1ndome para ser una mejor profesional de la salud.<\/p>\n<p>Debido a tantos casos en Diabetes en el mundo decid\u00ed estudiar el Diplomado de Educadores en Diabetes por la Federaci\u00f3n Mexicana de Diabetes, d\u00f3nde gan\u00e9 mi primera oportunidad en publicar en una revista propia de la federaci\u00f3n que es distribuida en todo el pa\u00eds.<br><br><\/p><p>Hasta que se abri\u00f3 en la Universidad Iberoamericana la Especialidad en Nutrici\u00f3n Gerontol\u00f3gica y decid\u00ed aplicar, siendo de la primera generaci\u00f3n de esta especialidad en todo M\u00e9xico. D\u00f3nde tiene sus inicios \u201cNutrigeria\u201d, proyecto inspirado en programar un envejecimiento saludable en la poblaci\u00f3n a trav\u00e9s de la alimentaci\u00f3n, el ejercicio y salud mental principalmente.<\/p>\n<p><br>Me segu\u00ed con la Maestr\u00eda en Nutriolog\u00eda aplicada dentro de la misma Universidad, realizando una estancia estudiantil en la Cl\u00ednica de San Carlos en Madrid, Espa\u00f1a. Despu\u00e9s continu\u00e9 con la Docencia ahora a nivel Licenciatura y posgrado de la Licenciatura en Nutrici\u00f3n y en un M\u00e1ster de Nutrici\u00f3n cl\u00ednica de primer contacto por la plataforma espa\u00f1ola 4Doctors. Encontr\u00e9 el amor por la docencia y decid\u00ed realizar el Doctorado en Educaci\u00f3n. A trav\u00e9s de estos a\u00f1os he tomado m\u00faltiples cursos de actualizaci\u00f3n en diversos temas como microbiota intestinal, envejecimiento metab\u00f3licamente activo, crononutrici\u00f3n entre otros adem\u00e1s de diversas certificaciones c\u00f3mo lo es en Dieta Cetog\u00e9nica y en Suplementaci\u00f3n.<\/p>\t\t\t\t\t\t\t\t<\/div>\n\t\t\t\t<\/div>\n\t\t\t\t\t<\/div>\n\t\t<\/div>\n\t\t\t\t\t<\/div>\n\t\t<\/section>\n\t\t\t\t<section class=\"elementor-section elementor-top-section elementor-element elementor-element-3e6dfe8 elementor-section-boxed elementor-section-height-default elementor-section-height-default\" data-id=\"3e6dfe8\" data-element_type=\"section\">\n\t\t\t\t\t\t<div class=\"elementor-container elementor-column-gap-default\">\n\t\t\t\t\t<div class=\"elementor-column elementor-col-100 elementor-top-column elementor-element elementor-element-163236f\" data-id=\"163236f\" data-element_type=\"column\">\n\t\t\t<div class=\"elementor-widget-wrap elementor-element-populated\">\n\t\t\t\t\t\t<div class=\"elementor-element elementor-element-314c543 elementor-widget elementor-widget-text-editor\" data-id=\"314c543\" data-element_type=\"widget\" data-widget_type=\"text-editor.default\">\n\t\t\t\t<div class=\"elementor-widget-container\">\n\t\t\t\t\t\t\t\t\t<p>Actualmente cuento con un canal de YouTube d\u00f3nde adem\u00e1s de dar consejos de nutrici\u00f3n y alimentaci\u00f3n saludable para un envejecimiento activo, visibilizo a las personas adultas mayores y realizo entrevistas que inspiran a no rendirnos y ver la edad como solo un n\u00famero.<\/p>\t\t\t\t\t\t\t\t<\/div>\n\t\t\t\t<\/div>\n\t\t\t\t\t<\/div>\n\t\t<\/div>\n\t\t\t\t\t<\/div>\n\t\t<\/section>\n\t\t\t\t<\/div>","protected":false},"excerpt":{"rendered":"<p>INICIO LIBRO 2da EDICI\u00d3N CO-AUTORES \ud83c\uddf2\ud83c\uddfdAriana Morales CO-AUTORA Especialista en Nutrici\u00f3n Gerontol\u00f3gica y envejecimiento. Educadora en Diabetes, Maestr\u00eda en Nutriolog\u00eda aplicada y Doctorado en Educaci\u00f3n. Facebook Instagram Mi nombre es Ariana Morales, mexicana apasionada desde la ni\u00f1ez por los temas de salud, raz\u00f3n por la cual decid\u00ed estudiar la Licenciatura en Nutrici\u00f3n Humana en la [&hellip;]<\/p>\n","protected":false},"author":1,"featured_media":0,"parent":0,"menu_order":0,"comment_status":"closed","ping_status":"closed","template":"elementor_header_footer","meta":{"footnotes":""},"class_list":["post-4466","page","type-page","status-publish","hentry"],"aioseo_notices":[],"_links":{"self":[{"href":"https:\/\/globalintegralbeauty.com\/en\/wp-json\/wp\/v2\/pages\/4466","targetHints":{"allow":["GET"]}}],"collection":[{"href":"https:\/\/globalintegralbeauty.com\/en\/wp-json\/wp\/v2\/pages"}],"about":[{"href":"https:\/\/globalintegralbeauty.com\/en\/wp-json\/wp\/v2\/types\/page"}],"author":[{"embeddable":true,"href":"https:\/\/globalintegralbeauty.com\/en\/wp-json\/wp\/v2\/users\/1"}],"replies":[{"embeddable":true,"href":"https:\/\/globalintegralbeauty.com\/en\/wp-json\/wp\/v2\/comments?post=4466"}],"version-history":[{"count":13,"href":"https:\/\/globalintegralbeauty.com\/en\/wp-json\/wp\/v2\/pages\/4466\/revisions"}],"predecessor-version":[{"id":11551,"href":"https:\/\/globalintegralbeauty.com\/en\/wp-json\/wp\/v2\/pages\/4466\/revisions\/11551"}],"wp:attachment":[{"href":"https:\/\/globalintegralbeauty.com\/en\/wp-json\/wp\/v2\/media?parent=4466"}],"curies":[{"name":"wp","href":"https:\/\/api.w.org\/{rel}","templated":true}]}}