{"id":4382,"date":"2024-01-10T09:16:28","date_gmt":"2024-01-10T14:16:28","guid":{"rendered":"https:\/\/globalintegralbeauty.com\/?page_id=4382"},"modified":"2024-01-25T10:02:22","modified_gmt":"2024-01-25T15:02:22","slug":"hardik-doshi","status":"publish","type":"page","link":"https:\/\/globalintegralbeauty.com\/en\/hardik-doshi\/","title":{"rendered":"Hardik Doshi"},"content":{"rendered":"<div data-elementor-type=\"wp-page\" data-elementor-id=\"4382\" class=\"elementor elementor-4382\" data-elementor-post-type=\"page\">\n\t\t\t\t\t\t<section class=\"elementor-section elementor-top-section elementor-element elementor-element-66a744b elementor-section-stretched elementor-reverse-mobile elementor-section-boxed elementor-section-height-default elementor-section-height-default\" data-id=\"66a744b\" data-element_type=\"section\" data-settings=\"{&quot;stretch_section&quot;:&quot;section-stretched&quot;}\">\n\t\t\t\t\t\t<div class=\"elementor-container elementor-column-gap-default\">\n\t\t\t\t\t<div class=\"elementor-column elementor-col-50 elementor-top-column elementor-element elementor-element-e8bad5c elementor-invisible\" data-id=\"e8bad5c\" data-element_type=\"column\" data-settings=\"{&quot;animation&quot;:&quot;fadeInLeft&quot;}\">\n\t\t\t<div class=\"elementor-widget-wrap elementor-element-populated\">\n\t\t\t\t\t\t<div class=\"elementor-element elementor-element-43be1a8 elementor-icon-list--layout-inline elementor-align-start elementor-list-item-link-full_width elementor-widget elementor-widget-icon-list\" data-id=\"43be1a8\" data-element_type=\"widget\" data-widget_type=\"icon-list.default\">\n\t\t\t\t<div class=\"elementor-widget-container\">\n\t\t\t\t\t\t\t<ul class=\"elementor-icon-list-items elementor-inline-items\">\n\t\t\t\t\t\t\t<li class=\"elementor-icon-list-item elementor-inline-item\">\n\t\t\t\t\t\t\t\t\t\t\t<a href=\"https:\/\/globalintegralbeauty.com\/en\/\">\n\n\t\t\t\t\t\t\t\t\t\t\t\t<span class=\"elementor-icon-list-icon\">\n\t\t\t\t\t\t\t<i aria-hidden=\"true\" class=\"fas fa-chevron-right\"><\/i>\t\t\t\t\t\t<\/span>\n\t\t\t\t\t\t\t\t\t\t<span class=\"elementor-icon-list-text\">HOME<\/span>\n\t\t\t\t\t\t\t\t\t\t\t<\/a>\n\t\t\t\t\t\t\t\t\t<\/li>\n\t\t\t\t\t\t\t\t<li class=\"elementor-icon-list-item elementor-inline-item\">\n\t\t\t\t\t\t\t\t\t\t\t<a href=\"https:\/\/globalintegralbeauty.com\/en\/2da-edicion\/\">\n\n\t\t\t\t\t\t\t\t\t\t\t\t<span class=\"elementor-icon-list-icon\">\n\t\t\t\t\t\t\t<i aria-hidden=\"true\" class=\"fas fa-chevron-right\"><\/i>\t\t\t\t\t\t<\/span>\n\t\t\t\t\t\t\t\t\t\t<span class=\"elementor-icon-list-text\">BOOK 2nd EDITION<\/span>\n\t\t\t\t\t\t\t\t\t\t\t<\/a>\n\t\t\t\t\t\t\t\t\t<\/li>\n\t\t\t\t\t\t\t\t<li class=\"elementor-icon-list-item elementor-inline-item\">\n\t\t\t\t\t\t\t\t\t\t\t<a href=\"https:\/\/globalintegralbeauty.com\/en\/2da-edicion\/#coautores\">\n\n\t\t\t\t\t\t\t\t\t\t\t\t<span class=\"elementor-icon-list-icon\">\n\t\t\t\t\t\t\t<i aria-hidden=\"true\" class=\"fas fa-chevron-right\"><\/i>\t\t\t\t\t\t<\/span>\n\t\t\t\t\t\t\t\t\t\t<span class=\"elementor-icon-list-text\">CO-AUTHORS<\/span>\n\t\t\t\t\t\t\t\t\t\t\t<\/a>\n\t\t\t\t\t\t\t\t\t<\/li>\n\t\t\t\t\t\t<\/ul>\n\t\t\t\t\t\t<\/div>\n\t\t\t\t<\/div>\n\t\t\t\t<div class=\"elementor-element elementor-element-0960e50 elementor-widget elementor-widget-heading\" data-id=\"0960e50\" data-element_type=\"widget\" data-widget_type=\"heading.default\">\n\t\t\t\t<div class=\"elementor-widget-container\">\n\t\t\t\t\t<h2 class=\"elementor-heading-title elementor-size-default\">\ud83c\uddfa\ud83c\uddf8DR. HARDIK DOSHI<\/h2>\t\t\t\t<\/div>\n\t\t\t\t<\/div>\n\t\t\t\t<div class=\"elementor-element elementor-element-421acb4 elementor-widget elementor-widget-text-editor\" data-id=\"421acb4\" data-element_type=\"widget\" data-widget_type=\"text-editor.default\">\n\t\t\t\t<div class=\"elementor-widget-container\">\n\t\t\t\t\t\t\t\t\t<p><em>CO-AUTHOR<\/em><\/p>\t\t\t\t\t\t\t\t<\/div>\n\t\t\t\t<\/div>\n\t\t\t\t<div class=\"elementor-element elementor-element-83b2d39 elementor-widget elementor-widget-heading\" data-id=\"83b2d39\" data-element_type=\"widget\" data-widget_type=\"heading.default\">\n\t\t\t\t<div class=\"elementor-widget-container\">\n\t\t\t\t\t<h2 class=\"elementor-heading-title elementor-size-default\">Double Board-Certified Facial Plastic Surgeon. Long Island\u2019s Premier Facial Plastics Surgery. Specialized in Facelift and Rhinoplasty surgery.<\/h2>\t\t\t\t<\/div>\n\t\t\t\t<\/div>\n\t\t\t\t<div class=\"elementor-element elementor-element-39e59d0 elementor-shape-circle e-grid-align-left e-grid-align-mobile-center elementor-grid-0 elementor-widget elementor-widget-social-icons\" data-id=\"39e59d0\" data-element_type=\"widget\" data-widget_type=\"social-icons.default\">\n\t\t\t\t<div class=\"elementor-widget-container\">\n\t\t\t\t\t\t\t<div class=\"elementor-social-icons-wrapper elementor-grid\" role=\"list\">\n\t\t\t\t\t\t\t<span class=\"elementor-grid-item\" role=\"listitem\">\n\t\t\t\t\t<a class=\"elementor-icon elementor-social-icon elementor-social-icon-facebook elementor-repeater-item-96b4f00\" href=\"https:\/\/www.facebook.com\/DrHDoshi\" target=\"_blank\">\n\t\t\t\t\t\t<span class=\"elementor-screen-only\">Facebook<\/span>\n\t\t\t\t\t\t<i aria-hidden=\"true\" class=\"fab fa-facebook\"><\/i>\t\t\t\t\t<\/a>\n\t\t\t\t<\/span>\n\t\t\t\t\t\t\t<span class=\"elementor-grid-item\" role=\"listitem\">\n\t\t\t\t\t<a class=\"elementor-icon elementor-social-icon elementor-social-icon-instagram elementor-repeater-item-f5e1b56\" href=\"https:\/\/www.instagram.com\/DrHDoshi\" target=\"_blank\">\n\t\t\t\t\t\t<span class=\"elementor-screen-only\">Instagram<\/span>\n\t\t\t\t\t\t<i aria-hidden=\"true\" class=\"fab fa-instagram\"><\/i>\t\t\t\t\t<\/a>\n\t\t\t\t<\/span>\n\t\t\t\t\t\t\t<span class=\"elementor-grid-item\" role=\"listitem\">\n\t\t\t\t\t<a class=\"elementor-icon elementor-social-icon elementor-social-icon-youtube elementor-repeater-item-d358b74\" href=\"https:\/\/www.youtube.com\/channel\/UCWqgsVsHcNx33ScvzT_BK9A\" target=\"_blank\">\n\t\t\t\t\t\t<span class=\"elementor-screen-only\">Youtube<\/span>\n\t\t\t\t\t\t<i aria-hidden=\"true\" class=\"fab fa-youtube\"><\/i>\t\t\t\t\t<\/a>\n\t\t\t\t<\/span>\n\t\t\t\t\t\t\t<span class=\"elementor-grid-item\" role=\"listitem\">\n\t\t\t\t\t<a class=\"elementor-icon elementor-social-icon elementor-social-icon-globe elementor-repeater-item-3545be1\" href=\"https:\/\/www.doshiplasticsurgery.com\/\" target=\"_blank\">\n\t\t\t\t\t\t<span class=\"elementor-screen-only\">Globe<\/span>\n\t\t\t\t\t\t<i aria-hidden=\"true\" class=\"fas fa-globe\"><\/i>\t\t\t\t\t<\/a>\n\t\t\t\t<\/span>\n\t\t\t\t\t\t\t<span class=\"elementor-grid-item\" role=\"listitem\">\n\t\t\t\t\t<a class=\"elementor-icon elementor-social-icon elementor-social-icon-phone-square-alt elementor-repeater-item-27bc442\" href=\"tel:%20+15166671320\" target=\"_blank\">\n\t\t\t\t\t\t<span class=\"elementor-screen-only\">Phone-square-alt<\/span>\n\t\t\t\t\t\t<i aria-hidden=\"true\" class=\"fas fa-phone-square-alt\"><\/i>\t\t\t\t\t<\/a>\n\t\t\t\t<\/span>\n\t\t\t\t\t<\/div>\n\t\t\t\t\t\t<\/div>\n\t\t\t\t<\/div>\n\t\t\t\t\t<\/div>\n\t\t<\/div>\n\t\t\t\t<div class=\"elementor-column elementor-col-50 elementor-top-column elementor-element elementor-element-3d41b9f elementor-invisible\" data-id=\"3d41b9f\" data-element_type=\"column\" data-settings=\"{&quot;animation&quot;:&quot;fadeInRight&quot;}\">\n\t\t\t<div class=\"elementor-widget-wrap elementor-element-populated\">\n\t\t\t\t\t\t<div class=\"elementor-element elementor-element-a80d1c2 elementor-widget elementor-widget-image\" data-id=\"a80d1c2\" data-element_type=\"widget\" data-widget_type=\"image.default\">\n\t\t\t\t<div class=\"elementor-widget-container\">\n\t\t\t\t\t\t\t\t\t\t\t\t\t\t\t<img fetchpriority=\"high\" decoding=\"async\" width=\"800\" height=\"600\" src=\"https:\/\/globalintegralbeauty.com\/wp-content\/uploads\/2024\/01\/Dr-hardik-Doshi.jpg\" class=\"attachment-large size-large wp-image-4389\" alt=\"\" srcset=\"https:\/\/globalintegralbeauty.com\/wp-content\/uploads\/2024\/01\/Dr-hardik-Doshi.jpg 800w, https:\/\/globalintegralbeauty.com\/wp-content\/uploads\/2024\/01\/Dr-hardik-Doshi-300x225.jpg 300w, https:\/\/globalintegralbeauty.com\/wp-content\/uploads\/2024\/01\/Dr-hardik-Doshi-768x576.jpg 768w, https:\/\/globalintegralbeauty.com\/wp-content\/uploads\/2024\/01\/Dr-hardik-Doshi-16x12.jpg 16w, https:\/\/globalintegralbeauty.com\/wp-content\/uploads\/2024\/01\/Dr-hardik-Doshi-600x450.jpg 600w\" sizes=\"(max-width: 800px) 100vw, 800px\" \/>\t\t\t\t\t\t\t\t\t\t\t\t\t\t\t<\/div>\n\t\t\t\t<\/div>\n\t\t\t\t\t<\/div>\n\t\t<\/div>\n\t\t\t\t\t<\/div>\n\t\t<\/section>\n\t\t\t\t<section class=\"elementor-section elementor-top-section elementor-element elementor-element-f0d1e43 elementor-section-boxed elementor-section-height-default elementor-section-height-default\" data-id=\"f0d1e43\" data-element_type=\"section\">\n\t\t\t\t\t\t<div class=\"elementor-container elementor-column-gap-default\">\n\t\t\t\t\t<div class=\"elementor-column elementor-col-100 elementor-top-column elementor-element elementor-element-e9de994\" data-id=\"e9de994\" data-element_type=\"column\">\n\t\t\t<div class=\"elementor-widget-wrap elementor-element-populated\">\n\t\t\t\t\t\t<div class=\"elementor-element elementor-element-fdcff69 elementor-widget elementor-widget-text-editor\" data-id=\"fdcff69\" data-element_type=\"widget\" data-widget_type=\"text-editor.default\">\n\t\t\t\t<div class=\"elementor-widget-container\">\n\t\t\t\t\t\t\t\t\t<p>Stepping into the field of facial plastic surgery has been a fascinating experience that has shaped both my career path and personal growth. Born with an innate passion for aesthetics and a desire to enrich the beauty that exists within each human, I embarked on this rewarding career that combines artistry, science, and compassion.<\/p><p>\u00a0<\/p><p><b>My journey began with an interest in human anatomy and a desire to learn more about the transforming power of surgical treatments.<\/b><\/p><p>\u00a0<\/p><p>This piqued my interest, and I pursued rigorous medical education, where I improved my talents and expertise. From medical school to residency, I saw the power of plastic surgery not just to modify features but also to restore confidence and self-assurance.<\/p><p>\u00a0<\/p><p>As I learned more about the complexities of facial plastic surgery, I realized that one of the most rewarding aspects of my job was interacting on a deep level with my patients.<\/p><p>\u00a0<\/p><p>Understanding their aspirations and concerns became an essential element of my practice, allowing me to create tailored treatment regimens that corresponded with their specific goals.<\/p><p>\u00a0<\/p><p>This approach, however, was not without its difficulties. Balancing my patients' high expectations with the realities of what surgery may achieve required not only technical skills but also excellent communication and empathy.<\/p><p>\u00a0<\/p><p>My profession's dynamic nature constantly drives me to grow and stay on the cutting edge of advancements. Because of the quick rate of technology advancements, I must constantly update my skills to ensure that my patients receive the most cutting-edge procedures accessible.<\/p>\t\t\t\t\t\t\t\t<\/div>\n\t\t\t\t<\/div>\n\t\t\t\t\t<\/div>\n\t\t<\/div>\n\t\t\t\t\t<\/div>\n\t\t<\/section>\n\t\t\t\t<section class=\"elementor-section elementor-top-section elementor-element elementor-element-3e6dfe8 elementor-section-boxed elementor-section-height-default elementor-section-height-default\" data-id=\"3e6dfe8\" data-element_type=\"section\">\n\t\t\t\t\t\t<div class=\"elementor-container elementor-column-gap-default\">\n\t\t\t\t\t<div class=\"elementor-column elementor-col-100 elementor-top-column elementor-element elementor-element-163236f\" data-id=\"163236f\" data-element_type=\"column\">\n\t\t\t<div class=\"elementor-widget-wrap elementor-element-populated\">\n\t\t\t\t\t\t<div class=\"elementor-element elementor-element-314c543 elementor-widget elementor-widget-text-editor\" data-id=\"314c543\" data-element_type=\"widget\" data-widget_type=\"text-editor.default\">\n\t\t\t\t<div class=\"elementor-widget-container\">\n\t\t\t\t\t\t\t\t\t<p>This dedication to keeping knowledgeable and proficient in my field not only improves patient outcomes but also motivates my personal drive for advancement.<\/p>\t\t\t\t\t\t\t\t<\/div>\n\t\t\t\t<\/div>\n\t\t\t\t\t<\/div>\n\t\t<\/div>\n\t\t\t\t\t<\/div>\n\t\t<\/section>\n\t\t\t\t<\/div>","protected":false},"excerpt":{"rendered":"<p>INICIO LIBRO 2da EDICI\u00d3N CO-AUTORES \ud83c\uddfa\ud83c\uddf8DR. HARDIK DOSHI CO-AUTOR Cirujano pl\u00e1stico facial con doble certificaci\u00f3n. El Principal Cirujano Pl\u00e1stico Facial de Long Island. Especializado en Cirug\u00eda de Lifting Facial y Rinoplastia. Facebook Instagram Youtube Globe Phone-square-alt Entrar en el campo de la cirug\u00eda pl\u00e1stica facial ha sido una experiencia fascinante que ha moldeado tanto mi [&hellip;]<\/p>\n","protected":false},"author":1,"featured_media":0,"parent":0,"menu_order":0,"comment_status":"closed","ping_status":"closed","template":"elementor_header_footer","meta":{"footnotes":""},"class_list":["post-4382","page","type-page","status-publish","hentry"],"aioseo_notices":[],"_links":{"self":[{"href":"https:\/\/globalintegralbeauty.com\/en\/wp-json\/wp\/v2\/pages\/4382","targetHints":{"allow":["GET"]}}],"collection":[{"href":"https:\/\/globalintegralbeauty.com\/en\/wp-json\/wp\/v2\/pages"}],"about":[{"href":"https:\/\/globalintegralbeauty.com\/en\/wp-json\/wp\/v2\/types\/page"}],"author":[{"embeddable":true,"href":"https:\/\/globalintegralbeauty.com\/en\/wp-json\/wp\/v2\/users\/1"}],"replies":[{"embeddable":true,"href":"https:\/\/globalintegralbeauty.com\/en\/wp-json\/wp\/v2\/comments?post=4382"}],"version-history":[{"count":13,"href":"https:\/\/globalintegralbeauty.com\/en\/wp-json\/wp\/v2\/pages\/4382\/revisions"}],"predecessor-version":[{"id":4716,"href":"https:\/\/globalintegralbeauty.com\/en\/wp-json\/wp\/v2\/pages\/4382\/revisions\/4716"}],"wp:attachment":[{"href":"https:\/\/globalintegralbeauty.com\/en\/wp-json\/wp\/v2\/media?parent=4382"}],"curies":[{"name":"wp","href":"https:\/\/api.w.org\/{rel}","templated":true}]}}