{"id":2597,"date":"2023-04-22T10:58:42","date_gmt":"2023-04-22T14:58:42","guid":{"rendered":"https:\/\/globalintegralbeauty.com\/?page_id=2597"},"modified":"2023-04-22T11:43:31","modified_gmt":"2023-04-22T15:43:31","slug":"landing-networking","status":"publish","type":"page","link":"https:\/\/globalintegralbeauty.com\/en\/landing-networking\/","title":{"rendered":"Landing Networking"},"content":{"rendered":"<div data-elementor-type=\"wp-page\" data-elementor-id=\"2597\" class=\"elementor elementor-2597\" data-elementor-post-type=\"page\">\n\t\t\t\t\t\t<section class=\"elementor-section elementor-top-section elementor-element elementor-element-cc0987d elementor-section-boxed elementor-section-height-default elementor-section-height-default\" data-id=\"cc0987d\" data-element_type=\"section\" data-settings=\"{&quot;background_background&quot;:&quot;video&quot;,&quot;background_video_link&quot;:&quot;http:\\\/\\\/globalintegralbeauty.com\\\/wp-content\\\/uploads\\\/2022\\\/09\\\/FONDO-VIDEO-IBS.mp4&quot;,&quot;background_play_on_mobile&quot;:&quot;yes&quot;}\">\n\t\t\t\t\t\t\t\t<div class=\"elementor-background-video-container\" aria-hidden=\"true\">\n\t\t\t\t\t\t\t\t\t\t\t\t\t<video class=\"elementor-background-video-hosted\" autoplay muted playsinline loop><\/video>\n\t\t\t\t\t\t\t\t\t\t\t<\/div>\n\t\t\t\t\t\t\t\t\t<div class=\"elementor-background-overlay\"><\/div>\n\t\t\t\t\t\t\t<div class=\"elementor-container elementor-column-gap-default\">\n\t\t\t\t\t<div class=\"elementor-column elementor-col-100 elementor-top-column elementor-element elementor-element-c7abf56\" data-id=\"c7abf56\" data-element_type=\"column\">\n\t\t\t<div class=\"elementor-widget-wrap elementor-element-populated\">\n\t\t\t\t\t\t<div class=\"elementor-element elementor-element-f07f45f elementor-widget elementor-widget-heading\" data-id=\"f07f45f\" data-element_type=\"widget\" data-widget_type=\"heading.default\">\n\t\t\t\t<div class=\"elementor-widget-container\">\n\t\t\t\t\t<h2 class=\"elementor-heading-title elementor-size-default\">MEMBRES\u00cdAS GLOBAL INTEGRAL NETWORKING<\/h2>\t\t\t\t<\/div>\n\t\t\t\t<\/div>\n\t\t\t\t<div class=\"elementor-element elementor-element-7be6d09 elementor-widget elementor-widget-text-editor\" data-id=\"7be6d09\" data-element_type=\"widget\" data-widget_type=\"text-editor.default\">\n\t\t\t\t<div class=\"elementor-widget-container\">\n\t\t\t\t\t\t\t\t\t<p>Enjoy the Benefits<\/p>\t\t\t\t\t\t\t\t<\/div>\n\t\t\t\t<\/div>\n\t\t\t\t\t<\/div>\n\t\t<\/div>\n\t\t\t\t\t<\/div>\n\t\t<\/section>\n\t\t\t\t<section class=\"elementor-section elementor-top-section elementor-element elementor-element-4275a14 elementor-section-boxed elementor-section-height-default elementor-section-height-default\" data-id=\"4275a14\" data-element_type=\"section\" data-settings=\"{&quot;background_background&quot;:&quot;classic&quot;}\">\n\t\t\t\t\t\t<div class=\"elementor-container elementor-column-gap-default\">\n\t\t\t\t\t<div class=\"elementor-column elementor-col-25 elementor-top-column elementor-element elementor-element-bfea736\" data-id=\"bfea736\" data-element_type=\"column\">\n\t\t\t<div class=\"elementor-widget-wrap\">\n\t\t\t\t\t\t\t<\/div>\n\t\t<\/div>\n\t\t\t\t<div class=\"elementor-column elementor-col-25 elementor-top-column elementor-element elementor-element-9bbdaec\" data-id=\"9bbdaec\" data-element_type=\"column\">\n\t\t\t<div class=\"elementor-widget-wrap elementor-element-populated\">\n\t\t\t\t\t\t<div class=\"elementor-element elementor-element-760f60a uael-price-features-strips elementor-widget elementor-widget-uael-price-table\" data-id=\"760f60a\" data-element_type=\"widget\" data-widget_type=\"uael-price-table.default\">\n\t\t\t\t<div class=\"elementor-widget-container\">\n\t\t\t\t\t\t<div class=\"uael-module-content uael-price-table-container uael-pricing-style-3\">\n\t\t<div class=\"uael-price-table\">\n\t\t\t\t\t\t\t<div class=\"uael-price-table-header\">\n\t\t\t\t\t<div class=\"uael-pricing-heading-wrap\">\n\t\t\t\t\t\t\t\t\t\t\t\t\t\t\t\t<div class=\"uael-price-heading-text\">\n\t\t\t\t\t<h3 class=\"uael-price-table-heading elementor-inline-editing\" data-elementor-setting-key=\"heading\" data-elementor-inline-editing-toolbar=\"basic\">PAQUETE 3 MESES\t\t\t\t\t<\/h3>\n\t\t\t\t<\/div>\n\t\t\t\t\t\t\t\t\t\t\t\t\t\t\t<\/div>\n\t\t\t\t<\/div>\n\t\t\t\t\t\t\t\t\n\t\t\t\t\t<div class=\"uael-price-table-price-wrap\">\n\t\t\t<div class=\"uael-price-table-pricing\">\n\t\t\t\t<div class=\"uael-pricing-container\" data-strike-tooltip=\"\" data-strike-tooltip-position=\"\" data-strike-tooltip-hide=\"\">\n\t\t\t\t\t\t\t\t\t\t\t\t\t\t\t<div class=\"uael-pricing-value\">\n\t\t\t\t\t\t\n\t\t\t\t\t\t\t\t\t\t\t\t\t<span class=\"uael-price-table-currency\">&#036;<\/span> \t\t\t\t\t\t\n\t\t\t\t\t\t\t\t\t\t\t\t\t\t\t\t\t\t\t\t<span class=\"uael-price-table-integer-part\">10<\/span>\n\t\t\t\t\t\t\n\t\t\t\t\t\t\t\t\t\t\t<\/div>\n\t\t\t\t\t\t\t\t\t<\/div>\n\t\t\t<\/div>\n\t\t<\/div>\n\t\t\t\t\t\n\t\t\t<ul class=\"uael-price-table-features-list\" data-side=\"\" data-hotspottrigger=\"\" data-arrow=\"\" data-distance=\"6\" data-delay=\"300\" data-animation=\"\" data-animduration=\"350\" data-zindex=\"99\" data-length=\"7\" data-tooltip-maxwidth=\"250\" data-tooltip-minwidth=\"0\" data-tooltip-responsive=\"\" data-enable-tooltip=\"no\" >\n\t\t\t\t\t\t\t\t\t\t\t\t\t\t<li class=\"elementor-repeater-item-02b62bd odd odd-tc\">\n\t\t\t\t\t\t<div class=\"uael-price-table-feature-content\"data-tooltip-content=\"#uael-tooltip-content-760f60a-02b62bd\">\n\t\t\t\t\t\t\t<i aria-hidden=\"true\" class=\"fa fa-arrow-circle-right\"><\/i>\n\t\t\t\t\t\t\t\t\t\t\t\t\t\t\t\t\t\t\t\t\t\t\t\t\t\t\t\t\t<span >Training Participation<\/span>\n\t\t\t\t\t\t\t\t\t\t\t\t\t\t<\/div>\n\t\t\t\t\t<\/li>\n\t\t\t\t\t\t\t\t\t\t\t\t\t\t\t\t\t\t\t<li class=\"elementor-repeater-item-3e3434c even even-tc\">\n\t\t\t\t\t\t<div class=\"uael-price-table-feature-content uael-price-table-content-760f60a\"data-tooltip-content=\"#uael-tooltip-content-760f60a-3e3434c\">\n\t\t\t\t\t\t\t<i aria-hidden=\"true\" class=\"fa fa-arrow-circle-right\"><\/i>\n\t\t\t\t\t\t\t\t\t\t\t\t\t\t\t\t\t\t\t\t\t\t\t\t\t\t\t\t\t<span >Networking Participation<\/span>\n\t\t\t\t\t\t\t\t\t\t\t\t\t\t<\/div>\n\t\t\t\t\t<\/li>\n\t\t\t\t\t\t\t\t\t\t\t\t\t\t\t\t\t\t\t<li class=\"elementor-repeater-item-5efc861 odd odd-tc\">\n\t\t\t\t\t\t<div class=\"uael-price-table-feature-content uael-price-table-content-760f60a\"data-tooltip-content=\"#uael-tooltip-content-760f60a-5efc861\">\n\t\t\t\t\t\t\t<i aria-hidden=\"true\" class=\"fa fa-arrow-circle-right\"><\/i>\n\t\t\t\t\t\t\t\t\t\t\t\t\t\t\t\t\t\t\t\t\t\t\t\t\t\t\t\t\t<span >Participation Raffles, Annual Membership, Cash, Courses, Advisories, books, etc.<\/span>\n\t\t\t\t\t\t\t\t\t\t\t\t\t\t<\/div>\n\t\t\t\t\t<\/li>\n\t\t\t\t\t\t\t\t\t\t\t\t\t\t\t\t\t\t\t<li class=\"elementor-repeater-item-be2d250 even even-tc\">\n\t\t\t\t\t\t<div class=\"uael-price-table-feature-content uael-price-table-content-760f60a\"data-tooltip-content=\"#uael-tooltip-content-760f60a-be2d250\">\n\t\t\t\t\t\t\t<i aria-hidden=\"true\" class=\"fa fa-arrow-circle-right\"><\/i>\n\t\t\t\t\t\t\t\t\t\t\t\t\t\t\t\t\t\t\t\t\t\t\t\t\t\t\t\t\t<span >E-Book Event<\/span>\n\t\t\t\t\t\t\t\t\t\t\t\t\t\t<\/div>\n\t\t\t\t\t<\/li>\n\t\t\t\t\t\t\t\t\t\t\t\t\t\t\t\t\t\t\t<li class=\"elementor-repeater-item-f38997d odd odd-tc\">\n\t\t\t\t\t\t<div class=\"uael-price-table-feature-content uael-price-table-content-760f60a\"data-tooltip-content=\"#uael-tooltip-content-760f60a-f38997d\">\n\t\t\t\t\t\t\t<i aria-hidden=\"true\" class=\"fa fa-arrow-circle-right\"><\/i>\n\t\t\t\t\t\t\t\t\t\t\t\t\t\t\t\t\t\t\t\t\t\t\t\t\t\t\t\t\t<span >Certificate of Participation <\/span>\n\t\t\t\t\t\t\t\t\t\t\t\t\t\t<\/div>\n\t\t\t\t\t<\/li>\n\t\t\t\t\t\t\t\t\t\t\t\t\t\t\t\t\t\t\t<li class=\"elementor-repeater-item-54506b4 even even-tc\">\n\t\t\t\t\t\t<div class=\"uael-price-table-feature-content uael-price-table-content-760f60a\"data-tooltip-content=\"#uael-tooltip-content-760f60a-54506b4\">\n\t\t\t\t\t\t\t<i aria-hidden=\"true\" class=\"fa fa-arrow-circle-right\"><\/i>\n\t\t\t\t\t\t\t\t\t\t\t\t\t\t\t\t\t\t\t\t\t\t\t\t\t\t\t\t\t<span >Potential Speaker if you meet requirements<\/span>\n\t\t\t\t\t\t\t\t\t\t\t\t\t\t<\/div>\n\t\t\t\t\t<\/li>\n\t\t\t\t\t\t\t\t\t\t\t\t\t\t\t\t\t\t\t<li class=\"elementor-repeater-item-6987289 odd odd-tc\">\n\t\t\t\t\t\t<div class=\"uael-price-table-feature-content uael-price-table-content-760f60a\"data-tooltip-content=\"#uael-tooltip-content-760f60a-6987289\">\n\t\t\t\t\t\t\t<i aria-hidden=\"true\" class=\"fa fa-arrow-circle-right\"><\/i>\n\t\t\t\t\t\t\t\t\t\t\t\t\t\t\t\t\t\t\t\t\t\t\t\t\t\t\t\t\t<span >Customized Cover <\/span>\n\t\t\t\t\t\t\t\t\t\t\t\t\t\t<\/div>\n\t\t\t\t\t<\/li>\n\t\t\t\t\t\t\t\t\t\t\t\t<\/ul>\n\t\t\t\t\t\t\t\t<\/div>\n\t\t\t<\/div>\n\t\t\t\t\t<\/div>\n\t\t\t\t<\/div>\n\t\t\t\t<div class=\"elementor-element elementor-element-4d15e7d elementor-add-to-cart--align-center elementor-widget elementor-widget-wc-add-to-cart\" data-id=\"4d15e7d\" data-element_type=\"widget\" data-widget_type=\"wc-add-to-cart.default\">\n\t\t\t\t<div class=\"elementor-widget-container\">\n\t\t\t\t\t\t\t\t\t<div class=\"elementor-button-wrapper\">\n\t\t\t\t\t<a rel=\"nofollow\" href=\"\/en\/wp-cron.php\/?doing_wp_cron=1777498798.8080101013183593750000&amp;add-to-cart=1086\" data-quantity=\"1\" data-product_id=\"1086\" class=\"product_type_simple add_to_cart_button ajax_add_to_cart elementor-button elementor-size-xs\" role=\"button\">\n\t\t\t\t\t\t<span class=\"elementor-button-content-wrapper\">\n\t\t\t\t\t\t<span class=\"elementor-button-icon\">\n\t\t\t\t<i aria-hidden=\"true\" class=\"fas fa-shopping-cart\"><\/i>\t\t\t<\/span>\n\t\t\t\t\t\t\t\t\t<span class=\"elementor-button-text\">START TODAY<\/span>\n\t\t\t\t\t<\/span>\n\t\t\t\t\t<\/a>\n\t\t\t\t<\/div>\n\t\t\t\t\t\t\t\t<\/div>\n\t\t\t\t<\/div>\n\t\t\t\t\t<\/div>\n\t\t<\/div>\n\t\t\t\t<div class=\"elementor-column elementor-col-25 elementor-top-column elementor-element elementor-element-b58492b\" data-id=\"b58492b\" data-element_type=\"column\">\n\t\t\t<div class=\"elementor-widget-wrap elementor-element-populated\">\n\t\t\t\t\t\t<div class=\"elementor-element elementor-element-105abba uael-price-features-strips elementor-widget elementor-widget-uael-price-table\" data-id=\"105abba\" data-element_type=\"widget\" data-widget_type=\"uael-price-table.default\">\n\t\t\t\t<div class=\"elementor-widget-container\">\n\t\t\t\t\t\t<div class=\"uael-module-content uael-price-table-container uael-pricing-style-3\">\n\t\t<div class=\"uael-price-table\">\n\t\t\t\t\t\t\t<div class=\"uael-price-table-header\">\n\t\t\t\t\t<div class=\"uael-pricing-heading-wrap\">\n\t\t\t\t\t\t\t\t\t\t\t\t\t\t\t\t<div class=\"uael-price-heading-text\">\n\t\t\t\t\t<h3 class=\"uael-price-table-heading elementor-inline-editing\" data-elementor-setting-key=\"heading\" data-elementor-inline-editing-toolbar=\"basic\">PAQUETE 6 MESES\t\t\t\t\t<\/h3>\n\t\t\t\t<\/div>\n\t\t\t\t\t\t\t\t\t\t\t\t\t\t\t<\/div>\n\t\t\t\t<\/div>\n\t\t\t\t\t\t\t\t\n\t\t\t\t\t<div class=\"uael-price-table-price-wrap\">\n\t\t\t<div class=\"uael-price-table-pricing\">\n\t\t\t\t<div class=\"uael-pricing-container\" data-strike-tooltip=\"\" data-strike-tooltip-position=\"\" data-strike-tooltip-hide=\"\">\n\t\t\t\t\t\t\t\t\t\t\t\t\t\t\t<div class=\"uael-pricing-value\">\n\t\t\t\t\t\t\n\t\t\t\t\t\t\t\t\t\t\t\t\t<span class=\"uael-price-table-currency\">&#036;<\/span> \t\t\t\t\t\t\n\t\t\t\t\t\t\t\t\t\t\t\t\t\t\t\t\t\t\t\t<span class=\"uael-price-table-integer-part\">20<\/span>\n\t\t\t\t\t\t\n\t\t\t\t\t\t\t\t\t\t\t<\/div>\n\t\t\t\t\t\t\t\t\t<\/div>\n\t\t\t<\/div>\n\t\t<\/div>\n\t\t\t\t\t\n\t\t\t<ul class=\"uael-price-table-features-list\" data-side=\"\" data-hotspottrigger=\"\" data-arrow=\"\" data-distance=\"6\" data-delay=\"300\" data-animation=\"\" data-animduration=\"350\" data-zindex=\"99\" data-length=\"4\" data-tooltip-maxwidth=\"250\" data-tooltip-minwidth=\"0\" data-tooltip-responsive=\"\" data-enable-tooltip=\"no\" >\n\t\t\t\t\t\t\t\t\t\t\t\t\t\t<li class=\"elementor-repeater-item-02b62bd odd odd-tc\">\n\t\t\t\t\t\t<div class=\"uael-price-table-feature-content\"data-tooltip-content=\"#uael-tooltip-content-105abba-02b62bd\">\n\t\t\t\t\t\t\t<i aria-hidden=\"true\" class=\"fa fa-arrow-circle-right\"><\/i>\n\t\t\t\t\t\t\t\t\t\t\t\t\t\t\t\t\t\t\t\t\t\t\t\t\t\t\t\t\t<span >Beneficios b\u00e1sicos +<\/span>\n\t\t\t\t\t\t\t\t\t\t\t\t\t\t<\/div>\n\t\t\t\t\t<\/li>\n\t\t\t\t\t\t\t\t\t\t\t\t\t\t\t\t\t\t\t<li class=\"elementor-repeater-item-6997af0 even even-tc\">\n\t\t\t\t\t\t<div class=\"uael-price-table-feature-content\"data-tooltip-content=\"#uael-tooltip-content-105abba-6997af0\">\n\t\t\t\t\t\t\t<i aria-hidden=\"true\" class=\"fa fa-arrow-circle-right\"><\/i>\n\t\t\t\t\t\t\t\t\t\t\t\t\t\t\t\t\t\t\t\t\t\t\t\t\t\t\t\t\t<span >Promote Services or products through Whatsapp Groups<\/span>\n\t\t\t\t\t\t\t\t\t\t\t\t\t\t<\/div>\n\t\t\t\t\t<\/li>\n\t\t\t\t\t\t\t\t\t\t\t\t\t\t\t\t\t\t\t<li class=\"elementor-repeater-item-0f0b011 odd odd-tc\">\n\t\t\t\t\t\t<div class=\"uael-price-table-feature-content\"data-tooltip-content=\"#uael-tooltip-content-105abba-0f0b011\">\n\t\t\t\t\t\t\t<i aria-hidden=\"true\" class=\"fa fa-arrow-circle-right\"><\/i>\n\t\t\t\t\t\t\t\t\t\t\t\t\t\t\t\t\t\t\t\t\t\t\t\t\t\t\t\t\t<span >Directory Participation <\/span>\n\t\t\t\t\t\t\t\t\t\t\t\t\t\t<\/div>\n\t\t\t\t\t<\/li>\n\t\t\t\t\t\t\t\t\t\t\t\t\t\t\t\t\t\t\t<li class=\"elementor-repeater-item-9eca9a8 even even-tc\">\n\t\t\t\t\t\t<div class=\"uael-price-table-feature-content\"data-tooltip-content=\"#uael-tooltip-content-105abba-9eca9a8\">\n\t\t\t\t\t\t\t<i aria-hidden=\"true\" class=\"fa fa-arrow-circle-right\"><\/i>\n\t\t\t\t\t\t\t\t\t\t\t\t\t\t\t\t\t\t\t\t\t\t\t\t\t\t\t\t\t<span >1 asesor\u00eda con Idalis Bailey)<\/span>\n\t\t\t\t\t\t\t\t\t\t\t\t\t\t<\/div>\n\t\t\t\t\t<\/li>\n\t\t\t\t\t\t\t\t\t\t\t\t<\/ul>\n\t\t\t\t\t\t\t\t<\/div>\n\t\t\t<\/div>\n\t\t\t\t\t<\/div>\n\t\t\t\t<\/div>\n\t\t\t\t<div class=\"elementor-element elementor-element-524d125 elementor-add-to-cart--align-center elementor-widget elementor-widget-wc-add-to-cart\" data-id=\"524d125\" data-element_type=\"widget\" data-widget_type=\"wc-add-to-cart.default\">\n\t\t\t\t<div class=\"elementor-widget-container\">\n\t\t\t\t\t\t\t\t\t<div class=\"elementor-button-wrapper\">\n\t\t\t\t\t<a rel=\"nofollow\" href=\"\/en\/wp-cron.php\/?doing_wp_cron=1777498798.8080101013183593750000&amp;add-to-cart=2443\" data-quantity=\"1\" data-product_id=\"2443\" class=\"product_type_simple add_to_cart_button ajax_add_to_cart elementor-button elementor-size-xs\" role=\"button\">\n\t\t\t\t\t\t<span class=\"elementor-button-content-wrapper\">\n\t\t\t\t\t\t<span class=\"elementor-button-icon\">\n\t\t\t\t<i aria-hidden=\"true\" class=\"fas fa-shopping-cart\"><\/i>\t\t\t<\/span>\n\t\t\t\t\t\t\t\t\t<span class=\"elementor-button-text\">START TODAY<\/span>\n\t\t\t\t\t<\/span>\n\t\t\t\t\t<\/a>\n\t\t\t\t<\/div>\n\t\t\t\t\t\t\t\t<\/div>\n\t\t\t\t<\/div>\n\t\t\t\t\t<\/div>\n\t\t<\/div>\n\t\t\t\t<div class=\"elementor-column elementor-col-25 elementor-top-column elementor-element elementor-element-5eb4d1f\" data-id=\"5eb4d1f\" data-element_type=\"column\">\n\t\t\t<div class=\"elementor-widget-wrap elementor-element-populated\">\n\t\t\t\t\t\t<div class=\"elementor-element elementor-element-de1b992 uael-price-features-strips elementor-widget elementor-widget-uael-price-table\" data-id=\"de1b992\" data-element_type=\"widget\" data-widget_type=\"uael-price-table.default\">\n\t\t\t\t<div class=\"elementor-widget-container\">\n\t\t\t\t\t\t<div class=\"uael-module-content uael-price-table-container uael-pricing-style-3\">\n\t\t<div class=\"uael-price-table\">\n\t\t\t\t\t\t\t<div class=\"uael-price-table-header\">\n\t\t\t\t\t<div class=\"uael-pricing-heading-wrap\">\n\t\t\t\t\t\t\t\t\t\t\t\t\t\t\t\t<div class=\"uael-price-heading-text\">\n\t\t\t\t\t<h3 class=\"uael-price-table-heading elementor-inline-editing\" data-elementor-setting-key=\"heading\" data-elementor-inline-editing-toolbar=\"basic\">ANNUAL PACKAGE\t\t\t\t\t<\/h3>\n\t\t\t\t<\/div>\n\t\t\t\t\t\t\t\t\t\t\t\t\t\t\t<\/div>\n\t\t\t\t<\/div>\n\t\t\t\t\t\t\t\t\n\t\t\t\t\t<div class=\"uael-price-table-price-wrap\">\n\t\t\t<div class=\"uael-price-table-pricing\">\n\t\t\t\t<div class=\"uael-pricing-container\" data-strike-tooltip=\"\" data-strike-tooltip-position=\"\" data-strike-tooltip-hide=\"\">\n\t\t\t\t\t\t\t\t\t\t\t\t\t\t\t<div class=\"uael-pricing-value\">\n\t\t\t\t\t\t\n\t\t\t\t\t\t\t\t\t\t\t\t\t<span class=\"uael-price-table-currency\">&#036;<\/span> \t\t\t\t\t\t\n\t\t\t\t\t\t\t\t\t\t\t\t\t\t\t\t\t\t\t\t<span class=\"uael-price-table-integer-part\">36<\/span>\n\t\t\t\t\t\t\n\t\t\t\t\t\t\t\t\t\t\t<\/div>\n\t\t\t\t\t\t\t\t\t<\/div>\n\t\t\t<\/div>\n\t\t<\/div>\n\t\t\t\t\t\n\t\t\t<ul class=\"uael-price-table-features-list\" data-side=\"\" data-hotspottrigger=\"\" data-arrow=\"\" data-distance=\"6\" data-delay=\"300\" data-animation=\"\" data-animduration=\"350\" data-zindex=\"99\" data-length=\"8\" data-tooltip-maxwidth=\"250\" data-tooltip-minwidth=\"0\" data-tooltip-responsive=\"\" data-enable-tooltip=\"no\" >\n\t\t\t\t\t\t\t\t\t\t\t\t\t\t<li class=\"elementor-repeater-item-02b62bd odd odd-tc\">\n\t\t\t\t\t\t<div class=\"uael-price-table-feature-content\"data-tooltip-content=\"#uael-tooltip-content-de1b992-02b62bd\">\n\t\t\t\t\t\t\t<i aria-hidden=\"true\" class=\"fa fa-arrow-circle-right\"><\/i>\n\t\t\t\t\t\t\t\t\t\t\t\t\t\t\t\t\t\t\t\t\t\t\t\t\t\t\t\t\t<span >Beneficios b\u00e1sicos  +<\/span>\n\t\t\t\t\t\t\t\t\t\t\t\t\t\t<\/div>\n\t\t\t\t\t<\/li>\n\t\t\t\t\t\t\t\t\t\t\t\t\t\t\t\t\t\t\t<li class=\"elementor-repeater-item-3e3434c even even-tc\">\n\t\t\t\t\t\t<div class=\"uael-price-table-feature-content uael-price-table-content-de1b992\"data-tooltip-content=\"#uael-tooltip-content-de1b992-3e3434c\">\n\t\t\t\t\t\t\t<i aria-hidden=\"true\" class=\"fa fa-arrow-circle-right\"><\/i>\n\t\t\t\t\t\t\t\t\t\t\t\t\t\t\t\t\t\t\t\t\t\t\t\t\t\t\t\t\t<span >Unlimited Access: You can watch the recorded classes as many times as you want because access to the platform is unlimited<\/span>\n\t\t\t\t\t\t\t\t\t\t\t\t\t\t<\/div>\n\t\t\t\t\t<\/li>\n\t\t\t\t\t\t\t\t\t\t\t\t\t\t\t\t\t\t\t<li class=\"elementor-repeater-item-be2d250 odd odd-tc\">\n\t\t\t\t\t\t<div class=\"uael-price-table-feature-content uael-price-table-content-de1b992\"data-tooltip-content=\"#uael-tooltip-content-de1b992-be2d250\">\n\t\t\t\t\t\t\t<i aria-hidden=\"true\" class=\"fa fa-arrow-circle-right\"><\/i>\n\t\t\t\t\t\t\t\t\t\t\t\t\t\t\t\t\t\t\t\t\t\t\t\t\t\t\t\t\t<span >3 group consultations with Idalis Bailey<\/span>\n\t\t\t\t\t\t\t\t\t\t\t\t\t\t<\/div>\n\t\t\t\t\t<\/li>\n\t\t\t\t\t\t\t\t\t\t\t\t\t\t\t\t\t\t\t<li class=\"elementor-repeater-item-f38997d even even-tc\">\n\t\t\t\t\t\t<div class=\"uael-price-table-feature-content uael-price-table-content-de1b992\"data-tooltip-content=\"#uael-tooltip-content-de1b992-f38997d\">\n\t\t\t\t\t\t\t<i aria-hidden=\"true\" class=\"fa fa-arrow-circle-right\"><\/i>\n\t\t\t\t\t\t\t\t\t\t\t\t\t\t\t\t\t\t\t\t\t\t\t\t\t\t\t\t\t<span >1 Consulting Service with Special Guest <\/span>\n\t\t\t\t\t\t\t\t\t\t\t\t\t\t<\/div>\n\t\t\t\t\t<\/li>\n\t\t\t\t\t\t\t\t\t\t\t\t\t\t\t\t\t\t\t<li class=\"elementor-repeater-item-54506b4 odd odd-tc\">\n\t\t\t\t\t\t<div class=\"uael-price-table-feature-content uael-price-table-content-de1b992\"data-tooltip-content=\"#uael-tooltip-content-de1b992-54506b4\">\n\t\t\t\t\t\t\t<i aria-hidden=\"true\" class=\"fa fa-arrow-circle-right\"><\/i>\n\t\t\t\t\t\t\t\t\t\t\t\t\t\t\t\t\t\t\t\t\t\t\t\t\t\t\t\t\t<span >Special Annual Event<\/span>\n\t\t\t\t\t\t\t\t\t\t\t\t\t\t<\/div>\n\t\t\t\t\t<\/li>\n\t\t\t\t\t\t\t\t\t\t\t\t\t\t\t\t\t\t\t<li class=\"elementor-repeater-item-6987289 even even-tc\">\n\t\t\t\t\t\t<div class=\"uael-price-table-feature-content uael-price-table-content-de1b992\"data-tooltip-content=\"#uael-tooltip-content-de1b992-6987289\">\n\t\t\t\t\t\t\t<i aria-hidden=\"true\" class=\"fa fa-arrow-circle-right\"><\/i>\n\t\t\t\t\t\t\t\t\t\t\t\t\t\t\t\t\t\t\t\t\t\t\t\t\t\t\t\t\t<span >Promote Services or products through Whatsapp Groups<\/span>\n\t\t\t\t\t\t\t\t\t\t\t\t\t\t<\/div>\n\t\t\t\t\t<\/li>\n\t\t\t\t\t\t\t\t\t\t\t\t\t\t\t\t\t\t\t<li class=\"elementor-repeater-item-657aa3f odd odd-tc\">\n\t\t\t\t\t\t<div class=\"uael-price-table-feature-content uael-price-table-content-de1b992\"data-tooltip-content=\"#uael-tooltip-content-de1b992-657aa3f\">\n\t\t\t\t\t\t\t<i aria-hidden=\"true\" class=\"fa fa-arrow-circle-right\"><\/i>\n\t\t\t\t\t\t\t\t\t\t\t\t\t\t\t\t\t\t\t\t\t\t\t\t\t\t\t\t\t<span >Directory Participation <\/span>\n\t\t\t\t\t\t\t\t\t\t\t\t\t\t<\/div>\n\t\t\t\t\t<\/li>\n\t\t\t\t\t\t\t\t\t\t\t\t\t\t\t\t\t\t\t<li class=\"elementor-repeater-item-f3862a4 even even-tc\">\n\t\t\t\t\t\t<div class=\"uael-price-table-feature-content uael-price-table-content-de1b992\"data-tooltip-content=\"#uael-tooltip-content-de1b992-f3862a4\">\n\t\t\t\t\t\t\t<i aria-hidden=\"true\" class=\"fa fa-arrow-circle-right\"><\/i>\n\t\t\t\t\t\t\t\t\t\t\t\t\t\t\t\t\t\t\t\t\t\t\t\t\t\t\t\t\t<span >Extra Value: Integral Beauty Global Networking workbook (tracking, measuring and evaluating your brand) <\/span>\n\t\t\t\t\t\t\t\t\t\t\t\t\t\t<\/div>\n\t\t\t\t\t<\/li>\n\t\t\t\t\t\t\t\t\t\t\t\t<\/ul>\n\t\t\t\t\t\t\t\t<\/div>\n\t\t\t<\/div>\n\t\t\t\t\t<\/div>\n\t\t\t\t<\/div>\n\t\t\t\t<div class=\"elementor-element elementor-element-878e643 elementor-add-to-cart--align-center elementor-widget elementor-widget-wc-add-to-cart\" data-id=\"878e643\" data-element_type=\"widget\" data-widget_type=\"wc-add-to-cart.default\">\n\t\t\t\t<div class=\"elementor-widget-container\">\n\t\t\t\t\t\t\t\t\t<div class=\"elementor-button-wrapper\">\n\t\t\t\t\t<a rel=\"nofollow\" href=\"\/en\/wp-cron.php\/?doing_wp_cron=1777498798.8080101013183593750000&amp;add-to-cart=1087\" data-quantity=\"1\" data-product_id=\"1087\" class=\"product_type_simple add_to_cart_button ajax_add_to_cart elementor-button elementor-size-xs\" role=\"button\">\n\t\t\t\t\t\t<span class=\"elementor-button-content-wrapper\">\n\t\t\t\t\t\t<span class=\"elementor-button-icon\">\n\t\t\t\t<i aria-hidden=\"true\" class=\"fas fa-shopping-cart\"><\/i>\t\t\t<\/span>\n\t\t\t\t\t\t\t\t\t<span class=\"elementor-button-text\">START TODAY<\/span>\n\t\t\t\t\t<\/span>\n\t\t\t\t\t<\/a>\n\t\t\t\t<\/div>\n\t\t\t\t\t\t\t\t<\/div>\n\t\t\t\t<\/div>\n\t\t\t\t\t<\/div>\n\t\t<\/div>\n\t\t\t\t\t<\/div>\n\t\t<\/section>\n\t\t\t\t<\/div>","protected":false},"excerpt":{"rendered":"<p>MEMBRES\u00cdAS GLOBAL INTEGRAL NETWORKING Disfruta de los Beneficios PAQUETE 3 MESES &#036; 10 Participaci\u00f3n en capacitaci\u00f3n Participaci\u00f3n Networking Participaci\u00f3n Sorteo: Membres\u00eda anual, Cash, Cursos, Asesorias, libros, etc. E-Book del evento Certificado de Participaci\u00f3n Potencial Speaker si cumple con requisitos. Cover personalizado EMPIEZA HOY PAQUETE 6 MESES &#036; 20 Beneficios b\u00e1sicos + Promocionar Servicios o productos [&hellip;]<\/p>\n","protected":false},"author":1,"featured_media":0,"parent":0,"menu_order":0,"comment_status":"closed","ping_status":"closed","template":"elementor_canvas","meta":{"footnotes":""},"class_list":["post-2597","page","type-page","status-publish","hentry"],"aioseo_notices":[],"_links":{"self":[{"href":"https:\/\/globalintegralbeauty.com\/en\/wp-json\/wp\/v2\/pages\/2597","targetHints":{"allow":["GET"]}}],"collection":[{"href":"https:\/\/globalintegralbeauty.com\/en\/wp-json\/wp\/v2\/pages"}],"about":[{"href":"https:\/\/globalintegralbeauty.com\/en\/wp-json\/wp\/v2\/types\/page"}],"author":[{"embeddable":true,"href":"https:\/\/globalintegralbeauty.com\/en\/wp-json\/wp\/v2\/users\/1"}],"replies":[{"embeddable":true,"href":"https:\/\/globalintegralbeauty.com\/en\/wp-json\/wp\/v2\/comments?post=2597"}],"version-history":[{"count":7,"href":"https:\/\/globalintegralbeauty.com\/en\/wp-json\/wp\/v2\/pages\/2597\/revisions"}],"predecessor-version":[{"id":2605,"href":"https:\/\/globalintegralbeauty.com\/en\/wp-json\/wp\/v2\/pages\/2597\/revisions\/2605"}],"wp:attachment":[{"href":"https:\/\/globalintegralbeauty.com\/en\/wp-json\/wp\/v2\/media?parent=2597"}],"curies":[{"name":"wp","href":"https:\/\/api.w.org\/{rel}","templated":true}]}}