{"id":1358,"date":"2022-10-12T19:35:55","date_gmt":"2022-10-12T19:35:55","guid":{"rendered":"https:\/\/globalintegralbeauty.com\/?page_id=1358"},"modified":"2024-01-25T09:55:24","modified_gmt":"2024-01-25T14:55:24","slug":"susana-cabrera","status":"publish","type":"page","link":"https:\/\/globalintegralbeauty.com\/en\/susana-cabrera\/","title":{"rendered":"Susana Cabrera"},"content":{"rendered":"<div data-elementor-type=\"wp-page\" data-elementor-id=\"1358\" class=\"elementor elementor-1358\" data-elementor-post-type=\"page\">\n\t\t\t\t\t\t<section class=\"elementor-section elementor-top-section elementor-element elementor-element-66a744b elementor-section-stretched elementor-reverse-mobile elementor-section-boxed elementor-section-height-default elementor-section-height-default\" data-id=\"66a744b\" data-element_type=\"section\" data-settings=\"{&quot;stretch_section&quot;:&quot;section-stretched&quot;}\">\n\t\t\t\t\t\t<div class=\"elementor-container elementor-column-gap-default\">\n\t\t\t\t\t<div class=\"elementor-column elementor-col-50 elementor-top-column elementor-element elementor-element-e8bad5c elementor-invisible\" data-id=\"e8bad5c\" data-element_type=\"column\" data-settings=\"{&quot;animation&quot;:&quot;fadeInLeft&quot;}\">\n\t\t\t<div class=\"elementor-widget-wrap elementor-element-populated\">\n\t\t\t\t\t\t<div class=\"elementor-element elementor-element-43be1a8 elementor-icon-list--layout-inline elementor-align-start elementor-list-item-link-full_width elementor-widget elementor-widget-icon-list\" data-id=\"43be1a8\" data-element_type=\"widget\" data-widget_type=\"icon-list.default\">\n\t\t\t\t<div class=\"elementor-widget-container\">\n\t\t\t\t\t\t\t<ul class=\"elementor-icon-list-items elementor-inline-items\">\n\t\t\t\t\t\t\t<li class=\"elementor-icon-list-item elementor-inline-item\">\n\t\t\t\t\t\t\t\t\t\t\t<a href=\"https:\/\/globalintegralbeauty.com\/en\/\">\n\n\t\t\t\t\t\t\t\t\t\t\t\t<span class=\"elementor-icon-list-icon\">\n\t\t\t\t\t\t\t<i aria-hidden=\"true\" class=\"fas fa-chevron-right\"><\/i>\t\t\t\t\t\t<\/span>\n\t\t\t\t\t\t\t\t\t\t<span class=\"elementor-icon-list-text\">HOME<\/span>\n\t\t\t\t\t\t\t\t\t\t\t<\/a>\n\t\t\t\t\t\t\t\t\t<\/li>\n\t\t\t\t\t\t\t\t<li class=\"elementor-icon-list-item elementor-inline-item\">\n\t\t\t\t\t\t\t\t\t\t\t<a href=\"https:\/\/globalintegralbeauty.com\/en\/libro-belleza-integral\/\">\n\n\t\t\t\t\t\t\t\t\t\t\t\t<span class=\"elementor-icon-list-icon\">\n\t\t\t\t\t\t\t<i aria-hidden=\"true\" class=\"fas fa-chevron-right\"><\/i>\t\t\t\t\t\t<\/span>\n\t\t\t\t\t\t\t\t\t\t<span class=\"elementor-icon-list-text\">BOOK<\/span>\n\t\t\t\t\t\t\t\t\t\t\t<\/a>\n\t\t\t\t\t\t\t\t\t<\/li>\n\t\t\t\t\t\t\t\t<li class=\"elementor-icon-list-item elementor-inline-item\">\n\t\t\t\t\t\t\t\t\t\t\t<a href=\"https:\/\/globalintegralbeauty.com\/en\/autores-edicion-1\/\">\n\n\t\t\t\t\t\t\t\t\t\t\t\t<span class=\"elementor-icon-list-icon\">\n\t\t\t\t\t\t\t<i aria-hidden=\"true\" class=\"fas fa-chevron-right\"><\/i>\t\t\t\t\t\t<\/span>\n\t\t\t\t\t\t\t\t\t\t<span class=\"elementor-icon-list-text\">CO-AUTHORS<\/span>\n\t\t\t\t\t\t\t\t\t\t\t<\/a>\n\t\t\t\t\t\t\t\t\t<\/li>\n\t\t\t\t\t\t<\/ul>\n\t\t\t\t\t\t<\/div>\n\t\t\t\t<\/div>\n\t\t\t\t<div class=\"elementor-element elementor-element-0960e50 elementor-widget elementor-widget-heading\" data-id=\"0960e50\" data-element_type=\"widget\" data-widget_type=\"heading.default\">\n\t\t\t\t<div class=\"elementor-widget-container\">\n\t\t\t\t\t<h2 class=\"elementor-heading-title elementor-size-default\">\ud83c\uddf2\ud83c\uddfdSusana Cabrera<\/h2>\t\t\t\t<\/div>\n\t\t\t\t<\/div>\n\t\t\t\t<div class=\"elementor-element elementor-element-421acb4 elementor-widget elementor-widget-text-editor\" data-id=\"421acb4\" data-element_type=\"widget\" data-widget_type=\"text-editor.default\">\n\t\t\t\t<div class=\"elementor-widget-container\">\n\t\t\t\t\t\t\t\t\t<p><em>CO-AUTHOR<\/em><\/p>\t\t\t\t\t\t\t\t<\/div>\n\t\t\t\t<\/div>\n\t\t\t\t<div class=\"elementor-element elementor-element-83b2d39 elementor-widget elementor-widget-heading\" data-id=\"83b2d39\" data-element_type=\"widget\" data-widget_type=\"heading.default\">\n\t\t\t\t<div class=\"elementor-widget-container\">\n\t\t\t\t\t<h2 class=\"elementor-heading-title elementor-size-default\">Rectora Universidad KIREI, Lic. en Administraci\u00f3n de empresas, Cosmet\u00f3logo Est\u00e9tica Profesional.<\/h2>\t\t\t\t<\/div>\n\t\t\t\t<\/div>\n\t\t\t\t<div class=\"elementor-element elementor-element-d27d06e elementor-shape-circle e-grid-align-left e-grid-align-mobile-center elementor-grid-0 elementor-widget elementor-widget-social-icons\" data-id=\"d27d06e\" data-element_type=\"widget\" data-widget_type=\"social-icons.default\">\n\t\t\t\t<div class=\"elementor-widget-container\">\n\t\t\t\t\t\t\t<div class=\"elementor-social-icons-wrapper elementor-grid\" role=\"list\">\n\t\t\t\t\t\t\t<span class=\"elementor-grid-item\" role=\"listitem\">\n\t\t\t\t\t<a class=\"elementor-icon elementor-social-icon elementor-social-icon-facebook elementor-repeater-item-fcd3b5d\" href=\"https:\/\/www.facebook.com\/kireiuniversidad\" target=\"_blank\">\n\t\t\t\t\t\t<span class=\"elementor-screen-only\">Facebook<\/span>\n\t\t\t\t\t\t<i aria-hidden=\"true\" class=\"fab fa-facebook\"><\/i>\t\t\t\t\t<\/a>\n\t\t\t\t<\/span>\n\t\t\t\t\t\t\t<span class=\"elementor-grid-item\" role=\"listitem\">\n\t\t\t\t\t<a class=\"elementor-icon elementor-social-icon elementor-social-icon-instagram elementor-repeater-item-f48794f\" href=\"https:\/\/www.instagram.com\/universidadkirei\/\" target=\"_blank\">\n\t\t\t\t\t\t<span class=\"elementor-screen-only\">Instagram<\/span>\n\t\t\t\t\t\t<i aria-hidden=\"true\" class=\"fab fa-instagram\"><\/i>\t\t\t\t\t<\/a>\n\t\t\t\t<\/span>\n\t\t\t\t\t\t\t<span class=\"elementor-grid-item\" role=\"listitem\">\n\t\t\t\t\t<a class=\"elementor-icon elementor-social-icon elementor-social-icon-globe elementor-repeater-item-2a7390d\" href=\"https:\/\/kirei.edu.mx\/\" target=\"_blank\">\n\t\t\t\t\t\t<span class=\"elementor-screen-only\">Globe<\/span>\n\t\t\t\t\t\t<i aria-hidden=\"true\" class=\"fas fa-globe\"><\/i>\t\t\t\t\t<\/a>\n\t\t\t\t<\/span>\n\t\t\t\t\t\t\t<span class=\"elementor-grid-item\" role=\"listitem\">\n\t\t\t\t\t<a class=\"elementor-icon elementor-social-icon elementor-social-icon-phone-square-alt elementor-repeater-item-5b5d06f\" href=\"tel:%20+528111071438\" target=\"_blank\">\n\t\t\t\t\t\t<span class=\"elementor-screen-only\">Phone-square-alt<\/span>\n\t\t\t\t\t\t<i aria-hidden=\"true\" class=\"fas fa-phone-square-alt\"><\/i>\t\t\t\t\t<\/a>\n\t\t\t\t<\/span>\n\t\t\t\t\t<\/div>\n\t\t\t\t\t\t<\/div>\n\t\t\t\t<\/div>\n\t\t\t\t\t<\/div>\n\t\t<\/div>\n\t\t\t\t<div class=\"elementor-column elementor-col-50 elementor-top-column elementor-element elementor-element-3d41b9f elementor-invisible\" data-id=\"3d41b9f\" data-element_type=\"column\" data-settings=\"{&quot;animation&quot;:&quot;fadeInRight&quot;}\">\n\t\t\t<div class=\"elementor-widget-wrap elementor-element-populated\">\n\t\t\t\t\t\t<div class=\"elementor-element elementor-element-a80d1c2 elementor-widget elementor-widget-image\" data-id=\"a80d1c2\" data-element_type=\"widget\" data-widget_type=\"image.default\">\n\t\t\t\t<div class=\"elementor-widget-container\">\n\t\t\t\t\t\t\t\t\t\t\t\t\t\t\t<img fetchpriority=\"high\" decoding=\"async\" width=\"800\" height=\"600\" src=\"https:\/\/globalintegralbeauty.com\/wp-content\/uploads\/2022\/10\/susana-cabrera.jpg\" class=\"attachment-large size-large wp-image-1361\" alt=\"\" srcset=\"https:\/\/globalintegralbeauty.com\/wp-content\/uploads\/2022\/10\/susana-cabrera.jpg 800w, https:\/\/globalintegralbeauty.com\/wp-content\/uploads\/2022\/10\/susana-cabrera-600x450.jpg 600w, https:\/\/globalintegralbeauty.com\/wp-content\/uploads\/2022\/10\/susana-cabrera-300x225.jpg 300w, https:\/\/globalintegralbeauty.com\/wp-content\/uploads\/2022\/10\/susana-cabrera-768x576.jpg 768w, https:\/\/globalintegralbeauty.com\/wp-content\/uploads\/2022\/10\/susana-cabrera-16x12.jpg 16w\" sizes=\"(max-width: 800px) 100vw, 800px\" \/>\t\t\t\t\t\t\t\t\t\t\t\t\t\t\t<\/div>\n\t\t\t\t<\/div>\n\t\t\t\t\t<\/div>\n\t\t<\/div>\n\t\t\t\t\t<\/div>\n\t\t<\/section>\n\t\t\t\t<section class=\"elementor-section elementor-top-section elementor-element elementor-element-4da3b96 elementor-section-boxed elementor-section-height-default elementor-section-height-default\" data-id=\"4da3b96\" data-element_type=\"section\">\n\t\t\t\t\t\t<div class=\"elementor-container elementor-column-gap-default\">\n\t\t\t\t\t<div class=\"elementor-column elementor-col-100 elementor-top-column elementor-element elementor-element-f9224fe\" data-id=\"f9224fe\" data-element_type=\"column\">\n\t\t\t<div class=\"elementor-widget-wrap elementor-element-populated\">\n\t\t\t\t\t\t<div class=\"elementor-element elementor-element-e16108a elementor-widget elementor-widget-video\" data-id=\"e16108a\" data-element_type=\"widget\" data-settings=\"{&quot;youtube_url&quot;:&quot;https:\\\/\\\/www.youtube.com\\\/watch?v=iNF9Li2Zgs8&amp;list=PLQeebOypZCbVBttuSjAI9fPkEeg-uWovq&amp;index=5&quot;,&quot;video_type&quot;:&quot;youtube&quot;,&quot;controls&quot;:&quot;yes&quot;}\" data-widget_type=\"video.default\">\n\t\t\t\t<div class=\"elementor-widget-container\">\n\t\t\t\t\t\t\t<div class=\"elementor-wrapper elementor-open-inline\">\n\t\t\t<div class=\"elementor-video\"><\/div>\t\t<\/div>\n\t\t\t\t\t\t<\/div>\n\t\t\t\t<\/div>\n\t\t\t\t\t<\/div>\n\t\t<\/div>\n\t\t\t\t\t<\/div>\n\t\t<\/section>\n\t\t\t\t<section class=\"elementor-section elementor-top-section elementor-element elementor-element-f0d1e43 elementor-section-boxed elementor-section-height-default elementor-section-height-default\" data-id=\"f0d1e43\" data-element_type=\"section\">\n\t\t\t\t\t\t<div class=\"elementor-container elementor-column-gap-default\">\n\t\t\t\t\t<div class=\"elementor-column elementor-col-100 elementor-top-column elementor-element elementor-element-e9de994\" data-id=\"e9de994\" data-element_type=\"column\">\n\t\t\t<div class=\"elementor-widget-wrap elementor-element-populated\">\n\t\t\t\t\t\t<div class=\"elementor-element elementor-element-fdcff69 elementor-widget elementor-widget-text-editor\" data-id=\"fdcff69\" data-element_type=\"widget\" data-widget_type=\"text-editor.default\">\n\t\t\t\t<div class=\"elementor-widget-container\">\n\t\t\t\t\t\t\t\t\t<p>Mi historia en el mundo del spa y cosmetolog\u00eda comienza en el a\u00f1o de 1985, cuando decid\u00ed incursionar en este sector para emprender mi propio negocio.<\/p>\n<p><\/p>\n<p>Al percatarme de que hab\u00eda muy poca oportunidad de crecimiento de manera profesional y formal decid\u00ed viajar a la Ciudad de M\u00e9xico para capacitarme en diferentes t\u00e9cnicas de la est\u00e9tica y el bienestar.<\/p><p><br><\/p>\n<p><\/p>\n<p>Posteriormente, en 1989, viaj\u00e9 a Asia con la finalidad de aprender m\u00e1s sobre las t\u00e9cnicas orientales de relajaci\u00f3n, ah\u00ed descubr\u00ed que a este tipo de disciplinas le dan mucha importancia a nivel de la salud, y por ello permanec\u00ed en ese continente durante 8 a\u00f1os, aprendiendo sobre novedosas herramientas y materiales muy diferentes a lo que se utilizaba y empleaba en M\u00e9xico. Al regresar a mi ciudad de origen, Monterrey, Nuevo&nbsp;<span style=\"color: var( --e-global-color-text ); font-family: var( --e-global-typography-text-font-family ), Sans-serif; font-size: var( --e-global-typography-text-font-size ); font-weight: var( --e-global-typography-text-font-weight );\">Le\u00f3n, M\u00e9xico, me percato sobre el choque cultural que existe en cuanto a los servicios de SPA, ya que aqu\u00ed eran vistos como un lujo al que solo las mujeres de alta sociedad ten\u00edan acceso, a lo que se&nbsp;<\/span><span style=\"color: var( --e-global-color-text ); font-family: var( --e-global-typography-text-font-family ), Sans-serif; font-size: var( --e-global-typography-text-font-size ); font-weight: var( --e-global-typography-text-font-weight );\">denominaba como&nbsp; cl\u00ednicas de belleza\u00a8.<\/span><\/p>\n<p><\/p>\n<p><br><\/p>\n<p>Lo anterior me llev\u00f3 a tomar la decisi\u00f3n de crear un concepto que integre todos los servicios de un spa con costos accesibles y dirigido al p\u00fablico en general: es as\u00ed como nace SPA KIREI, el primer spa con enfoque familiar. Al iniciar este proyecto, me di cuenta de que no hab\u00eda gente capacitada para conformar un equipo de trabajo, por lo que decid\u00ed enfrentar este nuevo reto y comenc\u00e9 a capacitar al personal que conformar\u00eda al equipo con el que har\u00eda crecer mi negocio.<\/p>\n<p><\/p>\n<p>Durante el proceso descubr\u00ed que se requiere formalizar todo lo relacionado a este sector y asum\u00ed la tarea de profesionalizar a quienes se dedican a esta bella labor, por lo que me asesor\u00e9 con consultores educativos y llegu\u00e9 a darme cuenta de que no existe ninguna carrera formal autorizada por los ministerios de educaci\u00f3n y salud en M\u00e9xico. A partir de ese momento, inici\u00e9 la gesti\u00f3n necesaria para obtener los registros de validez oficial (RVOEs), proceso que requiri\u00f3 de muchos a\u00f1os de esfuerzos que culminaron con el cumplimiento de todos los requisitos exigidos por las diferentes instituciones involucradas para finalmente poder consolidar el Instituto de Cosmetolog\u00eda Kirei.<\/p>\n<p><em>&nbsp;<\/em><\/p>\n<p><em>Al mismo tiempo segu\u00eda teniendo presencia en el \u00e1mbito nacional e internacional, participando en los eventos m\u00e1s importantes a nivel mundial en materia de Cosmetolog\u00eda, Spa y Micropigmentaci\u00f3n.<\/em><\/p>\n<p><\/p>\n<p><br><\/p><p>En el a\u00f1o 2005 obtuve los tres primeros reconocimientos a nivel superior, despu\u00e9s de eso, en el a\u00f1o 2008, consegu\u00ed los RVOEs a diferentes diplomados y carreras t\u00e9cnicas en nivel medio superior.<\/p>\n<p><\/p>\n<p><br><\/p><p>Todo eso me abri\u00f3 el camino para crear una nueva unidad de negocio: \u00a8DISTRIBUIDORA KIREI\u00a8, con la finalidad de abastecer a mis alumnos y egresados con los materiales y equipos necesarios para ejercer su profesi\u00f3n. Mi visi\u00f3n me impuls\u00f3 a seguir y logr\u00e9 obtener los permisos para impartir los estudios desde el nivel bachillerato, licenciaturas y hasta maestr\u00edas que hoy convierte al instituto en la UNIVERSIDAD KIREI y la posiciona como un referente mundial en la educaci\u00f3n en el \u00e1rea de spa, micropigmentaci\u00f3n, cosmetolog\u00eda y&nbsp;<span style=\"color: var( --e-global-color-text ); font-family: var( --e-global-typography-text-font-family ), Sans-serif; font-size: var( --e-global-typography-text-font-size ); font-weight: var( --e-global-typography-text-font-weight );\">est\u00e9tica.<\/span><\/p>\n<p><\/p>\n<p><br><\/p><p>Los viajes constantes y las alianzas con diferentes instituciones, asociaciones y congresos a nivel mundial me abrieron el panorama para la creaci\u00f3n de mi congreso internacional spa m\u00e9dico y micropigmentaci\u00f3n que ha sido llevado a cabo con \u00e9xito durante los \u00faltimos seis a\u00f1os.<\/p>\t\t\t\t\t\t\t\t<\/div>\n\t\t\t\t<\/div>\n\t\t\t\t\t<\/div>\n\t\t<\/div>\n\t\t\t\t\t<\/div>\n\t\t<\/section>\n\t\t\t\t<\/div>","protected":false},"excerpt":{"rendered":"<p>INICIO LIBRO CO-AUTORES \ud83c\uddf2\ud83c\uddfdSusana Cabrera CO-AUTORA Rectora Universidad KIREI, Lic. en Administraci\u00f3n de empresas, Cosmet\u00f3logo Est\u00e9tica Profesional. Facebook Instagram Globe Phone-square-alt https:\/\/www.youtube.com\/watch?v=iNF9Li2Zgs8&#038;list=PLQeebOypZCbVBttuSjAI9fPkEeg-uWovq&#038;index=5 Mi historia en el mundo del spa y cosmetolog\u00eda comienza en el a\u00f1o de 1985, cuando decid\u00ed incursionar en este sector para emprender mi propio negocio. Al percatarme de que hab\u00eda muy poca [&hellip;]<\/p>\n","protected":false},"author":1,"featured_media":0,"parent":0,"menu_order":0,"comment_status":"closed","ping_status":"closed","template":"elementor_header_footer","meta":{"footnotes":""},"class_list":["post-1358","page","type-page","status-publish","hentry"],"aioseo_notices":[],"_links":{"self":[{"href":"https:\/\/globalintegralbeauty.com\/en\/wp-json\/wp\/v2\/pages\/1358","targetHints":{"allow":["GET"]}}],"collection":[{"href":"https:\/\/globalintegralbeauty.com\/en\/wp-json\/wp\/v2\/pages"}],"about":[{"href":"https:\/\/globalintegralbeauty.com\/en\/wp-json\/wp\/v2\/types\/page"}],"author":[{"embeddable":true,"href":"https:\/\/globalintegralbeauty.com\/en\/wp-json\/wp\/v2\/users\/1"}],"replies":[{"embeddable":true,"href":"https:\/\/globalintegralbeauty.com\/en\/wp-json\/wp\/v2\/comments?post=1358"}],"version-history":[{"count":10,"href":"https:\/\/globalintegralbeauty.com\/en\/wp-json\/wp\/v2\/pages\/1358\/revisions"}],"predecessor-version":[{"id":4707,"href":"https:\/\/globalintegralbeauty.com\/en\/wp-json\/wp\/v2\/pages\/1358\/revisions\/4707"}],"wp:attachment":[{"href":"https:\/\/globalintegralbeauty.com\/en\/wp-json\/wp\/v2\/media?parent=1358"}],"curies":[{"name":"wp","href":"https:\/\/api.w.org\/{rel}","templated":true}]}}