{"id":1339,"date":"2022-10-12T19:05:58","date_gmt":"2022-10-12T19:05:58","guid":{"rendered":"https:\/\/globalintegralbeauty.com\/?page_id=1339"},"modified":"2025-02-05T16:32:30","modified_gmt":"2025-02-05T21:32:30","slug":"lyda-cabra","status":"publish","type":"page","link":"https:\/\/globalintegralbeauty.com\/en\/lyda-cabra\/","title":{"rendered":"Lyda Goat"},"content":{"rendered":"<div data-elementor-type=\"wp-page\" data-elementor-id=\"1339\" class=\"elementor elementor-1339\" data-elementor-post-type=\"page\">\n\t\t\t\t\t\t<section class=\"elementor-section elementor-top-section elementor-element elementor-element-66a744b elementor-section-stretched elementor-reverse-mobile elementor-section-boxed elementor-section-height-default elementor-section-height-default\" data-id=\"66a744b\" data-element_type=\"section\" data-settings=\"{&quot;stretch_section&quot;:&quot;section-stretched&quot;}\">\n\t\t\t\t\t\t<div class=\"elementor-container elementor-column-gap-default\">\n\t\t\t\t\t<div class=\"elementor-column elementor-col-50 elementor-top-column elementor-element elementor-element-e8bad5c elementor-invisible\" data-id=\"e8bad5c\" data-element_type=\"column\" data-settings=\"{&quot;animation&quot;:&quot;fadeInLeft&quot;}\">\n\t\t\t<div class=\"elementor-widget-wrap elementor-element-populated\">\n\t\t\t\t\t\t<div class=\"elementor-element elementor-element-43be1a8 elementor-icon-list--layout-inline elementor-align-start elementor-list-item-link-full_width elementor-widget elementor-widget-icon-list\" data-id=\"43be1a8\" data-element_type=\"widget\" data-widget_type=\"icon-list.default\">\n\t\t\t\t<div class=\"elementor-widget-container\">\n\t\t\t\t\t\t\t<ul class=\"elementor-icon-list-items elementor-inline-items\">\n\t\t\t\t\t\t\t<li class=\"elementor-icon-list-item elementor-inline-item\">\n\t\t\t\t\t\t\t\t\t\t\t<a href=\"https:\/\/globalintegralbeauty.com\/en\/\">\n\n\t\t\t\t\t\t\t\t\t\t\t\t<span class=\"elementor-icon-list-icon\">\n\t\t\t\t\t\t\t<i aria-hidden=\"true\" class=\"fas fa-chevron-right\"><\/i>\t\t\t\t\t\t<\/span>\n\t\t\t\t\t\t\t\t\t\t<span class=\"elementor-icon-list-text\">HOME<\/span>\n\t\t\t\t\t\t\t\t\t\t\t<\/a>\n\t\t\t\t\t\t\t\t\t<\/li>\n\t\t\t\t\t\t\t\t<li class=\"elementor-icon-list-item elementor-inline-item\">\n\t\t\t\t\t\t\t\t\t\t\t<a href=\"https:\/\/globalintegralbeauty.com\/en\/libro-belleza-integral\/\">\n\n\t\t\t\t\t\t\t\t\t\t\t\t<span class=\"elementor-icon-list-icon\">\n\t\t\t\t\t\t\t<i aria-hidden=\"true\" class=\"fas fa-chevron-right\"><\/i>\t\t\t\t\t\t<\/span>\n\t\t\t\t\t\t\t\t\t\t<span class=\"elementor-icon-list-text\">BOOK<\/span>\n\t\t\t\t\t\t\t\t\t\t\t<\/a>\n\t\t\t\t\t\t\t\t\t<\/li>\n\t\t\t\t\t\t\t\t<li class=\"elementor-icon-list-item elementor-inline-item\">\n\t\t\t\t\t\t\t\t\t\t\t<a href=\"https:\/\/globalintegralbeauty.com\/en\/autores-edicion-1\/\">\n\n\t\t\t\t\t\t\t\t\t\t\t\t<span class=\"elementor-icon-list-icon\">\n\t\t\t\t\t\t\t<i aria-hidden=\"true\" class=\"fas fa-chevron-right\"><\/i>\t\t\t\t\t\t<\/span>\n\t\t\t\t\t\t\t\t\t\t<span class=\"elementor-icon-list-text\">CO-AUTHORS<\/span>\n\t\t\t\t\t\t\t\t\t\t\t<\/a>\n\t\t\t\t\t\t\t\t\t<\/li>\n\t\t\t\t\t\t<\/ul>\n\t\t\t\t\t\t<\/div>\n\t\t\t\t<\/div>\n\t\t\t\t<div class=\"elementor-element elementor-element-0960e50 elementor-widget elementor-widget-heading\" data-id=\"0960e50\" data-element_type=\"widget\" data-widget_type=\"heading.default\">\n\t\t\t\t<div class=\"elementor-widget-container\">\n\t\t\t\t\t<h2 class=\"elementor-heading-title elementor-size-default\">\ud83c\udde8\ud83c\uddf4Lyda Cabra<\/h2>\t\t\t\t<\/div>\n\t\t\t\t<\/div>\n\t\t\t\t<div class=\"elementor-element elementor-element-421acb4 elementor-widget elementor-widget-text-editor\" data-id=\"421acb4\" data-element_type=\"widget\" data-widget_type=\"text-editor.default\">\n\t\t\t\t<div class=\"elementor-widget-container\">\n\t\t\t\t\t\t\t\t\t<p><em>CO-AUTHOR<\/em><\/p>\t\t\t\t\t\t\t\t<\/div>\n\t\t\t\t<\/div>\n\t\t\t\t<div class=\"elementor-element elementor-element-83b2d39 elementor-widget elementor-widget-heading\" data-id=\"83b2d39\" data-element_type=\"widget\" data-widget_type=\"heading.default\">\n\t\t\t\t<div class=\"elementor-widget-container\">\n\t\t\t\t\t<h2 class=\"elementor-heading-title elementor-size-default\">Cosmiatra y Presidente de FECOBES. Est\u00e9tica Integral.<\/h2>\t\t\t\t<\/div>\n\t\t\t\t<\/div>\n\t\t\t\t<div class=\"elementor-element elementor-element-d27d06e elementor-shape-circle e-grid-align-left e-grid-align-mobile-center elementor-grid-0 elementor-widget elementor-widget-social-icons\" data-id=\"d27d06e\" data-element_type=\"widget\" data-widget_type=\"social-icons.default\">\n\t\t\t\t<div class=\"elementor-widget-container\">\n\t\t\t\t\t\t\t<div class=\"elementor-social-icons-wrapper elementor-grid\" role=\"list\">\n\t\t\t\t\t\t\t<span class=\"elementor-grid-item\" role=\"listitem\">\n\t\t\t\t\t<a class=\"elementor-icon elementor-social-icon elementor-social-icon-facebook elementor-repeater-item-fcd3b5d\" href=\"https:\/\/www.facebook.com\/Siluet2000\" target=\"_blank\">\n\t\t\t\t\t\t<span class=\"elementor-screen-only\">Facebook<\/span>\n\t\t\t\t\t\t<i aria-hidden=\"true\" class=\"fab fa-facebook\"><\/i>\t\t\t\t\t<\/a>\n\t\t\t\t<\/span>\n\t\t\t\t\t\t\t<span class=\"elementor-grid-item\" role=\"listitem\">\n\t\t\t\t\t<a class=\"elementor-icon elementor-social-icon elementor-social-icon-instagram elementor-repeater-item-f48794f\" href=\"https:\/\/www.instagram.com\/Siluet2000\/\" target=\"_blank\">\n\t\t\t\t\t\t<span class=\"elementor-screen-only\">Instagram<\/span>\n\t\t\t\t\t\t<i aria-hidden=\"true\" class=\"fab fa-instagram\"><\/i>\t\t\t\t\t<\/a>\n\t\t\t\t<\/span>\n\t\t\t\t\t\t\t<span class=\"elementor-grid-item\" role=\"listitem\">\n\t\t\t\t\t<a class=\"elementor-icon elementor-social-icon elementor-social-icon-globe elementor-repeater-item-fb87610\" href=\"https:\/\/siluet2000.com\/\" target=\"_blank\">\n\t\t\t\t\t\t<span class=\"elementor-screen-only\">Globe<\/span>\n\t\t\t\t\t\t<i aria-hidden=\"true\" class=\"fas fa-globe\"><\/i>\t\t\t\t\t<\/a>\n\t\t\t\t<\/span>\n\t\t\t\t\t\t\t<span class=\"elementor-grid-item\" role=\"listitem\">\n\t\t\t\t\t<a class=\"elementor-icon elementor-social-icon elementor-social-icon-phone-square-alt elementor-repeater-item-ef4fc5c\" href=\"tel:%20+573166340116\" target=\"_blank\">\n\t\t\t\t\t\t<span class=\"elementor-screen-only\">Phone-square-alt<\/span>\n\t\t\t\t\t\t<i aria-hidden=\"true\" class=\"fas fa-phone-square-alt\"><\/i>\t\t\t\t\t<\/a>\n\t\t\t\t<\/span>\n\t\t\t\t\t<\/div>\n\t\t\t\t\t\t<\/div>\n\t\t\t\t<\/div>\n\t\t\t\t\t<\/div>\n\t\t<\/div>\n\t\t\t\t<div class=\"elementor-column elementor-col-50 elementor-top-column elementor-element elementor-element-3d41b9f elementor-invisible\" data-id=\"3d41b9f\" data-element_type=\"column\" data-settings=\"{&quot;animation&quot;:&quot;fadeInRight&quot;}\">\n\t\t\t<div class=\"elementor-widget-wrap elementor-element-populated\">\n\t\t\t\t\t\t<div class=\"elementor-element elementor-element-a80d1c2 elementor-widget elementor-widget-image\" data-id=\"a80d1c2\" data-element_type=\"widget\" data-widget_type=\"image.default\">\n\t\t\t\t<div class=\"elementor-widget-container\">\n\t\t\t\t\t\t\t\t\t\t\t\t\t\t\t<img fetchpriority=\"high\" decoding=\"async\" width=\"800\" height=\"600\" src=\"https:\/\/globalintegralbeauty.com\/wp-content\/uploads\/2022\/10\/lyda-cabra.jpg\" class=\"attachment-large size-large wp-image-1341\" alt=\"\" srcset=\"https:\/\/globalintegralbeauty.com\/wp-content\/uploads\/2022\/10\/lyda-cabra.jpg 800w, https:\/\/globalintegralbeauty.com\/wp-content\/uploads\/2022\/10\/lyda-cabra-600x450.jpg 600w, https:\/\/globalintegralbeauty.com\/wp-content\/uploads\/2022\/10\/lyda-cabra-300x225.jpg 300w, https:\/\/globalintegralbeauty.com\/wp-content\/uploads\/2022\/10\/lyda-cabra-768x576.jpg 768w, https:\/\/globalintegralbeauty.com\/wp-content\/uploads\/2022\/10\/lyda-cabra-16x12.jpg 16w\" sizes=\"(max-width: 800px) 100vw, 800px\" \/>\t\t\t\t\t\t\t\t\t\t\t\t\t\t\t<\/div>\n\t\t\t\t<\/div>\n\t\t\t\t\t<\/div>\n\t\t<\/div>\n\t\t\t\t\t<\/div>\n\t\t<\/section>\n\t\t\t\t<section class=\"elementor-section elementor-top-section elementor-element elementor-element-f0d1e43 elementor-section-boxed elementor-section-height-default elementor-section-height-default\" data-id=\"f0d1e43\" data-element_type=\"section\">\n\t\t\t\t\t\t<div class=\"elementor-container elementor-column-gap-default\">\n\t\t\t\t\t<div class=\"elementor-column elementor-col-100 elementor-top-column elementor-element elementor-element-e9de994\" data-id=\"e9de994\" data-element_type=\"column\">\n\t\t\t<div class=\"elementor-widget-wrap elementor-element-populated\">\n\t\t\t\t\t\t<div class=\"elementor-element elementor-element-fdcff69 elementor-widget elementor-widget-text-editor\" data-id=\"fdcff69\" data-element_type=\"widget\" data-widget_type=\"text-editor.default\">\n\t\t\t\t<div class=\"elementor-widget-container\">\n\t\t\t\t\t\t\t\t\t<p>Inici\u00e9 mi ingreso al maravilloso mundo de la Est\u00e9tica y Cosmetolog\u00eda por una hermosa casualidad<\/p>\n<p>durante un viaje a Espa\u00f1a, en donde realizaba estudios de Quiropraxia y Naturismo. Corr\u00eda el a\u00f1o de 1986 y junto con mi esposo viajamos a estudiar medicinas alternativas, \u00e9l en el \u00e1rea de acupuntura y naturopat\u00eda y yo en el de t\u00e9cnicas manuales y quiropraxia.<\/p>\n<p><\/p>\n<p>Hac\u00edamos el equipo perfecto, estudiabamos de lunes a s\u00e1bado m\u00f3dulos en la ma\u00f1ana, en la tarde y los fines de semana. Dentro de mi programa aparec\u00eda un m\u00f3dulo que se llamaba Belleza natural, y en \u00e9l pude conocer t\u00e9cnicas y productos naturales para mejorar la apariencia f\u00edsica tanto facial como corporal, la aromaterapia y la fitoterapia.<\/p><p><br><\/p>\n<p><\/p>\n<p><\/p>\n<p>Cuando volvimos a nuestro pa\u00eds, comenzamos a trabajar en nuestro centro de terapias alternativas en el que pude combinar la medicina natural con la est\u00e9tica, all\u00ed aprend\u00ed que muchas personas le daban m\u00e1s importancia a los tratamientos est\u00e9ticos para mejorar su apariencia f\u00edsica que a los tratamientos para mejorar su salud, as\u00ed que, como experta en quiropraxia, comenc\u00e9 el abordaje de los problemas de dolor de espalda teniendo en cuenta los principales factores de riesgo que son la obesidad y el estr\u00e9s y a trav\u00e9s de tratamientos est\u00e9ticos y t\u00e9cnicas manuales logr\u00e9 resultados efectivos en muchos de mis usuarios.<\/p><p><br><\/p>\n<p><\/p>\n<p>Con el pasar del tiempo, aun casada y con 4 hijos, y con a\u00f1os de experiencias enriquecedoras que me fueron madurando, muchas personas me pidieron que les ense\u00f1ara mis t\u00e9cnicas de masajes manuales lo que inici\u00f3 un nuevo proyecto: crear un instituto y poder compartir nuestros conocimientos: As\u00ed naci\u00f3 La Escuela Colombiana para la Salud y la Est\u00e9tica Siluet 2000 en el a\u00f1o 1999 y el Primer Congreso Spa Internacional, en 2003, en el cual reunimos en Colombia a destacados conferencistas internacionales.<\/p><p><br><\/p>\n<p><\/p>\n<p>En 2006 tras la separaci\u00f3n de mi esposo, mis prioridades fueron 2: mis cuatro hijos y su futuro profesional y mi escuela, prioridades que hoy se han convertido en mis mayores satisfacciones.<\/p>\n<p><em>&nbsp;<\/em><\/p>\n<p><em>Pensando en la calidad de los conocimientos para mis alumnas realic\u00e9 actualizaciones en La Universidad LUZ de venezuela, Perfeccionamiento Cosmiatrico en Viviana Bustos de Argentina, y En la Universidad de Buenos Aires, Actualizaci\u00f3n en tratamientos cosmi\u00e1tricos, as\u00ed como tecnicatura en tratamientos Spa en&nbsp;<\/em><em style=\"color: var( --e-global-color-text ); font-family: var( --e-global-typography-text-font-family ), Sans-serif; font-size: var( --e-global-typography-text-font-size ); font-weight: var( --e-global-typography-text-font-weight );\">CICEA de Argentina.<\/em><\/p>\n<p><em style=\"color: var( --e-global-color-text ); font-family: var( --e-global-typography-text-font-family ), Sans-serif; font-size: var( --e-global-typography-text-font-size ); font-weight: var( --e-global-typography-text-font-weight );\">&nbsp;<\/em><\/p>\n<p><\/p>\n<p>En el a\u00f1o 2012 me gradu\u00e9 en la ESAP (Escuela Superior de Administraci\u00f3n P\u00fablica) como Administradora P\u00fablica, y en 2017 obtuve la Maestr\u00eda en Sistemas Integrales de Gesti\u00f3n en la Universidad Internacional de la Rioja de Espa\u00f1a, conocimientos que me han permitido implementar en mi instituci\u00f3n los sistemas de gesti\u00f3n de calidad y gesti\u00f3n para la salud y el trabajo.<\/p><p><br><\/p>\n<p><\/p>\n<p>En enero del 2020 fui convocada por un grupo de profesionales de la est\u00e9tica para que liderara el proyecto FECOBES, que inici\u00f3 con 4 personas y dos a\u00f1os despu\u00e9s somos 200 afiliadas.<\/p><p><br><\/p>\n<p><\/p>\n<p>Han pasado m\u00e1s de 30 a\u00f1os, a\u00fan tengo proyectos que vienen en camino a concretarse, porque esa es la vida: Sue\u00f1os, proyectos y objetivos que se tejen en un presente exitoso.<\/p>\t\t\t\t\t\t\t\t<\/div>\n\t\t\t\t<\/div>\n\t\t\t\t\t<\/div>\n\t\t<\/div>\n\t\t\t\t\t<\/div>\n\t\t<\/section>\n\t\t\t\t<\/div>","protected":false},"excerpt":{"rendered":"<p>INICIO LIBRO CO-AUTORES \ud83c\udde8\ud83c\uddf4Lyda Cabra CO-AUTORA Cosmiatra y Presidente de FECOBES. Est\u00e9tica Integral. Facebook Instagram Globe Phone-square-alt Inici\u00e9 mi ingreso al maravilloso mundo de la Est\u00e9tica y Cosmetolog\u00eda por una hermosa casualidad durante un viaje a Espa\u00f1a, en donde realizaba estudios de Quiropraxia y Naturismo. Corr\u00eda el a\u00f1o de 1986 y junto con mi esposo [&hellip;]<\/p>\n","protected":false},"author":1,"featured_media":0,"parent":0,"menu_order":0,"comment_status":"closed","ping_status":"closed","template":"elementor_header_footer","meta":{"footnotes":""},"class_list":["post-1339","page","type-page","status-publish","hentry"],"aioseo_notices":[],"_links":{"self":[{"href":"https:\/\/globalintegralbeauty.com\/en\/wp-json\/wp\/v2\/pages\/1339","targetHints":{"allow":["GET"]}}],"collection":[{"href":"https:\/\/globalintegralbeauty.com\/en\/wp-json\/wp\/v2\/pages"}],"about":[{"href":"https:\/\/globalintegralbeauty.com\/en\/wp-json\/wp\/v2\/types\/page"}],"author":[{"embeddable":true,"href":"https:\/\/globalintegralbeauty.com\/en\/wp-json\/wp\/v2\/users\/1"}],"replies":[{"embeddable":true,"href":"https:\/\/globalintegralbeauty.com\/en\/wp-json\/wp\/v2\/comments?post=1339"}],"version-history":[{"count":16,"href":"https:\/\/globalintegralbeauty.com\/en\/wp-json\/wp\/v2\/pages\/1339\/revisions"}],"predecessor-version":[{"id":4694,"href":"https:\/\/globalintegralbeauty.com\/en\/wp-json\/wp\/v2\/pages\/1339\/revisions\/4694"}],"wp:attachment":[{"href":"https:\/\/globalintegralbeauty.com\/en\/wp-json\/wp\/v2\/media?parent=1339"}],"curies":[{"name":"wp","href":"https:\/\/api.w.org\/{rel}","templated":true}]}}