{"id":1328,"date":"2022-10-12T18:44:48","date_gmt":"2022-10-12T18:44:48","guid":{"rendered":"https:\/\/globalintegralbeauty.com\/?page_id=1328"},"modified":"2024-01-25T09:58:24","modified_gmt":"2024-01-25T14:58:24","slug":"leslie-nunez","status":"publish","type":"page","link":"https:\/\/globalintegralbeauty.com\/en\/leslie-nunez\/","title":{"rendered":"Leslie Nunez"},"content":{"rendered":"<div data-elementor-type=\"wp-page\" data-elementor-id=\"1328\" class=\"elementor elementor-1328\" data-elementor-post-type=\"page\">\n\t\t\t\t\t\t<section class=\"elementor-section elementor-top-section elementor-element elementor-element-66a744b elementor-section-stretched elementor-reverse-mobile elementor-section-boxed elementor-section-height-default elementor-section-height-default\" data-id=\"66a744b\" data-element_type=\"section\" data-settings=\"{&quot;stretch_section&quot;:&quot;section-stretched&quot;}\">\n\t\t\t\t\t\t<div class=\"elementor-container elementor-column-gap-default\">\n\t\t\t\t\t<div class=\"elementor-column elementor-col-50 elementor-top-column elementor-element elementor-element-e8bad5c elementor-invisible\" data-id=\"e8bad5c\" data-element_type=\"column\" data-settings=\"{&quot;animation&quot;:&quot;fadeInLeft&quot;}\">\n\t\t\t<div class=\"elementor-widget-wrap elementor-element-populated\">\n\t\t\t\t\t\t<div class=\"elementor-element elementor-element-43be1a8 elementor-icon-list--layout-inline elementor-align-start elementor-list-item-link-full_width elementor-widget elementor-widget-icon-list\" data-id=\"43be1a8\" data-element_type=\"widget\" data-widget_type=\"icon-list.default\">\n\t\t\t\t<div class=\"elementor-widget-container\">\n\t\t\t\t\t\t\t<ul class=\"elementor-icon-list-items elementor-inline-items\">\n\t\t\t\t\t\t\t<li class=\"elementor-icon-list-item elementor-inline-item\">\n\t\t\t\t\t\t\t\t\t\t\t<a href=\"https:\/\/globalintegralbeauty.com\/en\/\">\n\n\t\t\t\t\t\t\t\t\t\t\t\t<span class=\"elementor-icon-list-icon\">\n\t\t\t\t\t\t\t<i aria-hidden=\"true\" class=\"fas fa-chevron-right\"><\/i>\t\t\t\t\t\t<\/span>\n\t\t\t\t\t\t\t\t\t\t<span class=\"elementor-icon-list-text\">HOME<\/span>\n\t\t\t\t\t\t\t\t\t\t\t<\/a>\n\t\t\t\t\t\t\t\t\t<\/li>\n\t\t\t\t\t\t\t\t<li class=\"elementor-icon-list-item elementor-inline-item\">\n\t\t\t\t\t\t\t\t\t\t\t<a href=\"https:\/\/globalintegralbeauty.com\/en\/libro-belleza-integral\/\">\n\n\t\t\t\t\t\t\t\t\t\t\t\t<span class=\"elementor-icon-list-icon\">\n\t\t\t\t\t\t\t<i aria-hidden=\"true\" class=\"fas fa-chevron-right\"><\/i>\t\t\t\t\t\t<\/span>\n\t\t\t\t\t\t\t\t\t\t<span class=\"elementor-icon-list-text\">BOOK<\/span>\n\t\t\t\t\t\t\t\t\t\t\t<\/a>\n\t\t\t\t\t\t\t\t\t<\/li>\n\t\t\t\t\t\t\t\t<li class=\"elementor-icon-list-item elementor-inline-item\">\n\t\t\t\t\t\t\t\t\t\t\t<a href=\"https:\/\/globalintegralbeauty.com\/en\/autores-edicion-1\/\">\n\n\t\t\t\t\t\t\t\t\t\t\t\t<span class=\"elementor-icon-list-icon\">\n\t\t\t\t\t\t\t<i aria-hidden=\"true\" class=\"fas fa-chevron-right\"><\/i>\t\t\t\t\t\t<\/span>\n\t\t\t\t\t\t\t\t\t\t<span class=\"elementor-icon-list-text\">CO-AUTHORS<\/span>\n\t\t\t\t\t\t\t\t\t\t\t<\/a>\n\t\t\t\t\t\t\t\t\t<\/li>\n\t\t\t\t\t\t<\/ul>\n\t\t\t\t\t\t<\/div>\n\t\t\t\t<\/div>\n\t\t\t\t<div class=\"elementor-element elementor-element-0960e50 elementor-widget elementor-widget-heading\" data-id=\"0960e50\" data-element_type=\"widget\" data-widget_type=\"heading.default\">\n\t\t\t\t<div class=\"elementor-widget-container\">\n\t\t\t\t\t<h2 class=\"elementor-heading-title elementor-size-default\">\ud83c\udde8\ud83c\uddf4Leslie Nu\u00f1ez<\/h2>\t\t\t\t<\/div>\n\t\t\t\t<\/div>\n\t\t\t\t<div class=\"elementor-element elementor-element-421acb4 elementor-widget elementor-widget-text-editor\" data-id=\"421acb4\" data-element_type=\"widget\" data-widget_type=\"text-editor.default\">\n\t\t\t\t<div class=\"elementor-widget-container\">\n\t\t\t\t\t\t\t\t\t<p><em>CO-AUTHOR<\/em><\/p>\t\t\t\t\t\t\t\t<\/div>\n\t\t\t\t<\/div>\n\t\t\t\t<div class=\"elementor-element elementor-element-83b2d39 elementor-widget elementor-widget-heading\" data-id=\"83b2d39\" data-element_type=\"widget\" data-widget_type=\"heading.default\">\n\t\t\t\t<div class=\"elementor-widget-container\">\n\t\t\t\t\t<h2 class=\"elementor-heading-title elementor-size-default\">Especialista en Tratmientos Corporales. Cosmiatra, Experta en T\u00e9cnicas Manuales y Linfodrenaje<\/h2>\t\t\t\t<\/div>\n\t\t\t\t<\/div>\n\t\t\t\t<div class=\"elementor-element elementor-element-d27d06e elementor-shape-circle e-grid-align-left e-grid-align-mobile-center elementor-grid-0 elementor-widget elementor-widget-social-icons\" data-id=\"d27d06e\" data-element_type=\"widget\" data-widget_type=\"social-icons.default\">\n\t\t\t\t<div class=\"elementor-widget-container\">\n\t\t\t\t\t\t\t<div class=\"elementor-social-icons-wrapper elementor-grid\" role=\"list\">\n\t\t\t\t\t\t\t<span class=\"elementor-grid-item\" role=\"listitem\">\n\t\t\t\t\t<a class=\"elementor-icon elementor-social-icon elementor-social-icon-facebook elementor-repeater-item-fcd3b5d\" href=\"https:\/\/www.facebook.com\/esteticaleslienunez\" target=\"_blank\">\n\t\t\t\t\t\t<span class=\"elementor-screen-only\">Facebook<\/span>\n\t\t\t\t\t\t<i aria-hidden=\"true\" class=\"fab fa-facebook\"><\/i>\t\t\t\t\t<\/a>\n\t\t\t\t<\/span>\n\t\t\t\t\t\t\t<span class=\"elementor-grid-item\" role=\"listitem\">\n\t\t\t\t\t<a class=\"elementor-icon elementor-social-icon elementor-social-icon-instagram elementor-repeater-item-f48794f\" href=\"https:\/\/www.instagram.com\/leslienunezg\/\" target=\"_blank\">\n\t\t\t\t\t\t<span class=\"elementor-screen-only\">Instagram<\/span>\n\t\t\t\t\t\t<i aria-hidden=\"true\" class=\"fab fa-instagram\"><\/i>\t\t\t\t\t<\/a>\n\t\t\t\t<\/span>\n\t\t\t\t\t\t\t<span class=\"elementor-grid-item\" role=\"listitem\">\n\t\t\t\t\t<a class=\"elementor-icon elementor-social-icon elementor-social-icon-globe elementor-repeater-item-ec0c0a9\" href=\"https:\/\/beacons.ai\/leslienunez\" target=\"_blank\">\n\t\t\t\t\t\t<span class=\"elementor-screen-only\">Globe<\/span>\n\t\t\t\t\t\t<i aria-hidden=\"true\" class=\"fas fa-globe\"><\/i>\t\t\t\t\t<\/a>\n\t\t\t\t<\/span>\n\t\t\t\t\t\t\t<span class=\"elementor-grid-item\" role=\"listitem\">\n\t\t\t\t\t<a class=\"elementor-icon elementor-social-icon elementor-social-icon-phone-square-alt elementor-repeater-item-5b83c98\" href=\"tel:%20+573107060628\" target=\"_blank\">\n\t\t\t\t\t\t<span class=\"elementor-screen-only\">Phone-square-alt<\/span>\n\t\t\t\t\t\t<i aria-hidden=\"true\" class=\"fas fa-phone-square-alt\"><\/i>\t\t\t\t\t<\/a>\n\t\t\t\t<\/span>\n\t\t\t\t\t<\/div>\n\t\t\t\t\t\t<\/div>\n\t\t\t\t<\/div>\n\t\t\t\t\t<\/div>\n\t\t<\/div>\n\t\t\t\t<div class=\"elementor-column elementor-col-50 elementor-top-column elementor-element elementor-element-3d41b9f elementor-invisible\" data-id=\"3d41b9f\" data-element_type=\"column\" data-settings=\"{&quot;animation&quot;:&quot;fadeInRight&quot;}\">\n\t\t\t<div class=\"elementor-widget-wrap elementor-element-populated\">\n\t\t\t\t\t\t<div class=\"elementor-element elementor-element-a80d1c2 elementor-widget elementor-widget-image\" data-id=\"a80d1c2\" data-element_type=\"widget\" data-widget_type=\"image.default\">\n\t\t\t\t<div class=\"elementor-widget-container\">\n\t\t\t\t\t\t\t\t\t\t\t\t\t\t\t<img fetchpriority=\"high\" decoding=\"async\" width=\"800\" height=\"600\" src=\"https:\/\/globalintegralbeauty.com\/wp-content\/uploads\/2022\/10\/leslie.jpg\" class=\"attachment-large size-large wp-image-1330\" alt=\"\" srcset=\"https:\/\/globalintegralbeauty.com\/wp-content\/uploads\/2022\/10\/leslie.jpg 800w, https:\/\/globalintegralbeauty.com\/wp-content\/uploads\/2022\/10\/leslie-600x450.jpg 600w, https:\/\/globalintegralbeauty.com\/wp-content\/uploads\/2022\/10\/leslie-300x225.jpg 300w, https:\/\/globalintegralbeauty.com\/wp-content\/uploads\/2022\/10\/leslie-768x576.jpg 768w, https:\/\/globalintegralbeauty.com\/wp-content\/uploads\/2022\/10\/leslie-16x12.jpg 16w\" sizes=\"(max-width: 800px) 100vw, 800px\" \/>\t\t\t\t\t\t\t\t\t\t\t\t\t\t\t<\/div>\n\t\t\t\t<\/div>\n\t\t\t\t\t<\/div>\n\t\t<\/div>\n\t\t\t\t\t<\/div>\n\t\t<\/section>\n\t\t\t\t<section class=\"elementor-section elementor-top-section elementor-element elementor-element-f0d1e43 elementor-section-boxed elementor-section-height-default elementor-section-height-default\" data-id=\"f0d1e43\" data-element_type=\"section\">\n\t\t\t\t\t\t<div class=\"elementor-container elementor-column-gap-default\">\n\t\t\t\t\t<div class=\"elementor-column elementor-col-100 elementor-top-column elementor-element elementor-element-e9de994\" data-id=\"e9de994\" data-element_type=\"column\">\n\t\t\t<div class=\"elementor-widget-wrap elementor-element-populated\">\n\t\t\t\t\t\t<div class=\"elementor-element elementor-element-fdcff69 elementor-widget elementor-widget-text-editor\" data-id=\"fdcff69\" data-element_type=\"widget\" data-widget_type=\"text-editor.default\">\n\t\t\t\t<div class=\"elementor-widget-container\">\n\t\t\t\t\t\t\t\t\t<p>Nacida en Cartagena Colombia el 13 de octubre de 1976. Catalogada y reconocida como una de las mejores esteticistas de Latinoam\u00e9rica por la CEB \u2013 C\u00edrculo Emprendedores de Belleza-, EA Capacitaciones Argentina y por el Colegio Internacional de Profesionistas de M\u00e9xico.<\/p><p>Esteticista- Cosmet\u00f3loga \u2013Cosmiatra, experta en t\u00e9cnicas manuales y linfodrenaje.Gerente de Medical Estethic S.A.S. Gerente de Inforza S.A.S<\/p><p>Speaker de Piel Premium Care<\/p><p>Miembro del Consejo superior de la mesa sectorial de servicios personales<\/p><p>Vicepresidente de FECOBES. Federaci\u00f3n Colombiana de Belleza y Est\u00e9tica<\/p><p>Disertante internacional<\/p><p>Al terminar mis estudios como esteticista &#8211; cosmet\u00f3logo fui llamada como docente en la instituci\u00f3n a la cual perteneci\u00f3, UNITEP \u2013 Unidad T\u00e9cnica de Estudios Especializados-; considero que mi capacidad y desempe\u00f1o fue un factor determinante para iniciar mi preparaci\u00f3n como docente y a partir de all\u00ed continu\u00e9 mi capacitaci\u00f3n.<\/p><p>\u00a0<\/p><p>Mi pr\u00e1ctica pedag\u00f3gica se ha constituido en una de las bases de transmisi\u00f3n, impartiendo formaci\u00f3n a un gremio de alta calidad. Mi car\u00e1cter investigativo me ha permitido una comprensi\u00f3n distinta y \u00fatil para generarme mayor entendimiento, llevando as\u00ed, una comunicaci\u00f3n asertiva docente \u2013 alumno, motivando siempre el esp\u00edritu investigador a mis estudiantes, entendiendo que la formaci\u00f3n debe ser reflexiva.<\/p><p>\u00a0<\/p><p>Me he dedicado especialmente al drenaje linf\u00e1tico manual pre y post operatorio de cirug\u00edas est\u00e9ticas, \u00e1rea en la cual me he preparado constantemente, actualiz\u00e1ndome y fortaleciendo cada d\u00eda m\u00e1s mi conocimiento.<\/p><p>Siempre suelo decir \u201cno hay una verdad absoluta\u00bb. En la ciencia a\u00fan hay mucho por descubrir, todo est\u00e1 basado en evidencias cient\u00edficas y lo que hoy es, ma\u00f1ana no. Tenemos que vaciar la copa para volverla a llenar. Nada es est\u00e1tico\u2026todo est\u00e1 en constante transformaci\u00f3n\u201d.<\/p><p>\u00a0<\/p><p><strong>Autora de diferentes t\u00e9cnicas:<\/strong><\/p><p>\u00a0<\/p><p>TNI <em>(terapia neuromuscular integrada) <\/em>para manejo del dolor. En este desarrollo una t\u00e9cnica manual en la cual los puntos gatillos (m\u00fasculos) y las gelosas dolorosas (fascia) son los protagonistas, enfoco mi trabajo en la palpaci\u00f3n, movilizaci\u00f3n y liberaci\u00f3n de estos. Mejorando todos los procesos reum\u00e1ticos del tejido blando, la postura y el movimiento.<\/p><p>Marcaci\u00f3n abdominal &#8211; t\u00e9cnica colombiana Leslie N\u00fa\u00f1ez. En esta se realiza t\u00e9cnica manual basada en un juego de luces y sombras. Luz para resaltar ciertas \u00e1reas de la regi\u00f3n abdominal (rectos abdominales), sombras para aplanar los m\u00fasculos oblicuos externo mayor y menor, profundidad para demarcar las l\u00edneas de marcaci\u00f3n (alba, semilunares, inguinales y transversales). En esta no se realiza hipertrofia<\/p><p>muscular.<\/p><p>\u00a0<\/p><p>Drenaje linf\u00e1tico manual avanzado Leslie N\u00fa\u00f1ez. En esta desarrolla una fusi\u00f3n de t\u00e9cnicas evidenciadas cient\u00edficamente con bases anat\u00f3micas, fisiol\u00f3gicas y fisiopatol\u00f3gicas en el manejo pre y postquir\u00fargico de cirug\u00edas est\u00e9ticas atendiendo de forma integral las fases de reparaci\u00f3n tisular.<\/p><p>\u00a0<\/p><p>\u00a0<\/p><p>\u00a0<\/p>\t\t\t\t\t\t\t\t<\/div>\n\t\t\t\t<\/div>\n\t\t\t\t\t<\/div>\n\t\t<\/div>\n\t\t\t\t\t<\/div>\n\t\t<\/section>\n\t\t\t\t<\/div>","protected":false},"excerpt":{"rendered":"<p>INICIO LIBRO CO-AUTORES \ud83c\udde8\ud83c\uddf4Leslie Nu\u00f1ez CO-AUTORA Especialista en Tratmientos Corporales. Cosmiatra, Experta en T\u00e9cnicas Manuales y Linfodrenaje Facebook Instagram Globe Phone-square-alt Nacida en Cartagena Colombia el 13 de octubre de 1976. Catalogada y reconocida como una de las mejores esteticistas de Latinoam\u00e9rica por la CEB \u2013 C\u00edrculo Emprendedores de Belleza-, EA Capacitaciones Argentina y por [&hellip;]<\/p>\n","protected":false},"author":1,"featured_media":0,"parent":0,"menu_order":0,"comment_status":"closed","ping_status":"closed","template":"elementor_header_footer","meta":{"footnotes":""},"class_list":["post-1328","page","type-page","status-publish","hentry"],"aioseo_notices":[],"_links":{"self":[{"href":"https:\/\/globalintegralbeauty.com\/en\/wp-json\/wp\/v2\/pages\/1328","targetHints":{"allow":["GET"]}}],"collection":[{"href":"https:\/\/globalintegralbeauty.com\/en\/wp-json\/wp\/v2\/pages"}],"about":[{"href":"https:\/\/globalintegralbeauty.com\/en\/wp-json\/wp\/v2\/types\/page"}],"author":[{"embeddable":true,"href":"https:\/\/globalintegralbeauty.com\/en\/wp-json\/wp\/v2\/users\/1"}],"replies":[{"embeddable":true,"href":"https:\/\/globalintegralbeauty.com\/en\/wp-json\/wp\/v2\/comments?post=1328"}],"version-history":[{"count":7,"href":"https:\/\/globalintegralbeauty.com\/en\/wp-json\/wp\/v2\/pages\/1328\/revisions"}],"predecessor-version":[{"id":4710,"href":"https:\/\/globalintegralbeauty.com\/en\/wp-json\/wp\/v2\/pages\/1328\/revisions\/4710"}],"wp:attachment":[{"href":"https:\/\/globalintegralbeauty.com\/en\/wp-json\/wp\/v2\/media?parent=1328"}],"curies":[{"name":"wp","href":"https:\/\/api.w.org\/{rel}","templated":true}]}}