{"id":1318,"date":"2022-10-12T17:13:33","date_gmt":"2022-10-12T17:13:33","guid":{"rendered":"https:\/\/globalintegralbeauty.com\/?page_id=1318"},"modified":"2024-01-25T09:52:05","modified_gmt":"2024-01-25T14:52:05","slug":"rene-villa","status":"publish","type":"page","link":"https:\/\/globalintegralbeauty.com\/en\/rene-villa\/","title":{"rendered":"Rene Villa"},"content":{"rendered":"<div data-elementor-type=\"wp-page\" data-elementor-id=\"1318\" class=\"elementor elementor-1318\" data-elementor-post-type=\"page\">\n\t\t\t\t\t\t<section class=\"elementor-section elementor-top-section elementor-element elementor-element-66a744b elementor-section-stretched elementor-reverse-mobile elementor-section-boxed elementor-section-height-default elementor-section-height-default\" data-id=\"66a744b\" data-element_type=\"section\" data-settings=\"{&quot;stretch_section&quot;:&quot;section-stretched&quot;}\">\n\t\t\t\t\t\t<div class=\"elementor-container elementor-column-gap-default\">\n\t\t\t\t\t<div class=\"elementor-column elementor-col-50 elementor-top-column elementor-element elementor-element-e8bad5c elementor-invisible\" data-id=\"e8bad5c\" data-element_type=\"column\" data-settings=\"{&quot;animation&quot;:&quot;fadeInLeft&quot;}\">\n\t\t\t<div class=\"elementor-widget-wrap elementor-element-populated\">\n\t\t\t\t\t\t<div class=\"elementor-element elementor-element-43be1a8 elementor-icon-list--layout-inline elementor-align-start elementor-list-item-link-full_width elementor-widget elementor-widget-icon-list\" data-id=\"43be1a8\" data-element_type=\"widget\" data-widget_type=\"icon-list.default\">\n\t\t\t\t<div class=\"elementor-widget-container\">\n\t\t\t\t\t\t\t<ul class=\"elementor-icon-list-items elementor-inline-items\">\n\t\t\t\t\t\t\t<li class=\"elementor-icon-list-item elementor-inline-item\">\n\t\t\t\t\t\t\t\t\t\t\t<a href=\"https:\/\/globalintegralbeauty.com\/en\/\">\n\n\t\t\t\t\t\t\t\t\t\t\t\t<span class=\"elementor-icon-list-icon\">\n\t\t\t\t\t\t\t<i aria-hidden=\"true\" class=\"fas fa-chevron-right\"><\/i>\t\t\t\t\t\t<\/span>\n\t\t\t\t\t\t\t\t\t\t<span class=\"elementor-icon-list-text\">HOME<\/span>\n\t\t\t\t\t\t\t\t\t\t\t<\/a>\n\t\t\t\t\t\t\t\t\t<\/li>\n\t\t\t\t\t\t\t\t<li class=\"elementor-icon-list-item elementor-inline-item\">\n\t\t\t\t\t\t\t\t\t\t\t<a href=\"https:\/\/globalintegralbeauty.com\/en\/libro-belleza-integral\/\">\n\n\t\t\t\t\t\t\t\t\t\t\t\t<span class=\"elementor-icon-list-icon\">\n\t\t\t\t\t\t\t<i aria-hidden=\"true\" class=\"fas fa-chevron-right\"><\/i>\t\t\t\t\t\t<\/span>\n\t\t\t\t\t\t\t\t\t\t<span class=\"elementor-icon-list-text\">BOOK<\/span>\n\t\t\t\t\t\t\t\t\t\t\t<\/a>\n\t\t\t\t\t\t\t\t\t<\/li>\n\t\t\t\t\t\t\t\t<li class=\"elementor-icon-list-item elementor-inline-item\">\n\t\t\t\t\t\t\t\t\t\t\t<a href=\"https:\/\/globalintegralbeauty.com\/en\/autores-edicion-1\/\">\n\n\t\t\t\t\t\t\t\t\t\t\t\t<span class=\"elementor-icon-list-icon\">\n\t\t\t\t\t\t\t<i aria-hidden=\"true\" class=\"fas fa-chevron-right\"><\/i>\t\t\t\t\t\t<\/span>\n\t\t\t\t\t\t\t\t\t\t<span class=\"elementor-icon-list-text\">CO-AUTHORS<\/span>\n\t\t\t\t\t\t\t\t\t\t\t<\/a>\n\t\t\t\t\t\t\t\t\t<\/li>\n\t\t\t\t\t\t<\/ul>\n\t\t\t\t\t\t<\/div>\n\t\t\t\t<\/div>\n\t\t\t\t<div class=\"elementor-element elementor-element-0960e50 elementor-widget elementor-widget-heading\" data-id=\"0960e50\" data-element_type=\"widget\" data-widget_type=\"heading.default\">\n\t\t\t\t<div class=\"elementor-widget-container\">\n\t\t\t\t\t<h2 class=\"elementor-heading-title elementor-size-default\">\ud83c\uddfa\ud83c\uddf8Rene Villa<\/h2>\t\t\t\t<\/div>\n\t\t\t\t<\/div>\n\t\t\t\t<div class=\"elementor-element elementor-element-421acb4 elementor-widget elementor-widget-text-editor\" data-id=\"421acb4\" data-element_type=\"widget\" data-widget_type=\"text-editor.default\">\n\t\t\t\t<div class=\"elementor-widget-container\">\n\t\t\t\t\t\t\t\t\t<p><em>CO-AUTHOR<\/em><\/p>\t\t\t\t\t\t\t\t<\/div>\n\t\t\t\t<\/div>\n\t\t\t\t<div class=\"elementor-element elementor-element-83b2d39 elementor-widget elementor-widget-heading\" data-id=\"83b2d39\" data-element_type=\"widget\" data-widget_type=\"heading.default\">\n\t\t\t\t<div class=\"elementor-widget-container\">\n\t\t\t\t\t<h2 class=\"elementor-heading-title elementor-size-default\">Especialista en Terapias Musculares.<\/h2>\t\t\t\t<\/div>\n\t\t\t\t<\/div>\n\t\t\t\t<div class=\"elementor-element elementor-element-d27d06e elementor-shape-circle e-grid-align-left e-grid-align-mobile-center elementor-grid-0 elementor-widget elementor-widget-social-icons\" data-id=\"d27d06e\" data-element_type=\"widget\" data-widget_type=\"social-icons.default\">\n\t\t\t\t<div class=\"elementor-widget-container\">\n\t\t\t\t\t\t\t<div class=\"elementor-social-icons-wrapper elementor-grid\" role=\"list\">\n\t\t\t\t\t\t\t<span class=\"elementor-grid-item\" role=\"listitem\">\n\t\t\t\t\t<a class=\"elementor-icon elementor-social-icon elementor-social-icon-facebook elementor-repeater-item-fcd3b5d\" href=\"https:\/\/www.facebook.com\/therecoverylabandcryo\/\" target=\"_blank\">\n\t\t\t\t\t\t<span class=\"elementor-screen-only\">Facebook<\/span>\n\t\t\t\t\t\t<i aria-hidden=\"true\" class=\"fab fa-facebook\"><\/i>\t\t\t\t\t<\/a>\n\t\t\t\t<\/span>\n\t\t\t\t\t\t\t<span class=\"elementor-grid-item\" role=\"listitem\">\n\t\t\t\t\t<a class=\"elementor-icon elementor-social-icon elementor-social-icon-instagram elementor-repeater-item-f48794f\" href=\"https:\/\/www.instagram.com\/therecoverylabandcryo\/\" target=\"_blank\">\n\t\t\t\t\t\t<span class=\"elementor-screen-only\">Instagram<\/span>\n\t\t\t\t\t\t<i aria-hidden=\"true\" class=\"fab fa-instagram\"><\/i>\t\t\t\t\t<\/a>\n\t\t\t\t<\/span>\n\t\t\t\t\t\t\t<span class=\"elementor-grid-item\" role=\"listitem\">\n\t\t\t\t\t<a class=\"elementor-icon elementor-social-icon elementor-social-icon-globe elementor-repeater-item-c52c5bd\" href=\"https:\/\/www.therecoverylabandcryo.com\/\" target=\"_blank\">\n\t\t\t\t\t\t<span class=\"elementor-screen-only\">Globe<\/span>\n\t\t\t\t\t\t<i aria-hidden=\"true\" class=\"fas fa-globe\"><\/i>\t\t\t\t\t<\/a>\n\t\t\t\t<\/span>\n\t\t\t\t\t\t\t<span class=\"elementor-grid-item\" role=\"listitem\">\n\t\t\t\t\t<a class=\"elementor-icon elementor-social-icon elementor-social-icon-phone-square-alt elementor-repeater-item-c6423e2\" href=\"tel:%20+15122917877\" target=\"_blank\">\n\t\t\t\t\t\t<span class=\"elementor-screen-only\">Phone-square-alt<\/span>\n\t\t\t\t\t\t<i aria-hidden=\"true\" class=\"fas fa-phone-square-alt\"><\/i>\t\t\t\t\t<\/a>\n\t\t\t\t<\/span>\n\t\t\t\t\t<\/div>\n\t\t\t\t\t\t<\/div>\n\t\t\t\t<\/div>\n\t\t\t\t\t<\/div>\n\t\t<\/div>\n\t\t\t\t<div class=\"elementor-column elementor-col-50 elementor-top-column elementor-element elementor-element-3d41b9f elementor-invisible\" data-id=\"3d41b9f\" data-element_type=\"column\" data-settings=\"{&quot;animation&quot;:&quot;fadeInRight&quot;}\">\n\t\t\t<div class=\"elementor-widget-wrap elementor-element-populated\">\n\t\t\t\t\t\t<div class=\"elementor-element elementor-element-a80d1c2 elementor-widget elementor-widget-image\" data-id=\"a80d1c2\" data-element_type=\"widget\" data-widget_type=\"image.default\">\n\t\t\t\t<div class=\"elementor-widget-container\">\n\t\t\t\t\t\t\t\t\t\t\t\t\t\t\t<img fetchpriority=\"high\" decoding=\"async\" width=\"800\" height=\"600\" src=\"https:\/\/globalintegralbeauty.com\/wp-content\/uploads\/2022\/10\/rene-villa.jpg\" class=\"attachment-large size-large wp-image-1320\" alt=\"\" srcset=\"https:\/\/globalintegralbeauty.com\/wp-content\/uploads\/2022\/10\/rene-villa.jpg 800w, https:\/\/globalintegralbeauty.com\/wp-content\/uploads\/2022\/10\/rene-villa-600x450.jpg 600w, https:\/\/globalintegralbeauty.com\/wp-content\/uploads\/2022\/10\/rene-villa-300x225.jpg 300w, https:\/\/globalintegralbeauty.com\/wp-content\/uploads\/2022\/10\/rene-villa-768x576.jpg 768w, https:\/\/globalintegralbeauty.com\/wp-content\/uploads\/2022\/10\/rene-villa-16x12.jpg 16w\" sizes=\"(max-width: 800px) 100vw, 800px\" \/>\t\t\t\t\t\t\t\t\t\t\t\t\t\t\t<\/div>\n\t\t\t\t<\/div>\n\t\t\t\t\t<\/div>\n\t\t<\/div>\n\t\t\t\t\t<\/div>\n\t\t<\/section>\n\t\t\t\t<section class=\"elementor-section elementor-top-section elementor-element elementor-element-4860346 elementor-section-boxed elementor-section-height-default elementor-section-height-default\" data-id=\"4860346\" data-element_type=\"section\">\n\t\t\t\t\t\t<div class=\"elementor-container elementor-column-gap-default\">\n\t\t\t\t\t<div class=\"elementor-column elementor-col-100 elementor-top-column elementor-element elementor-element-8cfd2c9\" data-id=\"8cfd2c9\" data-element_type=\"column\">\n\t\t\t<div class=\"elementor-widget-wrap elementor-element-populated\">\n\t\t\t\t\t\t<div class=\"elementor-element elementor-element-d0a21d4 elementor-widget elementor-widget-video\" data-id=\"d0a21d4\" data-element_type=\"widget\" data-settings=\"{&quot;youtube_url&quot;:&quot;https:\\\/\\\/www.youtube.com\\\/watch?v=dPJxJH8rlTo&amp;list=PLQeebOypZCbVBttuSjAI9fPkEeg-uWovq&amp;index=9&quot;,&quot;video_type&quot;:&quot;youtube&quot;,&quot;controls&quot;:&quot;yes&quot;}\" data-widget_type=\"video.default\">\n\t\t\t\t<div class=\"elementor-widget-container\">\n\t\t\t\t\t\t\t<div class=\"elementor-wrapper elementor-open-inline\">\n\t\t\t<div class=\"elementor-video\"><\/div>\t\t<\/div>\n\t\t\t\t\t\t<\/div>\n\t\t\t\t<\/div>\n\t\t\t\t\t<\/div>\n\t\t<\/div>\n\t\t\t\t\t<\/div>\n\t\t<\/section>\n\t\t\t\t<section class=\"elementor-section elementor-top-section elementor-element elementor-element-f0d1e43 elementor-section-boxed elementor-section-height-default elementor-section-height-default\" data-id=\"f0d1e43\" data-element_type=\"section\">\n\t\t\t\t\t\t<div class=\"elementor-container elementor-column-gap-default\">\n\t\t\t\t\t<div class=\"elementor-column elementor-col-100 elementor-top-column elementor-element elementor-element-e9de994\" data-id=\"e9de994\" data-element_type=\"column\">\n\t\t\t<div class=\"elementor-widget-wrap elementor-element-populated\">\n\t\t\t\t\t\t<div class=\"elementor-element elementor-element-fdcff69 elementor-widget elementor-widget-text-editor\" data-id=\"fdcff69\" data-element_type=\"widget\" data-widget_type=\"text-editor.default\">\n\t\t\t\t<div class=\"elementor-widget-container\">\n\t\t\t\t\t\t\t\t\t<p><strong>Cuidar nuestro cuerpo es clave para la salud f\u00edsica y de la mente.<\/strong><\/p><p>\u00a0<\/p><p>Mi nombre es Rene Villa Sarmiento, nac\u00ed en M\u00e9xico D.F el 6 de mayo de 1976, viv\u00ed muy feliz con mi Pap\u00e1, Mam\u00e1 y cuatro hermanos del cual soy el menor, siendo una familia de clase media baja siempre tuvimos lo necesario pero el deporte para mis padres siempre fue una base de educaci\u00f3n muy importante, recuerdo desde muy peque\u00f1o jugar deportes con mis hermanos.<\/p><p>\u00a0<\/p><p>Estar envueltos en nataci\u00f3n, clavadismo, soccer, b\u00e9isbol y ver el estricto r\u00e9gimen de un hermano compitiendo en f\u00edsico culturismo influy\u00f3 mucho la forma de aprender a cuidarme mejor.<\/p><p>\u00a0<\/p><p>A los doce a\u00f1os de edad perd\u00ed a mi Padre que fue algo que cambi\u00f3 nuestras vidas por completo, nos llev\u00f3 a vivir a muchos lados y con eso mi rutina cambi\u00f3, pero siempre mantuve esos cimientos del deporte, se forj\u00f3 en m\u00ed el vivir bien y entend\u00ed que el bienestar f\u00edsico y mental es fundamental para poder desarrollar plenamente nuestras actividades y hacerle frente al estr\u00e9s de la vida diaria, ser productivos en el \u00e1mbito laboral y personal.<\/p><p>\u00a0<\/p><p>En los 80\u2019s estaba muy de moda el f\u00edsico culturismo y por supuesto mis hermanos estaban ah\u00ed, sin embargo, tuve que emigrar a USA a los 20 a\u00f1os, empezando de nuevo, siempre positivo y con unas ra\u00edces muy s\u00f3lidas para salir adelante. Me envolv\u00ed en hoteler\u00eda estableci\u00e9ndome en Los Angeles, California, trabaj\u00e9 en el Wilshire Four Seasons Hotel de Beverly Hills donde comenc\u00e9 a aprender m\u00e1s acerca de terapias, spas, centros de bienestar y al mismo tiempo continu\u00f3 mi pasi\u00f3n por el atletismo, corr\u00ed en 4 L.A.Maratones, cada uno de 4 a 5 horas, estuve en un equipo de Jiu-Jiutsu por corto tiempo y simplemente me encantaba pero me mud\u00e9 a Austin Texas, y de igual manera trabaj\u00e9 en hoteles y resorts reconocidos de la ciudad, fue all\u00ed donde empez\u00f3 mi aventura pues conoc\u00ed a la persona que hoy en d\u00eda es mi mejor amiga, hoy socia, la mejor esposa y madre para mis hijas.<\/p><p>\u00a0<\/p><p><em>Segu\u00ed entrenando Jiu- Jiutsu y el notar el desgaste muscular me hizo comenzar a hacer Crioterapia, sab\u00eda que el hielo era muy bueno pero no ten\u00eda idea del impacto que causar\u00eda en mi vida, integr\u00e9 otras terapias a mi recuperaci\u00f3n y de primera mano prob\u00e9 las modalidades que cambiaron mi vida, comenc\u00e9 a investigar\u00a0<\/em><em style=\"color: var( --e-global-color-text ); font-family: var( --e-global-typography-text-font-family ), Sans-serif; font-size: var( --e-global-typography-text-font-size ); font-weight: var( --e-global-typography-text-font-weight );\">m\u00e1s, a conocer y educarme m\u00e1s en el tema, tom\u00e9 algunos cursos informativos y tras la pandemia pude integrarme en entrenamientos de nutrici\u00f3n y cuidado personal, un mes despu\u00e9s sufr\u00ed una lesi\u00f3n de menisco en mi rodilla derecha y me tuvieron que operar, despu\u00e9s de terapias diarias, al mes estaba compitiendo y ganando 2do y 3er lugar.<\/em><\/p><p>\u00a0<\/p><p>Todo esto me llev\u00f3 a especializarme en terapias musculares con las mejores compa\u00f1\u00edas en la industria, me siento orgulloso de este proyecto con el objetivo de que puedan vivir una mejor vida ofreci\u00e9ndoles lo m\u00e1s nuevo e innovador en un terreno que a\u00fan est\u00e1 en proceso de descubrimiento en nuestra comunidad latinoamericana.<\/p>\t\t\t\t\t\t\t\t<\/div>\n\t\t\t\t<\/div>\n\t\t\t\t\t<\/div>\n\t\t<\/div>\n\t\t\t\t\t<\/div>\n\t\t<\/section>\n\t\t\t\t<\/div>","protected":false},"excerpt":{"rendered":"<p>INICIO LIBRO CO-AUTORES \ud83c\uddfa\ud83c\uddf8Rene Villa CO-AUTOR Especialista en Terapias Musculares. Facebook Instagram Globe Phone-square-alt https:\/\/www.youtube.com\/watch?v=dPJxJH8rlTo&#038;list=PLQeebOypZCbVBttuSjAI9fPkEeg-uWovq&#038;index=9 Cuidar nuestro cuerpo es clave para la salud f\u00edsica y de la mente. \u00a0 Mi nombre es Rene Villa Sarmiento, nac\u00ed en M\u00e9xico D.F el 6 de mayo de 1976, viv\u00ed muy feliz con mi Pap\u00e1, Mam\u00e1 y cuatro hermanos [&hellip;]<\/p>\n","protected":false},"author":1,"featured_media":0,"parent":0,"menu_order":0,"comment_status":"closed","ping_status":"closed","template":"elementor_header_footer","meta":{"footnotes":""},"class_list":["post-1318","page","type-page","status-publish","hentry"],"aioseo_notices":[],"_links":{"self":[{"href":"https:\/\/globalintegralbeauty.com\/en\/wp-json\/wp\/v2\/pages\/1318","targetHints":{"allow":["GET"]}}],"collection":[{"href":"https:\/\/globalintegralbeauty.com\/en\/wp-json\/wp\/v2\/pages"}],"about":[{"href":"https:\/\/globalintegralbeauty.com\/en\/wp-json\/wp\/v2\/types\/page"}],"author":[{"embeddable":true,"href":"https:\/\/globalintegralbeauty.com\/en\/wp-json\/wp\/v2\/users\/1"}],"replies":[{"embeddable":true,"href":"https:\/\/globalintegralbeauty.com\/en\/wp-json\/wp\/v2\/comments?post=1318"}],"version-history":[{"count":13,"href":"https:\/\/globalintegralbeauty.com\/en\/wp-json\/wp\/v2\/pages\/1318\/revisions"}],"predecessor-version":[{"id":4701,"href":"https:\/\/globalintegralbeauty.com\/en\/wp-json\/wp\/v2\/pages\/1318\/revisions\/4701"}],"wp:attachment":[{"href":"https:\/\/globalintegralbeauty.com\/en\/wp-json\/wp\/v2\/media?parent=1318"}],"curies":[{"name":"wp","href":"https:\/\/api.w.org\/{rel}","templated":true}]}}