{"id":1293,"date":"2022-10-12T15:23:26","date_gmt":"2022-10-12T15:23:26","guid":{"rendered":"https:\/\/globalintegralbeauty.com\/?page_id=1293"},"modified":"2024-01-25T10:18:07","modified_gmt":"2024-01-25T15:18:07","slug":"dr-fulvio-correa","status":"publish","type":"page","link":"https:\/\/globalintegralbeauty.com\/en\/dr-fulvio-correa\/","title":{"rendered":"Dr Fulvio Correa"},"content":{"rendered":"<div data-elementor-type=\"wp-page\" data-elementor-id=\"1293\" class=\"elementor elementor-1293\" data-elementor-post-type=\"page\">\n\t\t\t\t\t\t<section class=\"elementor-section elementor-top-section elementor-element elementor-element-66a744b elementor-section-stretched elementor-reverse-mobile elementor-section-boxed elementor-section-height-default elementor-section-height-default\" data-id=\"66a744b\" data-element_type=\"section\" data-settings=\"{&quot;stretch_section&quot;:&quot;section-stretched&quot;}\">\n\t\t\t\t\t\t<div class=\"elementor-container elementor-column-gap-default\">\n\t\t\t\t\t<div class=\"elementor-column elementor-col-50 elementor-top-column elementor-element elementor-element-e8bad5c elementor-invisible\" data-id=\"e8bad5c\" data-element_type=\"column\" data-settings=\"{&quot;animation&quot;:&quot;fadeInLeft&quot;}\">\n\t\t\t<div class=\"elementor-widget-wrap elementor-element-populated\">\n\t\t\t\t\t\t<div class=\"elementor-element elementor-element-43be1a8 elementor-icon-list--layout-inline elementor-align-start elementor-list-item-link-full_width elementor-widget elementor-widget-icon-list\" data-id=\"43be1a8\" data-element_type=\"widget\" data-widget_type=\"icon-list.default\">\n\t\t\t\t<div class=\"elementor-widget-container\">\n\t\t\t\t\t\t\t<ul class=\"elementor-icon-list-items elementor-inline-items\">\n\t\t\t\t\t\t\t<li class=\"elementor-icon-list-item elementor-inline-item\">\n\t\t\t\t\t\t\t\t\t\t\t<a href=\"https:\/\/globalintegralbeauty.com\/en\/\">\n\n\t\t\t\t\t\t\t\t\t\t\t\t<span class=\"elementor-icon-list-icon\">\n\t\t\t\t\t\t\t<i aria-hidden=\"true\" class=\"fas fa-chevron-right\"><\/i>\t\t\t\t\t\t<\/span>\n\t\t\t\t\t\t\t\t\t\t<span class=\"elementor-icon-list-text\">HOME<\/span>\n\t\t\t\t\t\t\t\t\t\t\t<\/a>\n\t\t\t\t\t\t\t\t\t<\/li>\n\t\t\t\t\t\t\t\t<li class=\"elementor-icon-list-item elementor-inline-item\">\n\t\t\t\t\t\t\t\t\t\t\t<a href=\"https:\/\/globalintegralbeauty.com\/en\/libro-belleza-integral\/\">\n\n\t\t\t\t\t\t\t\t\t\t\t\t<span class=\"elementor-icon-list-icon\">\n\t\t\t\t\t\t\t<i aria-hidden=\"true\" class=\"fas fa-chevron-right\"><\/i>\t\t\t\t\t\t<\/span>\n\t\t\t\t\t\t\t\t\t\t<span class=\"elementor-icon-list-text\">BOOK<\/span>\n\t\t\t\t\t\t\t\t\t\t\t<\/a>\n\t\t\t\t\t\t\t\t\t<\/li>\n\t\t\t\t\t\t\t\t<li class=\"elementor-icon-list-item elementor-inline-item\">\n\t\t\t\t\t\t\t\t\t\t\t<a href=\"https:\/\/globalintegralbeauty.com\/en\/autores-edicion-1\/\">\n\n\t\t\t\t\t\t\t\t\t\t\t\t<span class=\"elementor-icon-list-icon\">\n\t\t\t\t\t\t\t<i aria-hidden=\"true\" class=\"fas fa-chevron-right\"><\/i>\t\t\t\t\t\t<\/span>\n\t\t\t\t\t\t\t\t\t\t<span class=\"elementor-icon-list-text\">CO-AUTHORS<\/span>\n\t\t\t\t\t\t\t\t\t\t\t<\/a>\n\t\t\t\t\t\t\t\t\t<\/li>\n\t\t\t\t\t\t<\/ul>\n\t\t\t\t\t\t<\/div>\n\t\t\t\t<\/div>\n\t\t\t\t<div class=\"elementor-element elementor-element-0960e50 elementor-widget elementor-widget-heading\" data-id=\"0960e50\" data-element_type=\"widget\" data-widget_type=\"heading.default\">\n\t\t\t\t<div class=\"elementor-widget-container\">\n\t\t\t\t\t<h2 class=\"elementor-heading-title elementor-size-default\">\ud83c\udde8\ud83c\uddf4DR. FULVIO CORREA<\/h2>\t\t\t\t<\/div>\n\t\t\t\t<\/div>\n\t\t\t\t<div class=\"elementor-element elementor-element-421acb4 elementor-widget elementor-widget-text-editor\" data-id=\"421acb4\" data-element_type=\"widget\" data-widget_type=\"text-editor.default\">\n\t\t\t\t<div class=\"elementor-widget-container\">\n\t\t\t\t\t\t\t\t\t<p><em>CO-AUTHOR<\/em><\/p>\t\t\t\t\t\t\t\t<\/div>\n\t\t\t\t<\/div>\n\t\t\t\t<div class=\"elementor-element elementor-element-83b2d39 elementor-widget elementor-widget-heading\" data-id=\"83b2d39\" data-element_type=\"widget\" data-widget_type=\"heading.default\">\n\t\t\t\t<div class=\"elementor-widget-container\">\n\t\t\t\t\t<h2 class=\"elementor-heading-title elementor-size-default\">Plastic, Esthetic and Reconstructive Surgeon<\/h2>\t\t\t\t<\/div>\n\t\t\t\t<\/div>\n\t\t\t\t<div class=\"elementor-element elementor-element-d27d06e elementor-shape-circle e-grid-align-left e-grid-align-mobile-center elementor-grid-0 elementor-widget elementor-widget-social-icons\" data-id=\"d27d06e\" data-element_type=\"widget\" data-widget_type=\"social-icons.default\">\n\t\t\t\t<div class=\"elementor-widget-container\">\n\t\t\t\t\t\t\t<div class=\"elementor-social-icons-wrapper elementor-grid\" role=\"list\">\n\t\t\t\t\t\t\t<span class=\"elementor-grid-item\" role=\"listitem\">\n\t\t\t\t\t<a class=\"elementor-icon elementor-social-icon elementor-social-icon-facebook elementor-repeater-item-f5e1b56\" href=\"https:\/\/www.facebook.com\/profile.php?id=100084770590735\" target=\"_blank\">\n\t\t\t\t\t\t<span class=\"elementor-screen-only\">Facebook<\/span>\n\t\t\t\t\t\t<i aria-hidden=\"true\" class=\"fab fa-facebook\"><\/i>\t\t\t\t\t<\/a>\n\t\t\t\t<\/span>\n\t\t\t\t\t\t\t<span class=\"elementor-grid-item\" role=\"listitem\">\n\t\t\t\t\t<a class=\"elementor-icon elementor-social-icon elementor-social-icon-instagram elementor-repeater-item-fcd3b5d\" href=\"https:\/\/www.instagram.com\/drfulviocorrea\/\" target=\"_blank\">\n\t\t\t\t\t\t<span class=\"elementor-screen-only\">Instagram<\/span>\n\t\t\t\t\t\t<i aria-hidden=\"true\" class=\"fab fa-instagram\"><\/i>\t\t\t\t\t<\/a>\n\t\t\t\t<\/span>\n\t\t\t\t\t\t\t<span class=\"elementor-grid-item\" role=\"listitem\">\n\t\t\t\t\t<a class=\"elementor-icon elementor-social-icon elementor-social-icon-globe elementor-repeater-item-816b035\" href=\"https:\/\/fulviocorrea.com\/\" target=\"_blank\">\n\t\t\t\t\t\t<span class=\"elementor-screen-only\">Globe<\/span>\n\t\t\t\t\t\t<i aria-hidden=\"true\" class=\"fas fa-globe\"><\/i>\t\t\t\t\t<\/a>\n\t\t\t\t<\/span>\n\t\t\t\t\t\t\t<span class=\"elementor-grid-item\" role=\"listitem\">\n\t\t\t\t\t<a class=\"elementor-icon elementor-social-icon elementor-social-icon-phone-square-alt elementor-repeater-item-7d59099\" href=\"tel:%20+573183516267\" target=\"_blank\">\n\t\t\t\t\t\t<span class=\"elementor-screen-only\">Phone-square-alt<\/span>\n\t\t\t\t\t\t<i aria-hidden=\"true\" class=\"fas fa-phone-square-alt\"><\/i>\t\t\t\t\t<\/a>\n\t\t\t\t<\/span>\n\t\t\t\t\t<\/div>\n\t\t\t\t\t\t<\/div>\n\t\t\t\t<\/div>\n\t\t\t\t\t<\/div>\n\t\t<\/div>\n\t\t\t\t<div class=\"elementor-column elementor-col-50 elementor-top-column elementor-element elementor-element-3d41b9f elementor-invisible\" data-id=\"3d41b9f\" data-element_type=\"column\" data-settings=\"{&quot;animation&quot;:&quot;fadeInRight&quot;}\">\n\t\t\t<div class=\"elementor-widget-wrap elementor-element-populated\">\n\t\t\t\t\t\t<div class=\"elementor-element elementor-element-a80d1c2 elementor-widget elementor-widget-image\" data-id=\"a80d1c2\" data-element_type=\"widget\" data-widget_type=\"image.default\">\n\t\t\t\t<div class=\"elementor-widget-container\">\n\t\t\t\t\t\t\t\t\t\t\t\t\t\t\t<img fetchpriority=\"high\" decoding=\"async\" width=\"800\" height=\"600\" src=\"https:\/\/globalintegralbeauty.com\/wp-content\/uploads\/2022\/10\/DR-FULVIO-CORREA.jpg\" class=\"attachment-large size-large wp-image-1296\" alt=\"\" srcset=\"https:\/\/globalintegralbeauty.com\/wp-content\/uploads\/2022\/10\/DR-FULVIO-CORREA.jpg 800w, https:\/\/globalintegralbeauty.com\/wp-content\/uploads\/2022\/10\/DR-FULVIO-CORREA-600x450.jpg 600w, https:\/\/globalintegralbeauty.com\/wp-content\/uploads\/2022\/10\/DR-FULVIO-CORREA-300x225.jpg 300w, https:\/\/globalintegralbeauty.com\/wp-content\/uploads\/2022\/10\/DR-FULVIO-CORREA-768x576.jpg 768w, https:\/\/globalintegralbeauty.com\/wp-content\/uploads\/2022\/10\/DR-FULVIO-CORREA-16x12.jpg 16w\" sizes=\"(max-width: 800px) 100vw, 800px\" \/>\t\t\t\t\t\t\t\t\t\t\t\t\t\t\t<\/div>\n\t\t\t\t<\/div>\n\t\t\t\t\t<\/div>\n\t\t<\/div>\n\t\t\t\t\t<\/div>\n\t\t<\/section>\n\t\t\t\t<section class=\"elementor-section elementor-top-section elementor-element elementor-element-447ee41 elementor-section-boxed elementor-section-height-default elementor-section-height-default\" data-id=\"447ee41\" data-element_type=\"section\">\n\t\t\t\t\t\t<div class=\"elementor-container elementor-column-gap-default\">\n\t\t\t\t\t<div class=\"elementor-column elementor-col-100 elementor-top-column elementor-element elementor-element-b148dc0\" data-id=\"b148dc0\" data-element_type=\"column\">\n\t\t\t<div class=\"elementor-widget-wrap elementor-element-populated\">\n\t\t\t\t\t\t<div class=\"elementor-element elementor-element-ece525f elementor-widget elementor-widget-video\" data-id=\"ece525f\" data-element_type=\"widget\" data-settings=\"{&quot;youtube_url&quot;:&quot;https:\\\/\\\/www.youtube.com\\\/watch?v=IoHHNRJ-SBo&amp;list=PLQeebOypZCbVBttuSjAI9fPkEeg-uWovq&amp;index=8&quot;,&quot;video_type&quot;:&quot;youtube&quot;,&quot;controls&quot;:&quot;yes&quot;}\" data-widget_type=\"video.default\">\n\t\t\t\t<div class=\"elementor-widget-container\">\n\t\t\t\t\t\t\t<div class=\"elementor-wrapper elementor-open-inline\">\n\t\t\t<div class=\"elementor-video\"><\/div>\t\t<\/div>\n\t\t\t\t\t\t<\/div>\n\t\t\t\t<\/div>\n\t\t\t\t\t<\/div>\n\t\t<\/div>\n\t\t\t\t\t<\/div>\n\t\t<\/section>\n\t\t\t\t<section class=\"elementor-section elementor-top-section elementor-element elementor-element-f0d1e43 elementor-section-boxed elementor-section-height-default elementor-section-height-default\" data-id=\"f0d1e43\" data-element_type=\"section\">\n\t\t\t\t\t\t<div class=\"elementor-container elementor-column-gap-default\">\n\t\t\t\t\t<div class=\"elementor-column elementor-col-100 elementor-top-column elementor-element elementor-element-e9de994\" data-id=\"e9de994\" data-element_type=\"column\">\n\t\t\t<div class=\"elementor-widget-wrap elementor-element-populated\">\n\t\t\t\t\t\t<div class=\"elementor-element elementor-element-fdcff69 elementor-widget elementor-widget-text-editor\" data-id=\"fdcff69\" data-element_type=\"widget\" data-widget_type=\"text-editor.default\">\n\t\t\t\t<div class=\"elementor-widget-container\">\n\t\t\t\t\t\t\t\t\t<p><strong>\u00a1Soy una persona normal!<\/strong> Te preguntar\u00e1s por qu\u00e9 inicio mi biograf\u00eda con esta frase y la respuesta es bastante sencilla, porque as\u00ed me he sentido siempre, sin importar t\u00edtulos, reconocimientos o elogios de quienes valoran tu trabajo y que me hacen sentir halagado y especial, pero nunca superior a los dem\u00e1s.<\/p><p>\u00a0<\/p><p>Nac\u00ed hace 44 a\u00f1os en la hermosa ciudad de Cartagena \u2013 Colombia, en un hogar tradicional donde recib\u00ed la educaci\u00f3n m\u00e1s preciada que cualquier ser humano podr\u00eda tener, una educaci\u00f3n basada en valores, los cuales han determinado las decisiones que he tomado a lo largo de mi vida.<\/p><p>\u00a0<\/p><p>Estudi\u00e9 en una escuela local en mi ciudad natal, reconocida por su alta exigencia acad\u00e9mica durante toda mi formaci\u00f3n primaria y secundaria (que aburrido, \u00bfcierto?), no obstante esto me abri\u00f3 las puertas para acceder a la escuela de medicina de la Universidad de Cartagena, una facultad con m\u00e1s de 100 a\u00f1os de antig\u00fcedad, considerada una de las mejores escuelas a nivel nacional, la cual me dio las bases necesarias para cumplir mi objetivo de vida, convertirme en cirujano pl\u00e1stico.<\/p><p>\u00a0<\/p><p>\u00a0<\/p><p>En el a\u00f1o 2008 viaj\u00e9 a Brasil con una clara disposici\u00f3n de cumplir este prop\u00f3sito, llevaba conmigo una maleta repleta de sue\u00f1os e incertidumbre, enfocado en lograr mi objetivo como \u00fanica certeza.<\/p><p>\u00a0<\/p><p>\u00a0<\/p><p>Una nueva etapa iniciaba en mi vida, hab\u00eda alcanzado el primer paso ingresar a una de las mejores escuelas de cirug\u00eda pl\u00e1stica del mundo, el Instituto Ivo Pitanguy, referente mundial de la cirug\u00eda pl\u00e1stica, en la meca de esta especialidad, Rio de Janeiro \u2013 Brasil. Fue all\u00ed donde comprend\u00ed cu\u00e1l ser\u00eda mi papel en la sociedad, me entregu\u00e9 en cuerpo, mente y alma durante 5 a\u00f1os para lograrlo; tras largas jornadas de estudio y cirug\u00edas me entregaron mi mayor felicidad en el \u00e1mbito profesional, mi tan anhelado t\u00edtulo de Cirujano Pl\u00e1stico Est\u00e9tico y Reconstructivo, con \u00e9l en la mano y un universo de nuevos conocimientos regres\u00e9 victorioso a mi pa\u00eds para convertirme en el profesional que orgullosamente soy.<\/p><p>\u00a0<\/p><p>\u00a0<\/p><p>Desde ya hace m\u00e1s de 10 a\u00f1os que realizo pr\u00e1cticamente todos los procedimientos quir\u00fargicos est\u00e9ticos y reconstructivos, desde el\u00a0 rejuvenecimiento facial, rinoplastia, cirug\u00eda de moldeamiento corporal (liposucci\u00f3n, lipectomia, gluteoplastia) y por supuesto la cirug\u00eda mamaria que tanta satisfacci\u00f3n ha tra\u00eddo a mi vida, al punto de posicionarme como un referente en levantamiento de senos, mamoplastia de aumento y de reducci\u00f3n a nivel nacional, con la meta de extender mi alcance al \u00e1mbito internacional, lo cual estamos logrando de manera progresiva gracias a nuestro esfuerzo y dedicaci\u00f3n. En esta tarea destaco especialmente a mi equipo de trabajo en el cual participan diversos profesionales altamente calificados en atenci\u00f3n al cliente y procesos m\u00e9dico-quir\u00fargicos sin los cuales ser\u00eda muy dif\u00edcil alcanzar este objetivo.<\/p><p>\u00a0<\/p><p>\u00a0<\/p><p>Actualmente divido mi tiempo entre consultas, cirug\u00edas, procedimientos no quir\u00fargicos y actualizaci\u00f3n m\u00e9dica continua, lo que hace que mi trabajo sea muy divertido y demandante al mismo tiempo, pero al llegar a casa me queda la satisfacci\u00f3n del deber cumplido, as\u00ed que sin duda si regresara en el tiempo y me preguntaran: \u201c\u00bfFulvio que profesi\u00f3n y que especialidad quieres estudiar?\u201d sin pensarlo dos veces dir\u00eda: \u201cCirujano pl\u00e1stico, est\u00e9tico y reconstructivo, porque quiero ayudar a las personas que no se sienten a gusto con su cuerpo a ser la mejor versi\u00f3n de ellos mismos\u201d.<\/p><p>\u00a0<\/p>\t\t\t\t\t\t\t\t<\/div>\n\t\t\t\t<\/div>\n\t\t\t\t\t<\/div>\n\t\t<\/div>\n\t\t\t\t\t<\/div>\n\t\t<\/section>\n\t\t\t\t<\/div>","protected":false},"excerpt":{"rendered":"<p>INICIO LIBRO CO-AUTORES \ud83c\udde8\ud83c\uddf4DR. FULVIO CORREA CO-AUTOR Cirujano Pl\u00e1stico, Est\u00e9tico y Reconstructivo. Facebook Instagram Globe Phone-square-alt https:\/\/www.youtube.com\/watch?v=IoHHNRJ-SBo&#038;list=PLQeebOypZCbVBttuSjAI9fPkEeg-uWovq&#038;index=8 \u00a1Soy una persona normal! Te preguntar\u00e1s por qu\u00e9 inicio mi biograf\u00eda con esta frase y la respuesta es bastante sencilla, porque as\u00ed me he sentido siempre, sin importar t\u00edtulos, reconocimientos o elogios de quienes valoran tu trabajo y [&hellip;]<\/p>\n","protected":false},"author":1,"featured_media":0,"parent":0,"menu_order":0,"comment_status":"closed","ping_status":"closed","template":"elementor_header_footer","meta":{"footnotes":""},"class_list":["post-1293","page","type-page","status-publish","hentry"],"aioseo_notices":[],"_links":{"self":[{"href":"https:\/\/globalintegralbeauty.com\/en\/wp-json\/wp\/v2\/pages\/1293","targetHints":{"allow":["GET"]}}],"collection":[{"href":"https:\/\/globalintegralbeauty.com\/en\/wp-json\/wp\/v2\/pages"}],"about":[{"href":"https:\/\/globalintegralbeauty.com\/en\/wp-json\/wp\/v2\/types\/page"}],"author":[{"embeddable":true,"href":"https:\/\/globalintegralbeauty.com\/en\/wp-json\/wp\/v2\/users\/1"}],"replies":[{"embeddable":true,"href":"https:\/\/globalintegralbeauty.com\/en\/wp-json\/wp\/v2\/comments?post=1293"}],"version-history":[{"count":16,"href":"https:\/\/globalintegralbeauty.com\/en\/wp-json\/wp\/v2\/pages\/1293\/revisions"}],"predecessor-version":[{"id":4770,"href":"https:\/\/globalintegralbeauty.com\/en\/wp-json\/wp\/v2\/pages\/1293\/revisions\/4770"}],"wp:attachment":[{"href":"https:\/\/globalintegralbeauty.com\/en\/wp-json\/wp\/v2\/media?parent=1293"}],"curies":[{"name":"wp","href":"https:\/\/api.w.org\/{rel}","templated":true}]}}