{"id":1269,"date":"2022-10-12T14:14:09","date_gmt":"2022-10-12T14:14:09","guid":{"rendered":"https:\/\/globalintegralbeauty.com\/?page_id=1269"},"modified":"2024-01-25T10:19:05","modified_gmt":"2024-01-25T15:19:05","slug":"sinem-gunes-cetinkaya","status":"publish","type":"page","link":"https:\/\/globalintegralbeauty.com\/en\/sinem-gunes-cetinkaya\/","title":{"rendered":"Sinem S. Gunes-Cetinkaya"},"content":{"rendered":"<div data-elementor-type=\"wp-page\" data-elementor-id=\"1269\" class=\"elementor elementor-1269\" data-elementor-post-type=\"page\">\n\t\t\t\t\t\t<section class=\"elementor-section elementor-top-section elementor-element elementor-element-66a744b elementor-section-stretched elementor-reverse-mobile elementor-section-boxed elementor-section-height-default elementor-section-height-default\" data-id=\"66a744b\" data-element_type=\"section\" data-settings=\"{&quot;stretch_section&quot;:&quot;section-stretched&quot;}\">\n\t\t\t\t\t\t<div class=\"elementor-container elementor-column-gap-default\">\n\t\t\t\t\t<div class=\"elementor-column elementor-col-50 elementor-top-column elementor-element elementor-element-e8bad5c elementor-invisible\" data-id=\"e8bad5c\" data-element_type=\"column\" data-settings=\"{&quot;animation&quot;:&quot;fadeInLeft&quot;}\">\n\t\t\t<div class=\"elementor-widget-wrap elementor-element-populated\">\n\t\t\t\t\t\t<div class=\"elementor-element elementor-element-43be1a8 elementor-icon-list--layout-inline elementor-align-start elementor-list-item-link-full_width elementor-widget elementor-widget-icon-list\" data-id=\"43be1a8\" data-element_type=\"widget\" data-widget_type=\"icon-list.default\">\n\t\t\t\t<div class=\"elementor-widget-container\">\n\t\t\t\t\t\t\t<ul class=\"elementor-icon-list-items elementor-inline-items\">\n\t\t\t\t\t\t\t<li class=\"elementor-icon-list-item elementor-inline-item\">\n\t\t\t\t\t\t\t\t\t\t\t<a href=\"https:\/\/globalintegralbeauty.com\/en\/\">\n\n\t\t\t\t\t\t\t\t\t\t\t\t<span class=\"elementor-icon-list-icon\">\n\t\t\t\t\t\t\t<i aria-hidden=\"true\" class=\"fas fa-chevron-right\"><\/i>\t\t\t\t\t\t<\/span>\n\t\t\t\t\t\t\t\t\t\t<span class=\"elementor-icon-list-text\">HOME<\/span>\n\t\t\t\t\t\t\t\t\t\t\t<\/a>\n\t\t\t\t\t\t\t\t\t<\/li>\n\t\t\t\t\t\t\t\t<li class=\"elementor-icon-list-item elementor-inline-item\">\n\t\t\t\t\t\t\t\t\t\t\t<a href=\"https:\/\/globalintegralbeauty.com\/en\/libro-belleza-integral\/\">\n\n\t\t\t\t\t\t\t\t\t\t\t\t<span class=\"elementor-icon-list-icon\">\n\t\t\t\t\t\t\t<i aria-hidden=\"true\" class=\"fas fa-chevron-right\"><\/i>\t\t\t\t\t\t<\/span>\n\t\t\t\t\t\t\t\t\t\t<span class=\"elementor-icon-list-text\">BOOK<\/span>\n\t\t\t\t\t\t\t\t\t\t\t<\/a>\n\t\t\t\t\t\t\t\t\t<\/li>\n\t\t\t\t\t\t\t\t<li class=\"elementor-icon-list-item elementor-inline-item\">\n\t\t\t\t\t\t\t\t\t\t\t<a href=\"https:\/\/globalintegralbeauty.com\/en\/autores-edicion-1\/\">\n\n\t\t\t\t\t\t\t\t\t\t\t\t<span class=\"elementor-icon-list-icon\">\n\t\t\t\t\t\t\t<i aria-hidden=\"true\" class=\"fas fa-chevron-right\"><\/i>\t\t\t\t\t\t<\/span>\n\t\t\t\t\t\t\t\t\t\t<span class=\"elementor-icon-list-text\">CO-AUTHORS<\/span>\n\t\t\t\t\t\t\t\t\t\t\t<\/a>\n\t\t\t\t\t\t\t\t\t<\/li>\n\t\t\t\t\t\t<\/ul>\n\t\t\t\t\t\t<\/div>\n\t\t\t\t<\/div>\n\t\t\t\t<div class=\"elementor-element elementor-element-0960e50 elementor-widget elementor-widget-heading\" data-id=\"0960e50\" data-element_type=\"widget\" data-widget_type=\"heading.default\">\n\t\t\t\t<div class=\"elementor-widget-container\">\n\t\t\t\t\t<h2 class=\"elementor-heading-title elementor-size-default\">\ud83c\uddfa\ud83c\uddf8SINEM S. GUNES-CETINKAYA<\/h2>\t\t\t\t<\/div>\n\t\t\t\t<\/div>\n\t\t\t\t<div class=\"elementor-element elementor-element-421acb4 elementor-widget elementor-widget-text-editor\" data-id=\"421acb4\" data-element_type=\"widget\" data-widget_type=\"text-editor.default\">\n\t\t\t\t<div class=\"elementor-widget-container\">\n\t\t\t\t\t\t\t\t\t<p><em>CO-AUTHOR<\/em><\/p>\t\t\t\t\t\t\t\t<\/div>\n\t\t\t\t<\/div>\n\t\t\t\t<div class=\"elementor-element elementor-element-83b2d39 elementor-widget elementor-widget-heading\" data-id=\"83b2d39\" data-element_type=\"widget\" data-widget_type=\"heading.default\">\n\t\t\t\t<div class=\"elementor-widget-container\">\n\t\t\t\t\t<h2 class=\"elementor-heading-title elementor-size-default\">Master\u2019s Degree in Nutrition, Registered Dietitian<\/h2>\t\t\t\t<\/div>\n\t\t\t\t<\/div>\n\t\t\t\t<div class=\"elementor-element elementor-element-d27d06e elementor-shape-circle e-grid-align-left e-grid-align-mobile-center elementor-grid-0 elementor-widget elementor-widget-social-icons\" data-id=\"d27d06e\" data-element_type=\"widget\" data-widget_type=\"social-icons.default\">\n\t\t\t\t<div class=\"elementor-widget-container\">\n\t\t\t\t\t\t\t<div class=\"elementor-social-icons-wrapper elementor-grid\" role=\"list\">\n\t\t\t\t\t\t\t<span class=\"elementor-grid-item\" role=\"listitem\">\n\t\t\t\t\t<a class=\"elementor-icon elementor-social-icon elementor-social-icon-facebook elementor-repeater-item-f5e1b56\" href=\"https:\/\/www.facebook.com\/newpagewellness\/\" target=\"_blank\">\n\t\t\t\t\t\t<span class=\"elementor-screen-only\">Facebook<\/span>\n\t\t\t\t\t\t<i aria-hidden=\"true\" class=\"fab fa-facebook\"><\/i>\t\t\t\t\t<\/a>\n\t\t\t\t<\/span>\n\t\t\t\t\t\t\t<span class=\"elementor-grid-item\" role=\"listitem\">\n\t\t\t\t\t<a class=\"elementor-icon elementor-social-icon elementor-social-icon-instagram elementor-repeater-item-f5e8044\" href=\"https:\/\/www.instagram.com\/NewPageWellness\/\" target=\"_blank\">\n\t\t\t\t\t\t<span class=\"elementor-screen-only\">Instagram<\/span>\n\t\t\t\t\t\t<i aria-hidden=\"true\" class=\"fab fa-instagram\"><\/i>\t\t\t\t\t<\/a>\n\t\t\t\t<\/span>\n\t\t\t\t\t\t\t<span class=\"elementor-grid-item\" role=\"listitem\">\n\t\t\t\t\t<a class=\"elementor-icon elementor-social-icon elementor-social-icon-globe elementor-repeater-item-d8095b8\" href=\"https:\/\/newpagewellness.com\/\" target=\"_blank\">\n\t\t\t\t\t\t<span class=\"elementor-screen-only\">Globe<\/span>\n\t\t\t\t\t\t<i aria-hidden=\"true\" class=\"fas fa-globe\"><\/i>\t\t\t\t\t<\/a>\n\t\t\t\t<\/span>\n\t\t\t\t\t\t\t<span class=\"elementor-grid-item\" role=\"listitem\">\n\t\t\t\t\t<a class=\"elementor-icon elementor-social-icon elementor-social-icon-phone-square-alt elementor-repeater-item-1ca8d0c\" href=\"tel:%20+17186754668\" target=\"_blank\">\n\t\t\t\t\t\t<span class=\"elementor-screen-only\">Phone-square-alt<\/span>\n\t\t\t\t\t\t<i aria-hidden=\"true\" class=\"fas fa-phone-square-alt\"><\/i>\t\t\t\t\t<\/a>\n\t\t\t\t<\/span>\n\t\t\t\t\t<\/div>\n\t\t\t\t\t\t<\/div>\n\t\t\t\t<\/div>\n\t\t\t\t\t<\/div>\n\t\t<\/div>\n\t\t\t\t<div class=\"elementor-column elementor-col-50 elementor-top-column elementor-element elementor-element-3d41b9f elementor-invisible\" data-id=\"3d41b9f\" data-element_type=\"column\" data-settings=\"{&quot;animation&quot;:&quot;fadeInRight&quot;}\">\n\t\t\t<div class=\"elementor-widget-wrap elementor-element-populated\">\n\t\t\t\t\t\t<div class=\"elementor-element elementor-element-a80d1c2 elementor-widget elementor-widget-image\" data-id=\"a80d1c2\" data-element_type=\"widget\" data-widget_type=\"image.default\">\n\t\t\t\t<div class=\"elementor-widget-container\">\n\t\t\t\t\t\t\t\t\t\t\t\t\t\t\t<img fetchpriority=\"high\" decoding=\"async\" width=\"800\" height=\"600\" src=\"https:\/\/globalintegralbeauty.com\/wp-content\/uploads\/2022\/10\/sinem.jpg\" class=\"attachment-large size-large wp-image-1275\" alt=\"\" srcset=\"https:\/\/globalintegralbeauty.com\/wp-content\/uploads\/2022\/10\/sinem.jpg 800w, https:\/\/globalintegralbeauty.com\/wp-content\/uploads\/2022\/10\/sinem-600x450.jpg 600w, https:\/\/globalintegralbeauty.com\/wp-content\/uploads\/2022\/10\/sinem-300x225.jpg 300w, https:\/\/globalintegralbeauty.com\/wp-content\/uploads\/2022\/10\/sinem-768x576.jpg 768w, https:\/\/globalintegralbeauty.com\/wp-content\/uploads\/2022\/10\/sinem-16x12.jpg 16w\" sizes=\"(max-width: 800px) 100vw, 800px\" \/>\t\t\t\t\t\t\t\t\t\t\t\t\t\t\t<\/div>\n\t\t\t\t<\/div>\n\t\t\t\t\t<\/div>\n\t\t<\/div>\n\t\t\t\t\t<\/div>\n\t\t<\/section>\n\t\t\t\t<section class=\"elementor-section elementor-top-section elementor-element elementor-element-fd68787 elementor-section-boxed elementor-section-height-default elementor-section-height-default\" data-id=\"fd68787\" data-element_type=\"section\">\n\t\t\t\t\t\t<div class=\"elementor-container elementor-column-gap-default\">\n\t\t\t\t\t<div class=\"elementor-column elementor-col-100 elementor-top-column elementor-element elementor-element-e727719\" data-id=\"e727719\" data-element_type=\"column\">\n\t\t\t<div class=\"elementor-widget-wrap elementor-element-populated\">\n\t\t\t\t\t\t<div class=\"elementor-element elementor-element-a48c7c4 elementor-widget elementor-widget-video\" data-id=\"a48c7c4\" data-element_type=\"widget\" data-settings=\"{&quot;youtube_url&quot;:&quot;https:\\\/\\\/www.youtube.com\\\/watch?v=MH84HWYYUFg&amp;list=PLQeebOypZCbVBttuSjAI9fPkEeg-uWovq&amp;index=12&quot;,&quot;video_type&quot;:&quot;youtube&quot;,&quot;controls&quot;:&quot;yes&quot;}\" data-widget_type=\"video.default\">\n\t\t\t\t<div class=\"elementor-widget-container\">\n\t\t\t\t\t\t\t<div class=\"elementor-wrapper elementor-open-inline\">\n\t\t\t<div class=\"elementor-video\"><\/div>\t\t<\/div>\n\t\t\t\t\t\t<\/div>\n\t\t\t\t<\/div>\n\t\t\t\t\t<\/div>\n\t\t<\/div>\n\t\t\t\t\t<\/div>\n\t\t<\/section>\n\t\t\t\t<section class=\"elementor-section elementor-top-section elementor-element elementor-element-f0d1e43 elementor-section-boxed elementor-section-height-default elementor-section-height-default\" data-id=\"f0d1e43\" data-element_type=\"section\">\n\t\t\t\t\t\t<div class=\"elementor-container elementor-column-gap-default\">\n\t\t\t\t\t<div class=\"elementor-column elementor-col-100 elementor-top-column elementor-element elementor-element-e9de994\" data-id=\"e9de994\" data-element_type=\"column\">\n\t\t\t<div class=\"elementor-widget-wrap elementor-element-populated\">\n\t\t\t\t\t\t<div class=\"elementor-element elementor-element-fdcff69 elementor-widget elementor-widget-text-editor\" data-id=\"fdcff69\" data-element_type=\"widget\" data-widget_type=\"text-editor.default\">\n\t\t\t\t<div class=\"elementor-widget-container\">\n\t\t\t\t\t\t\t\t\t<p>Nutrition has always been an essential part of my life. However, choosing Nutrition as my professional career happened organically due to my life experience and self-discovery.<\/p><p>\u00a0<\/p><p>My interest began with staying healthy and fit at an early age, but my relationship with food started to shift as I tried to conform to societal norms. Our social environment, including the media, promotes a \"perfect\" body image that does not embrace the diversity of body sizes and shapes or medical conditions.<\/p><p>\u00a0<\/p><p>When we internalize that message, unhealthy eating behaviors start to creep into our lives in the pursuit of achieving that body image. My journey toward a career in nutrition began when I was trying to find a nutrition and eating program that I could trust and that was right for me. As I delved deeper into the field of food and nutrition, my interest grew, and I found my niche when I started a graduate program.<\/p><p>\u00a0<\/p><p>I earned my Master of Science in Nutrition from Hunter College with an Academic Excellence Award in 2012. After graduating from the MS program, I completed my internship at Northwell Health System, primarily working at the North Shore University Hospital campus. During my internship program, I rotated through various medical units and worked with diverse patient populations. I also had the opportunity to provide one-on-one consultations to clients during that time.<\/p><p>\u00a0<\/p><p>After completing my internship and obtaining my license as a Registered Dietitian-Nutritionist, I worked in a nursing home and later at a teaching hospital in Manhattan, New York.<\/p><p>\u00a0<\/p><p>I am very grateful for my four years of experience as a clinical dietitian; however, I wanted to build lasting relationships with my patients to have a lifelong impact. Building healthy lifestyle changes requires continuous guidance, motivation, and accountability.<\/p><p>\u00a0<\/p><p>Therefore, I started my practice in 2019 to help people who are willing to change their lives for a healthier and happier one.<\/p>\t\t\t\t\t\t\t\t<\/div>\n\t\t\t\t<\/div>\n\t\t\t\t\t<\/div>\n\t\t<\/div>\n\t\t\t\t\t<\/div>\n\t\t<\/section>\n\t\t\t\t<section class=\"elementor-section elementor-top-section elementor-element elementor-element-3e6dfe8 elementor-section-boxed elementor-section-height-default elementor-section-height-default\" data-id=\"3e6dfe8\" data-element_type=\"section\">\n\t\t\t\t\t\t<div class=\"elementor-container elementor-column-gap-default\">\n\t\t\t\t\t<div class=\"elementor-column elementor-col-100 elementor-top-column elementor-element elementor-element-163236f\" data-id=\"163236f\" data-element_type=\"column\">\n\t\t\t<div class=\"elementor-widget-wrap elementor-element-populated\">\n\t\t\t\t\t\t<div class=\"elementor-element elementor-element-314c543 elementor-widget elementor-widget-text-editor\" data-id=\"314c543\" data-element_type=\"widget\" data-widget_type=\"text-editor.default\">\n\t\t\t\t<div class=\"elementor-widget-container\">\n\t\t\t\t\t\t\t\t\t<p style=\"text-align: left;\">The program I implement incorporates Mindfulness-Based Eating Awareness techniques, as well as Functional and Integrative Nutrition.<\/p>\t\t\t\t\t\t\t\t<\/div>\n\t\t\t\t<\/div>\n\t\t\t\t\t<\/div>\n\t\t<\/div>\n\t\t\t\t\t<\/div>\n\t\t<\/section>\n\t\t\t\t<section class=\"elementor-section elementor-top-section elementor-element elementor-element-640f2be elementor-section-boxed elementor-section-height-default elementor-section-height-default\" data-id=\"640f2be\" data-element_type=\"section\">\n\t\t\t\t\t\t<div class=\"elementor-container elementor-column-gap-default\">\n\t\t\t\t\t<div class=\"elementor-column elementor-col-100 elementor-top-column elementor-element elementor-element-c9764d8\" data-id=\"c9764d8\" data-element_type=\"column\">\n\t\t\t<div class=\"elementor-widget-wrap elementor-element-populated\">\n\t\t\t\t\t\t<div class=\"elementor-element elementor-element-9bcdb30 elementor-widget elementor-widget-text-editor\" data-id=\"9bcdb30\" data-element_type=\"widget\" data-widget_type=\"text-editor.default\">\n\t\t\t\t<div class=\"elementor-widget-container\">\n\t\t\t\t\t\t\t\t\t<p>I have adopted this approach because it has worked best for my clients and me over the years and is supported by evidence-based research. Additionally, it is one of the most reliable and successful leading methods in the field today.<\/p><p>\u00a0<\/p><p>Currently, I have been consulting my clients on weight management, diabetes, and gastrointestinal (GI) issues using the MB-EAT approach and Functional and Integrative Nutrition. I live in New York with the love of my life and greatest support\u2014my husband\u2014and our greatest blessing, our three children.<\/p>\t\t\t\t\t\t\t\t<\/div>\n\t\t\t\t<\/div>\n\t\t\t\t\t<\/div>\n\t\t<\/div>\n\t\t\t\t\t<\/div>\n\t\t<\/section>\n\t\t\t\t<\/div>","protected":false},"excerpt":{"rendered":"<p>INICIO LIBRO CO-AUTORES \ud83c\uddfa\ud83c\uddf8SINEM S. GUNES-CETINKAYA CO-AUTORA Maestr\u00eda en Nutrici\u00f3n, Dietista Registrada Facebook Instagram Globe Phone-square-alt https:\/\/www.youtube.com\/watch?v=MH84HWYYUFg&#038;list=PLQeebOypZCbVBttuSjAI9fPkEeg-uWovq&#038;index=12 La nutrici\u00f3n siempre ha sido una parte esencial de mi vida. Sin embargo, elegir Nutrici\u00f3n como mi carrera profesional sucedi\u00f3 de manera org\u00e1nica debido a mi experiencia de vida y autodescubrimiento. \u00a0 Mi inter\u00e9s comenz\u00f3 con estar saludable [&hellip;]<\/p>\n","protected":false},"author":1,"featured_media":0,"parent":0,"menu_order":0,"comment_status":"closed","ping_status":"closed","template":"elementor_header_footer","meta":{"footnotes":""},"class_list":["post-1269","page","type-page","status-publish","hentry"],"aioseo_notices":[],"_links":{"self":[{"href":"https:\/\/globalintegralbeauty.com\/en\/wp-json\/wp\/v2\/pages\/1269","targetHints":{"allow":["GET"]}}],"collection":[{"href":"https:\/\/globalintegralbeauty.com\/en\/wp-json\/wp\/v2\/pages"}],"about":[{"href":"https:\/\/globalintegralbeauty.com\/en\/wp-json\/wp\/v2\/types\/page"}],"author":[{"embeddable":true,"href":"https:\/\/globalintegralbeauty.com\/en\/wp-json\/wp\/v2\/users\/1"}],"replies":[{"embeddable":true,"href":"https:\/\/globalintegralbeauty.com\/en\/wp-json\/wp\/v2\/comments?post=1269"}],"version-history":[{"count":19,"href":"https:\/\/globalintegralbeauty.com\/en\/wp-json\/wp\/v2\/pages\/1269\/revisions"}],"predecessor-version":[{"id":4779,"href":"https:\/\/globalintegralbeauty.com\/en\/wp-json\/wp\/v2\/pages\/1269\/revisions\/4779"}],"wp:attachment":[{"href":"https:\/\/globalintegralbeauty.com\/en\/wp-json\/wp\/v2\/media?parent=1269"}],"curies":[{"name":"wp","href":"https:\/\/api.w.org\/{rel}","templated":true}]}}