{"id":11805,"date":"2025-10-16T10:38:27","date_gmt":"2025-10-16T14:38:27","guid":{"rendered":"https:\/\/globalintegralbeauty.com\/?page_id=11805"},"modified":"2025-10-16T10:50:44","modified_gmt":"2025-10-16T14:50:44","slug":"adriana-gudino","status":"publish","type":"page","link":"https:\/\/globalintegralbeauty.com\/en\/adriana-gudino\/","title":{"rendered":"Adriana Gudi\u00f1o"},"content":{"rendered":"<div data-elementor-type=\"wp-page\" data-elementor-id=\"11805\" class=\"elementor elementor-11805\" data-elementor-post-type=\"page\">\n\t\t\t\t\t\t<section class=\"elementor-section elementor-top-section elementor-element elementor-element-668021a elementor-section-stretched elementor-reverse-mobile elementor-section-boxed elementor-section-height-default elementor-section-height-default\" data-id=\"668021a\" data-element_type=\"section\" data-settings=\"{&quot;stretch_section&quot;:&quot;section-stretched&quot;}\">\n\t\t\t\t\t\t<div class=\"elementor-container elementor-column-gap-default\">\n\t\t\t\t\t<div class=\"elementor-column elementor-col-50 elementor-top-column elementor-element elementor-element-60563732 elementor-invisible\" data-id=\"60563732\" data-element_type=\"column\" data-settings=\"{&quot;animation&quot;:&quot;fadeInLeft&quot;}\">\n\t\t\t<div class=\"elementor-widget-wrap elementor-element-populated\">\n\t\t\t\t\t\t<div class=\"elementor-element elementor-element-5c92ca20 elementor-icon-list--layout-inline elementor-align-start elementor-list-item-link-full_width elementor-widget elementor-widget-icon-list\" data-id=\"5c92ca20\" data-element_type=\"widget\" data-widget_type=\"icon-list.default\">\n\t\t\t\t<div class=\"elementor-widget-container\">\n\t\t\t\t\t\t\t<ul class=\"elementor-icon-list-items elementor-inline-items\">\n\t\t\t\t\t\t\t<li class=\"elementor-icon-list-item elementor-inline-item\">\n\t\t\t\t\t\t\t\t\t\t\t<a href=\"https:\/\/globalintegralbeauty.com\/en\/\">\n\n\t\t\t\t\t\t\t\t\t\t\t\t<span class=\"elementor-icon-list-icon\">\n\t\t\t\t\t\t\t<i aria-hidden=\"true\" class=\"fas fa-chevron-right\"><\/i>\t\t\t\t\t\t<\/span>\n\t\t\t\t\t\t\t\t\t\t<span class=\"elementor-icon-list-text\">HOME<\/span>\n\t\t\t\t\t\t\t\t\t\t\t<\/a>\n\t\t\t\t\t\t\t\t\t<\/li>\n\t\t\t\t\t\t\t\t<li class=\"elementor-icon-list-item elementor-inline-item\">\n\t\t\t\t\t\t\t\t\t\t\t<a href=\"https:\/\/globalintegralbeauty.com\/en\/libro-edicion-4\/\">\n\n\t\t\t\t\t\t\t\t\t\t\t\t<span class=\"elementor-icon-list-icon\">\n\t\t\t\t\t\t\t<i aria-hidden=\"true\" class=\"fas fa-chevron-right\"><\/i>\t\t\t\t\t\t<\/span>\n\t\t\t\t\t\t\t\t\t\t<span class=\"elementor-icon-list-text\">BOOK 4th EDITION<\/span>\n\t\t\t\t\t\t\t\t\t\t\t<\/a>\n\t\t\t\t\t\t\t\t\t<\/li>\n\t\t\t\t\t\t\t\t<li class=\"elementor-icon-list-item elementor-inline-item\">\n\t\t\t\t\t\t\t\t\t\t\t<a href=\"https:\/\/globalintegralbeauty.com\/en\/2da-edicion\/#coautores\">\n\n\t\t\t\t\t\t\t\t\t\t\t\t<span class=\"elementor-icon-list-icon\">\n\t\t\t\t\t\t\t<i aria-hidden=\"true\" class=\"fas fa-chevron-right\"><\/i>\t\t\t\t\t\t<\/span>\n\t\t\t\t\t\t\t\t\t\t<span class=\"elementor-icon-list-text\">CO-AUTHORS<\/span>\n\t\t\t\t\t\t\t\t\t\t\t<\/a>\n\t\t\t\t\t\t\t\t\t<\/li>\n\t\t\t\t\t\t<\/ul>\n\t\t\t\t\t\t<\/div>\n\t\t\t\t<\/div>\n\t\t\t\t<div class=\"elementor-element elementor-element-78d28c93 elementor-widget elementor-widget-heading\" data-id=\"78d28c93\" data-element_type=\"widget\" data-widget_type=\"heading.default\">\n\t\t\t\t<div class=\"elementor-widget-container\">\n\t\t\t\t\t<h2 class=\"elementor-heading-title elementor-size-default\">Adriana Gudi\u00f1o<\/h2>\t\t\t\t<\/div>\n\t\t\t\t<\/div>\n\t\t\t\t<div class=\"elementor-element elementor-element-3032bd5a elementor-widget elementor-widget-text-editor\" data-id=\"3032bd5a\" data-element_type=\"widget\" data-widget_type=\"text-editor.default\">\n\t\t\t\t<div class=\"elementor-widget-container\">\n\t\t\t\t\t\t\t\t\t<p><em>CO-AUTHOR<\/em><\/p>\t\t\t\t\t\t\t\t<\/div>\n\t\t\t\t<\/div>\n\t\t\t\t<div class=\"elementor-element elementor-element-7b25b310 elementor-widget elementor-widget-heading\" data-id=\"7b25b310\" data-element_type=\"widget\" data-widget_type=\"heading.default\">\n\t\t\t\t<div class=\"elementor-widget-container\">\n\t\t\t\t\t<h2 class=\"elementor-heading-title elementor-size-default\">University Technician in Cosmetology, Cosmiatry, and Aesthetics, Senior Technician in Business Administration,\nNational and International Speaker in Aesthetics <\/h2>\t\t\t\t<\/div>\n\t\t\t\t<\/div>\n\t\t\t\t<div class=\"elementor-element elementor-element-132b962d elementor-shape-circle e-grid-align-left e-grid-align-mobile-center elementor-grid-0 elementor-widget elementor-widget-social-icons\" data-id=\"132b962d\" data-element_type=\"widget\" data-widget_type=\"social-icons.default\">\n\t\t\t\t<div class=\"elementor-widget-container\">\n\t\t\t\t\t\t\t<div class=\"elementor-social-icons-wrapper elementor-grid\">\n\t\t\t\t\t\t\t<span class=\"elementor-grid-item\">\n\t\t\t\t\t<a class=\"elementor-icon elementor-social-icon elementor-social-icon-instagram elementor-repeater-item-f5e1b56\" href=\"https:\/\/www.instagram.com\/ag_esteticarosario\" target=\"_blank\">\n\t\t\t\t\t\t<span class=\"elementor-screen-only\">Instagram<\/span>\n\t\t\t\t\t\t<i aria-hidden=\"true\" class=\"fab fa-instagram\"><\/i>\t\t\t\t\t<\/a>\n\t\t\t\t<\/span>\n\t\t\t\t\t<\/div>\n\t\t\t\t\t\t<\/div>\n\t\t\t\t<\/div>\n\t\t\t\t\t<\/div>\n\t\t<\/div>\n\t\t\t\t<div class=\"elementor-column elementor-col-50 elementor-top-column elementor-element elementor-element-4975622d elementor-invisible\" data-id=\"4975622d\" data-element_type=\"column\" data-settings=\"{&quot;animation&quot;:&quot;fadeInRight&quot;}\">\n\t\t\t<div class=\"elementor-widget-wrap elementor-element-populated\">\n\t\t\t\t\t\t<div class=\"elementor-element elementor-element-473b1830 elementor-widget elementor-widget-image\" data-id=\"473b1830\" data-element_type=\"widget\" data-widget_type=\"image.default\">\n\t\t\t\t<div class=\"elementor-widget-container\">\n\t\t\t\t\t\t\t\t\t\t\t\t\t\t\t<img fetchpriority=\"high\" decoding=\"async\" width=\"800\" height=\"864\" src=\"https:\/\/globalintegralbeauty.com\/wp-content\/uploads\/2025\/10\/coautores-libro-expertos-globales-en-belleza-integral-5.jpg\" class=\"attachment-large size-large wp-image-11696\" alt=\"\" srcset=\"https:\/\/globalintegralbeauty.com\/wp-content\/uploads\/2025\/10\/coautores-libro-expertos-globales-en-belleza-integral-5.jpg 900w, https:\/\/globalintegralbeauty.com\/wp-content\/uploads\/2025\/10\/coautores-libro-expertos-globales-en-belleza-integral-5-278x300.jpg 278w, https:\/\/globalintegralbeauty.com\/wp-content\/uploads\/2025\/10\/coautores-libro-expertos-globales-en-belleza-integral-5-768x829.jpg 768w, https:\/\/globalintegralbeauty.com\/wp-content\/uploads\/2025\/10\/coautores-libro-expertos-globales-en-belleza-integral-5-11x12.jpg 11w, https:\/\/globalintegralbeauty.com\/wp-content\/uploads\/2025\/10\/coautores-libro-expertos-globales-en-belleza-integral-5-600x648.jpg 600w\" sizes=\"(max-width: 800px) 100vw, 800px\" \/>\t\t\t\t\t\t\t\t\t\t\t\t\t\t\t<\/div>\n\t\t\t\t<\/div>\n\t\t\t\t\t<\/div>\n\t\t<\/div>\n\t\t\t\t\t<\/div>\n\t\t<\/section>\n\t\t\t\t<section class=\"elementor-section elementor-top-section elementor-element elementor-element-5378add5 elementor-section-boxed elementor-section-height-default elementor-section-height-default\" data-id=\"5378add5\" data-element_type=\"section\">\n\t\t\t\t\t\t<div class=\"elementor-container elementor-column-gap-default\">\n\t\t\t\t\t<div class=\"elementor-column elementor-col-100 elementor-top-column elementor-element elementor-element-35810004\" data-id=\"35810004\" data-element_type=\"column\">\n\t\t\t<div class=\"elementor-widget-wrap elementor-element-populated\">\n\t\t\t\t\t\t<div class=\"elementor-element elementor-element-2c7e9982 elementor-widget elementor-widget-text-editor\" data-id=\"2c7e9982\" data-element_type=\"widget\" data-widget_type=\"text-editor.default\">\n\t\t\t\t<div class=\"elementor-widget-container\">\n\t\t\t\t\t\t\t\t\t<p>My name is Adriana Gudi\u00f1o, and I am a professional in the field of aesthetics with over 21 years of experience, originally from the city of Rosario, Argentina. My vocation began to take shape after a significant personal experience: the birth of my daughter, who suffered an obstetric injury. This event marked a turning point in my life and became the driv-ing force that led me to deepen my knowledge of the human body, its rehabilitation, the skeletal system, and muscle development. From there, I began my academic training in integral aesthetics, seeking an approach that combined wellness, health, and beauty from a profession-al, conscious, and human perspective.<\/p><p>\u00a0<\/p><p>I started working in a small studio, providing manual treatments and supporting each person from a place of closeness and commitment. As my experience and training grew, I realized the importance of technological innovation in this field, which led me to invest in my first equipment.<\/p><p>\u00a0<\/p><p>I started working in a small studio, providing manual treatments and supporting each person from a place of closeness and commitment. As my experience and training grew, I realized the importance of technolog-ical innovation in this field, which led me to invest in my first equip-ment.\nSince then, I have remained committed to continuous updating, incorpo-rating cutting-edge technology that allows me to offer effective, non-invasive treatments tailored to the real needs of each client.\nThroughout these years, I have never stopped learning. I believe that continuous education is essential to providing a professional, ethical, and up-to-date service, so I am constantly perfecting my skills in new techniques, technologies, and aesthetic approaches.<\/p><p>\u00a0<\/p><p>I currently lead a facial and body aesthetics center with two treatment rooms equipped with state-of-the-art technology. Among the services we offer, we specialize in body contouring, facial harmonization, rejuvena-tion, and muscle toning, combining science, aesthetics, and wellness in every treatment. I take pride in having a loyal and growing clientele who trust my hands year after year to help them achieve their aesthetic, func-tional, and emotional goals.<\/p>\t\t\t\t\t\t\t\t<\/div>\n\t\t\t\t<\/div>\n\t\t\t\t\t<\/div>\n\t\t<\/div>\n\t\t\t\t\t<\/div>\n\t\t<\/section>\n\t\t\t\t<\/div>","protected":false},"excerpt":{"rendered":"<p>INICIO LIBRO 4ta EDICI\u00d3N CO-AUTORES Adriana Gudi\u00f1o CO-AUTORA T\u00e9cnica universitaria en Cosmetolog\u00eda, Cosmiatr\u00eda y Est\u00e9tica. T\u00e9cnica Superior en Administraci\u00f3n de Empresas. Ponente Nacional e Internacional en Est\u00e9tica. Instagram Mi nombre es Adriana Gudi\u00f1o, soy profesional del \u00e1rea de la est\u00e9tica con m\u00e1s de 21 a\u00f1os de trayectoria, oriunda de la ciudad de Rosario, Argentina. Mi [&hellip;]<\/p>\n","protected":false},"author":1,"featured_media":0,"parent":0,"menu_order":0,"comment_status":"closed","ping_status":"closed","template":"","meta":{"footnotes":""},"class_list":["post-11805","page","type-page","status-publish","hentry"],"aioseo_notices":[],"_links":{"self":[{"href":"https:\/\/globalintegralbeauty.com\/en\/wp-json\/wp\/v2\/pages\/11805","targetHints":{"allow":["GET"]}}],"collection":[{"href":"https:\/\/globalintegralbeauty.com\/en\/wp-json\/wp\/v2\/pages"}],"about":[{"href":"https:\/\/globalintegralbeauty.com\/en\/wp-json\/wp\/v2\/types\/page"}],"author":[{"embeddable":true,"href":"https:\/\/globalintegralbeauty.com\/en\/wp-json\/wp\/v2\/users\/1"}],"replies":[{"embeddable":true,"href":"https:\/\/globalintegralbeauty.com\/en\/wp-json\/wp\/v2\/comments?post=11805"}],"version-history":[{"count":7,"href":"https:\/\/globalintegralbeauty.com\/en\/wp-json\/wp\/v2\/pages\/11805\/revisions"}],"predecessor-version":[{"id":11816,"href":"https:\/\/globalintegralbeauty.com\/en\/wp-json\/wp\/v2\/pages\/11805\/revisions\/11816"}],"wp:attachment":[{"href":"https:\/\/globalintegralbeauty.com\/en\/wp-json\/wp\/v2\/media?parent=11805"}],"curies":[{"name":"wp","href":"https:\/\/api.w.org\/{rel}","templated":true}]}}