{"id":11762,"date":"2025-10-15T09:41:49","date_gmt":"2025-10-15T13:41:49","guid":{"rendered":"https:\/\/globalintegralbeauty.com\/?page_id=11762"},"modified":"2025-10-16T10:55:56","modified_gmt":"2025-10-16T14:55:56","slug":"anetta-reszko","status":"publish","type":"page","link":"https:\/\/globalintegralbeauty.com\/en\/anetta-reszko\/","title":{"rendered":"Anetta Reszko"},"content":{"rendered":"<div data-elementor-type=\"wp-page\" data-elementor-id=\"11762\" class=\"elementor elementor-11762\" data-elementor-post-type=\"page\">\n\t\t\t\t\t\t<section class=\"elementor-section elementor-top-section elementor-element elementor-element-186b6973 elementor-section-stretched elementor-reverse-mobile elementor-section-boxed elementor-section-height-default elementor-section-height-default\" data-id=\"186b6973\" data-element_type=\"section\" data-settings=\"{&quot;stretch_section&quot;:&quot;section-stretched&quot;}\">\n\t\t\t\t\t\t<div class=\"elementor-container elementor-column-gap-default\">\n\t\t\t\t\t<div class=\"elementor-column elementor-col-50 elementor-top-column elementor-element elementor-element-67e085b8 elementor-invisible\" data-id=\"67e085b8\" data-element_type=\"column\" data-settings=\"{&quot;animation&quot;:&quot;fadeInLeft&quot;}\">\n\t\t\t<div class=\"elementor-widget-wrap elementor-element-populated\">\n\t\t\t\t\t\t<div class=\"elementor-element elementor-element-3ed9c5c2 elementor-icon-list--layout-inline elementor-align-start elementor-list-item-link-full_width elementor-widget elementor-widget-icon-list\" data-id=\"3ed9c5c2\" data-element_type=\"widget\" data-widget_type=\"icon-list.default\">\n\t\t\t\t<div class=\"elementor-widget-container\">\n\t\t\t\t\t\t\t<ul class=\"elementor-icon-list-items elementor-inline-items\">\n\t\t\t\t\t\t\t<li class=\"elementor-icon-list-item elementor-inline-item\">\n\t\t\t\t\t\t\t\t\t\t\t<a href=\"https:\/\/globalintegralbeauty.com\/en\/\">\n\n\t\t\t\t\t\t\t\t\t\t\t\t<span class=\"elementor-icon-list-icon\">\n\t\t\t\t\t\t\t<i aria-hidden=\"true\" class=\"fas fa-chevron-right\"><\/i>\t\t\t\t\t\t<\/span>\n\t\t\t\t\t\t\t\t\t\t<span class=\"elementor-icon-list-text\">HOME<\/span>\n\t\t\t\t\t\t\t\t\t\t\t<\/a>\n\t\t\t\t\t\t\t\t\t<\/li>\n\t\t\t\t\t\t\t\t<li class=\"elementor-icon-list-item elementor-inline-item\">\n\t\t\t\t\t\t\t\t\t\t\t<a href=\"https:\/\/globalintegralbeauty.com\/en\/libro-edicion-4\/\">\n\n\t\t\t\t\t\t\t\t\t\t\t\t<span class=\"elementor-icon-list-icon\">\n\t\t\t\t\t\t\t<i aria-hidden=\"true\" class=\"fas fa-chevron-right\"><\/i>\t\t\t\t\t\t<\/span>\n\t\t\t\t\t\t\t\t\t\t<span class=\"elementor-icon-list-text\">BOOK 4th EDITION<\/span>\n\t\t\t\t\t\t\t\t\t\t\t<\/a>\n\t\t\t\t\t\t\t\t\t<\/li>\n\t\t\t\t\t\t\t\t<li class=\"elementor-icon-list-item elementor-inline-item\">\n\t\t\t\t\t\t\t\t\t\t\t<a href=\"https:\/\/globalintegralbeauty.com\/en\/2da-edicion\/#coautores\">\n\n\t\t\t\t\t\t\t\t\t\t\t\t<span class=\"elementor-icon-list-icon\">\n\t\t\t\t\t\t\t<i aria-hidden=\"true\" class=\"fas fa-chevron-right\"><\/i>\t\t\t\t\t\t<\/span>\n\t\t\t\t\t\t\t\t\t\t<span class=\"elementor-icon-list-text\">CO-AUTHORS<\/span>\n\t\t\t\t\t\t\t\t\t\t\t<\/a>\n\t\t\t\t\t\t\t\t\t<\/li>\n\t\t\t\t\t\t<\/ul>\n\t\t\t\t\t\t<\/div>\n\t\t\t\t<\/div>\n\t\t\t\t<div class=\"elementor-element elementor-element-3e1df087 elementor-widget elementor-widget-heading\" data-id=\"3e1df087\" data-element_type=\"widget\" data-widget_type=\"heading.default\">\n\t\t\t\t<div class=\"elementor-widget-container\">\n\t\t\t\t\t<h2 class=\"elementor-heading-title elementor-size-default\">Dr. Anetta Reszko<\/h2>\t\t\t\t<\/div>\n\t\t\t\t<\/div>\n\t\t\t\t<div class=\"elementor-element elementor-element-13b21dbc elementor-widget elementor-widget-text-editor\" data-id=\"13b21dbc\" data-element_type=\"widget\" data-widget_type=\"text-editor.default\">\n\t\t\t\t<div class=\"elementor-widget-container\">\n\t\t\t\t\t\t\t\t\t<p><em>CO-AUTHOR<\/em><\/p>\t\t\t\t\t\t\t\t<\/div>\n\t\t\t\t<\/div>\n\t\t\t\t<div class=\"elementor-element elementor-element-2d2c3547 elementor-widget elementor-widget-heading\" data-id=\"2d2c3547\" data-element_type=\"widget\" data-widget_type=\"heading.default\">\n\t\t\t\t<div class=\"elementor-widget-container\">\n\t\t\t\t\t<h2 class=\"elementor-heading-title elementor-size-default\">MD, PhD. World-Renowned Dermatologist and Dermatologic Surgeon, Clinical Assistant Professor of Dermatology at Weill Cornell Medical College, Assistant Attending Dermatologist at New York Presbyterian Hospital<\/h2>\t\t\t\t<\/div>\n\t\t\t\t<\/div>\n\t\t\t\t<div class=\"elementor-element elementor-element-5461f567 elementor-shape-circle e-grid-align-left e-grid-align-mobile-center elementor-grid-0 elementor-widget elementor-widget-social-icons\" data-id=\"5461f567\" data-element_type=\"widget\" data-widget_type=\"social-icons.default\">\n\t\t\t\t<div class=\"elementor-widget-container\">\n\t\t\t\t\t\t\t<div class=\"elementor-social-icons-wrapper elementor-grid\">\n\t\t\t\t\t\t\t<span class=\"elementor-grid-item\">\n\t\t\t\t\t<a class=\"elementor-icon elementor-social-icon elementor-social-icon-instagram elementor-repeater-item-f5e1b56\" href=\"https:\/\/www.instagram.com\/dranettareszko\" target=\"_blank\">\n\t\t\t\t\t\t<span class=\"elementor-screen-only\">Instagram<\/span>\n\t\t\t\t\t\t<i aria-hidden=\"true\" class=\"fab fa-instagram\"><\/i>\t\t\t\t\t<\/a>\n\t\t\t\t<\/span>\n\t\t\t\t\t<\/div>\n\t\t\t\t\t\t<\/div>\n\t\t\t\t<\/div>\n\t\t\t\t\t<\/div>\n\t\t<\/div>\n\t\t\t\t<div class=\"elementor-column elementor-col-50 elementor-top-column elementor-element elementor-element-2e7db100 elementor-invisible\" data-id=\"2e7db100\" data-element_type=\"column\" data-settings=\"{&quot;animation&quot;:&quot;fadeInRight&quot;}\">\n\t\t\t<div class=\"elementor-widget-wrap elementor-element-populated\">\n\t\t\t\t\t\t<div class=\"elementor-element elementor-element-6942875a elementor-widget elementor-widget-image\" data-id=\"6942875a\" data-element_type=\"widget\" data-widget_type=\"image.default\">\n\t\t\t\t<div class=\"elementor-widget-container\">\n\t\t\t\t\t\t\t\t\t\t\t\t\t\t\t<img fetchpriority=\"high\" decoding=\"async\" width=\"800\" height=\"864\" src=\"https:\/\/globalintegralbeauty.com\/wp-content\/uploads\/2025\/10\/coautores-libro-expertos-globales-en-belleza-integral-2.jpg\" class=\"attachment-large size-large wp-image-11693\" alt=\"\" srcset=\"https:\/\/globalintegralbeauty.com\/wp-content\/uploads\/2025\/10\/coautores-libro-expertos-globales-en-belleza-integral-2.jpg 900w, https:\/\/globalintegralbeauty.com\/wp-content\/uploads\/2025\/10\/coautores-libro-expertos-globales-en-belleza-integral-2-278x300.jpg 278w, https:\/\/globalintegralbeauty.com\/wp-content\/uploads\/2025\/10\/coautores-libro-expertos-globales-en-belleza-integral-2-768x829.jpg 768w, https:\/\/globalintegralbeauty.com\/wp-content\/uploads\/2025\/10\/coautores-libro-expertos-globales-en-belleza-integral-2-11x12.jpg 11w, https:\/\/globalintegralbeauty.com\/wp-content\/uploads\/2025\/10\/coautores-libro-expertos-globales-en-belleza-integral-2-600x648.jpg 600w\" sizes=\"(max-width: 800px) 100vw, 800px\" \/>\t\t\t\t\t\t\t\t\t\t\t\t\t\t\t<\/div>\n\t\t\t\t<\/div>\n\t\t\t\t\t<\/div>\n\t\t<\/div>\n\t\t\t\t\t<\/div>\n\t\t<\/section>\n\t\t\t\t<section class=\"elementor-section elementor-top-section elementor-element elementor-element-655b5d44 elementor-section-boxed elementor-section-height-default elementor-section-height-default\" data-id=\"655b5d44\" data-element_type=\"section\">\n\t\t\t\t\t\t<div class=\"elementor-container elementor-column-gap-default\">\n\t\t\t\t\t<div class=\"elementor-column elementor-col-100 elementor-top-column elementor-element elementor-element-10f4124d\" data-id=\"10f4124d\" data-element_type=\"column\">\n\t\t\t<div class=\"elementor-widget-wrap elementor-element-populated\">\n\t\t\t\t\t\t<div class=\"elementor-element elementor-element-79813d16 elementor-widget elementor-widget-text-editor\" data-id=\"79813d16\" data-element_type=\"widget\" data-widget_type=\"text-editor.default\">\n\t\t\t\t<div class=\"elementor-widget-container\">\n\t\t\t\t\t\t\t\t\t<p>I am Dr. Anetta E. Reszko, MD, PhD, a board-certified dermatologist, Mohs micrographic surgeon, and physician-scientist with academic ap-pointments at Weill Cornell Medical Center in New York and Yale Uni-versity School of Medicine. My passion lies in combining cutting-edge science with patient-centered care, and I am dedicated to advancing both dermatologic surgery and aesthetic dermatology.<\/p><p><br><\/p>\n<p>I earned my Bachelor of Science degree from Case Western Reserve Uni-versity in 1997, where I was honored with the Phi Beta Kappa Prize and the Iota Sigma Pi Prize for Outstanding Women in Chemistry. I contin-ued at Case Western Reserve to earn my PhD in biochemistry in 2003 and my MD in 2005.<\/p><p><br><\/p>\n<p>After medical school, I completed my internship at MetroHealth Medical Center in Cleveland, Ohio, followed by a dermatology residency at New York-Presbyterian\/Weill Cornell Medical Center. I then pursued advanced fellowship training in Mohs micrographic surgery and cutaneous oncol-ogy at Yale New Haven Hospital, where I also served as a clinical in-structor in the Department of Dermatology.<\/p><p><br><\/p>\n<p>Since joining the faculty at Weill Cornell Medical Center in 2011 and accepting an appointment at Yale University shortly thereafter, I have balanced my academic work with my clinical practice, seeing patients at my offices in Manhattan and Rye, New York. My practice covers every-thing from complex skin cancer surgery to advanced cosmetic proce-dures, always emphasizing safety, innovation, and results.<\/p>\t\t\t\t\t\t\t\t<\/div>\n\t\t\t\t<\/div>\n\t\t\t\t\t<\/div>\n\t\t<\/div>\n\t\t\t\t\t<\/div>\n\t\t<\/section>\n\t\t\t\t<\/div>","protected":false},"excerpt":{"rendered":"<p>INICIO LIBRO 4ta EDICI\u00d3N CO-AUTORES Dra. Anetta Reszko CO-AUTORA MD, Ph.D. Dermat\u00f3loga y Cirujana Dermatol\u00f3gica de Renombre Mundial, Profesora Asistente Cl\u00ednica de Dermatolog\u00eda en Weill Cor-nell Medical College y Dermat\u00f3loga Asistente en New York Presbyte-rian Hospital. Instagram Soy la Dra. Anetta E. Reszko, M.D., Ph.D., dermat\u00f3loga certificada, cirujana microgr\u00e1fica de Mohs y m\u00e9dico-cient\u00edfica con nombramientos [&hellip;]<\/p>\n","protected":false},"author":1,"featured_media":0,"parent":0,"menu_order":0,"comment_status":"closed","ping_status":"closed","template":"","meta":{"footnotes":""},"class_list":["post-11762","page","type-page","status-publish","hentry"],"aioseo_notices":[],"_links":{"self":[{"href":"https:\/\/globalintegralbeauty.com\/en\/wp-json\/wp\/v2\/pages\/11762","targetHints":{"allow":["GET"]}}],"collection":[{"href":"https:\/\/globalintegralbeauty.com\/en\/wp-json\/wp\/v2\/pages"}],"about":[{"href":"https:\/\/globalintegralbeauty.com\/en\/wp-json\/wp\/v2\/types\/page"}],"author":[{"embeddable":true,"href":"https:\/\/globalintegralbeauty.com\/en\/wp-json\/wp\/v2\/users\/1"}],"replies":[{"embeddable":true,"href":"https:\/\/globalintegralbeauty.com\/en\/wp-json\/wp\/v2\/comments?post=11762"}],"version-history":[{"count":7,"href":"https:\/\/globalintegralbeauty.com\/en\/wp-json\/wp\/v2\/pages\/11762\/revisions"}],"predecessor-version":[{"id":11834,"href":"https:\/\/globalintegralbeauty.com\/en\/wp-json\/wp\/v2\/pages\/11762\/revisions\/11834"}],"wp:attachment":[{"href":"https:\/\/globalintegralbeauty.com\/en\/wp-json\/wp\/v2\/media?parent=11762"}],"curies":[{"name":"wp","href":"https:\/\/api.w.org\/{rel}","templated":true}]}}