{"id":11720,"date":"2025-10-14T10:50:59","date_gmt":"2025-10-14T14:50:59","guid":{"rendered":"https:\/\/globalintegralbeauty.com\/?page_id=11720"},"modified":"2025-10-16T10:54:59","modified_gmt":"2025-10-16T14:54:59","slug":"brooke-kennedy","status":"publish","type":"page","link":"https:\/\/globalintegralbeauty.com\/en\/brooke-kennedy\/","title":{"rendered":"Brooke Kennedy"},"content":{"rendered":"<div data-elementor-type=\"wp-page\" data-elementor-id=\"11720\" class=\"elementor elementor-11720\" data-elementor-post-type=\"page\">\n\t\t\t\t\t\t<section class=\"elementor-section elementor-top-section elementor-element elementor-element-33945734 elementor-section-stretched elementor-reverse-mobile elementor-section-boxed elementor-section-height-default elementor-section-height-default\" data-id=\"33945734\" data-element_type=\"section\" data-settings=\"{&quot;stretch_section&quot;:&quot;section-stretched&quot;}\">\n\t\t\t\t\t\t<div class=\"elementor-container elementor-column-gap-default\">\n\t\t\t\t\t<div class=\"elementor-column elementor-col-50 elementor-top-column elementor-element elementor-element-68d712ae elementor-invisible\" data-id=\"68d712ae\" data-element_type=\"column\" data-settings=\"{&quot;animation&quot;:&quot;fadeInLeft&quot;}\">\n\t\t\t<div class=\"elementor-widget-wrap elementor-element-populated\">\n\t\t\t\t\t\t<div class=\"elementor-element elementor-element-71ee33e7 elementor-icon-list--layout-inline elementor-align-start elementor-list-item-link-full_width elementor-widget elementor-widget-icon-list\" data-id=\"71ee33e7\" data-element_type=\"widget\" data-widget_type=\"icon-list.default\">\n\t\t\t\t<div class=\"elementor-widget-container\">\n\t\t\t\t\t\t\t<ul class=\"elementor-icon-list-items elementor-inline-items\">\n\t\t\t\t\t\t\t<li class=\"elementor-icon-list-item elementor-inline-item\">\n\t\t\t\t\t\t\t\t\t\t\t<a href=\"https:\/\/globalintegralbeauty.com\/en\/\">\n\n\t\t\t\t\t\t\t\t\t\t\t\t<span class=\"elementor-icon-list-icon\">\n\t\t\t\t\t\t\t<i aria-hidden=\"true\" class=\"fas fa-chevron-right\"><\/i>\t\t\t\t\t\t<\/span>\n\t\t\t\t\t\t\t\t\t\t<span class=\"elementor-icon-list-text\">HOME<\/span>\n\t\t\t\t\t\t\t\t\t\t\t<\/a>\n\t\t\t\t\t\t\t\t\t<\/li>\n\t\t\t\t\t\t\t\t<li class=\"elementor-icon-list-item elementor-inline-item\">\n\t\t\t\t\t\t\t\t\t\t\t<a href=\"https:\/\/globalintegralbeauty.com\/en\/libro-edicion-4\/\">\n\n\t\t\t\t\t\t\t\t\t\t\t\t<span class=\"elementor-icon-list-icon\">\n\t\t\t\t\t\t\t<i aria-hidden=\"true\" class=\"fas fa-chevron-right\"><\/i>\t\t\t\t\t\t<\/span>\n\t\t\t\t\t\t\t\t\t\t<span class=\"elementor-icon-list-text\">BOOK 4th EDITION<\/span>\n\t\t\t\t\t\t\t\t\t\t\t<\/a>\n\t\t\t\t\t\t\t\t\t<\/li>\n\t\t\t\t\t\t\t\t<li class=\"elementor-icon-list-item elementor-inline-item\">\n\t\t\t\t\t\t\t\t\t\t\t<a href=\"https:\/\/globalintegralbeauty.com\/en\/2da-edicion\/#coautores\">\n\n\t\t\t\t\t\t\t\t\t\t\t\t<span class=\"elementor-icon-list-icon\">\n\t\t\t\t\t\t\t<i aria-hidden=\"true\" class=\"fas fa-chevron-right\"><\/i>\t\t\t\t\t\t<\/span>\n\t\t\t\t\t\t\t\t\t\t<span class=\"elementor-icon-list-text\">CO-AUTHORS<\/span>\n\t\t\t\t\t\t\t\t\t\t\t<\/a>\n\t\t\t\t\t\t\t\t\t<\/li>\n\t\t\t\t\t\t<\/ul>\n\t\t\t\t\t\t<\/div>\n\t\t\t\t<\/div>\n\t\t\t\t<div class=\"elementor-element elementor-element-315e9c45 elementor-widget elementor-widget-heading\" data-id=\"315e9c45\" data-element_type=\"widget\" data-widget_type=\"heading.default\">\n\t\t\t\t<div class=\"elementor-widget-container\">\n\t\t\t\t\t<h2 class=\"elementor-heading-title elementor-size-default\">Brooke Kennedy<\/h2>\t\t\t\t<\/div>\n\t\t\t\t<\/div>\n\t\t\t\t<div class=\"elementor-element elementor-element-4224ef86 elementor-widget elementor-widget-text-editor\" data-id=\"4224ef86\" data-element_type=\"widget\" data-widget_type=\"text-editor.default\">\n\t\t\t\t<div class=\"elementor-widget-container\">\n\t\t\t\t\t\t\t\t\t<p><em>CO-AUTHOR<\/em><\/p>\t\t\t\t\t\t\t\t<\/div>\n\t\t\t\t<\/div>\n\t\t\t\t<div class=\"elementor-element elementor-element-59e7e2b4 elementor-widget elementor-widget-heading\" data-id=\"59e7e2b4\" data-element_type=\"widget\" data-widget_type=\"heading.default\">\n\t\t\t\t<div class=\"elementor-widget-container\">\n\t\t\t\t\t<h2 class=\"elementor-heading-title elementor-size-default\">ME. Holistic Master Esthetician, Specializing in Medically Compro-mised Skin and Customized Integrative Skincare Therapies\n<\/h2>\t\t\t\t<\/div>\n\t\t\t\t<\/div>\n\t\t\t\t<div class=\"elementor-element elementor-element-767ec1e6 elementor-shape-circle e-grid-align-left e-grid-align-mobile-center elementor-grid-0 elementor-widget elementor-widget-social-icons\" data-id=\"767ec1e6\" data-element_type=\"widget\" data-widget_type=\"social-icons.default\">\n\t\t\t\t<div class=\"elementor-widget-container\">\n\t\t\t\t\t\t\t<div class=\"elementor-social-icons-wrapper elementor-grid\" role=\"list\">\n\t\t\t\t\t\t\t<span class=\"elementor-grid-item\" role=\"listitem\">\n\t\t\t\t\t<a class=\"elementor-icon elementor-social-icon elementor-social-icon-facebook elementor-repeater-item-96b4f00\" href=\"https:\/\/www.facebook.com\/marianna.blyuminkarasik\/\" target=\"_blank\">\n\t\t\t\t\t\t<span class=\"elementor-screen-only\">Facebook<\/span>\n\t\t\t\t\t\t<i aria-hidden=\"true\" class=\"fab fa-facebook\"><\/i>\t\t\t\t\t<\/a>\n\t\t\t\t<\/span>\n\t\t\t\t\t\t\t<span class=\"elementor-grid-item\" role=\"listitem\">\n\t\t\t\t\t<a class=\"elementor-icon elementor-social-icon elementor-social-icon-instagram elementor-repeater-item-f5e1b56\" href=\"https:\/\/www.instagram.com\/dermwithstamina\" target=\"_blank\">\n\t\t\t\t\t\t<span class=\"elementor-screen-only\">Instagram<\/span>\n\t\t\t\t\t\t<i aria-hidden=\"true\" class=\"fab fa-instagram\"><\/i>\t\t\t\t\t<\/a>\n\t\t\t\t<\/span>\n\t\t\t\t\t<\/div>\n\t\t\t\t\t\t<\/div>\n\t\t\t\t<\/div>\n\t\t\t\t\t<\/div>\n\t\t<\/div>\n\t\t\t\t<div class=\"elementor-column elementor-col-50 elementor-top-column elementor-element elementor-element-34c45fcc elementor-invisible\" data-id=\"34c45fcc\" data-element_type=\"column\" data-settings=\"{&quot;animation&quot;:&quot;fadeInRight&quot;}\">\n\t\t\t<div class=\"elementor-widget-wrap elementor-element-populated\">\n\t\t\t\t\t\t<div class=\"elementor-element elementor-element-570e94cd elementor-widget elementor-widget-image\" data-id=\"570e94cd\" data-element_type=\"widget\" data-widget_type=\"image.default\">\n\t\t\t\t<div class=\"elementor-widget-container\">\n\t\t\t\t\t\t\t\t\t\t\t\t\t\t\t<img fetchpriority=\"high\" decoding=\"async\" width=\"800\" height=\"864\" src=\"https:\/\/globalintegralbeauty.com\/wp-content\/uploads\/2025\/10\/coautores-libro-expertos-globales-en-belleza-integral-6.jpg\" class=\"attachment-large size-large wp-image-11697\" alt=\"\" srcset=\"https:\/\/globalintegralbeauty.com\/wp-content\/uploads\/2025\/10\/coautores-libro-expertos-globales-en-belleza-integral-6.jpg 900w, https:\/\/globalintegralbeauty.com\/wp-content\/uploads\/2025\/10\/coautores-libro-expertos-globales-en-belleza-integral-6-278x300.jpg 278w, https:\/\/globalintegralbeauty.com\/wp-content\/uploads\/2025\/10\/coautores-libro-expertos-globales-en-belleza-integral-6-768x829.jpg 768w, https:\/\/globalintegralbeauty.com\/wp-content\/uploads\/2025\/10\/coautores-libro-expertos-globales-en-belleza-integral-6-11x12.jpg 11w, https:\/\/globalintegralbeauty.com\/wp-content\/uploads\/2025\/10\/coautores-libro-expertos-globales-en-belleza-integral-6-600x648.jpg 600w\" sizes=\"(max-width: 800px) 100vw, 800px\" \/>\t\t\t\t\t\t\t\t\t\t\t\t\t\t\t<\/div>\n\t\t\t\t<\/div>\n\t\t\t\t\t<\/div>\n\t\t<\/div>\n\t\t\t\t\t<\/div>\n\t\t<\/section>\n\t\t\t\t<section class=\"elementor-section elementor-top-section elementor-element elementor-element-73c86e77 elementor-section-boxed elementor-section-height-default elementor-section-height-default\" data-id=\"73c86e77\" data-element_type=\"section\">\n\t\t\t\t\t\t<div class=\"elementor-container elementor-column-gap-default\">\n\t\t\t\t\t<div class=\"elementor-column elementor-col-100 elementor-top-column elementor-element elementor-element-4355a20d\" data-id=\"4355a20d\" data-element_type=\"column\">\n\t\t\t<div class=\"elementor-widget-wrap elementor-element-populated\">\n\t\t\t\t\t\t<div class=\"elementor-element elementor-element-1ae1fb1f elementor-widget elementor-widget-text-editor\" data-id=\"1ae1fb1f\" data-element_type=\"widget\" data-widget_type=\"text-editor.default\">\n\t\t\t\t<div class=\"elementor-widget-container\">\n\t\t\t\t\t\t\t\t\t<p>Always having a deep love for science and a heart for helping people, I began my academic journey at the University of Washington. There I studied Molecular Cell Biology with the intent of pursuing medicine.  Life, however, had other plans for me.  After spending years in project management within the electrical construction industry, I felt a strong calling to make a more meaningful impact through health and wellness. At age 32, I made a bold career shift and enrolled at the Euro Institute of Skin Care, where I graduated with honors in 2012.  I later became a li-censed Master Esthetician after attending Washington Laser Institute in 2014.<\/p><p><br><\/p>\n<p>With no prior spa experience or mentoring, I opened my solo skincare practice immediately after graduating.There, I dove headfirst into con-tinuing education, learning from the industry\u2019s most respected leaders. That dedication paid offI quickly built a full clientele and realized it was time to expand. My husband and I took on a design-build project to create our dream work space. Amid the many challenges of construc-tion, I was also navigating a cervical cancer diagnosis. Despite it all, we opened Suite B Hair &amp; Skin Lounge in February of 2018.<\/p><p><br><\/p>\n<p>I created Suite B not just as a place of beauty and healing, but as a space to mentor fellow estheticians, build community, and give back. We\u2019ve since been honored with Best Spa Services and Best Hair Salon by Best of Issaquah, and Best of the Pacific Northwest for Waxing. One of my proudest professional achievements has been competing in The Skin Games, where I earned First Place in the Holistic Skincare Category for three consecutive years, as well as First Place in Acne, First Place in the Open Category, and Second Place in Open Medical Category.  Also, I proudly won The Skin Boss Mastermind Live competition.<\/p>\t\t\t\t\t\t\t\t<\/div>\n\t\t\t\t<\/div>\n\t\t\t\t\t<\/div>\n\t\t<\/div>\n\t\t\t\t\t<\/div>\n\t\t<\/section>\n\t\t\t\t<\/div>","protected":false},"excerpt":{"rendered":"<p>INICIO LIBRO 4ta EDICI\u00d3N CO-AUTORES Brooke Kennedy CO-AUTORA ME. M\u00e1ster en Est\u00e9tica Hol\u00edstica. Especializada en Piel M\u00e9dicamente Comprometida y Terapias Personalizadas de Cuidado Integral de la Piel Facebook Instagram Siempre con un profundo amor por la ciencia y un coraz\u00f3n para ayudar a las personas, comenc\u00e9 mi trayectoria acad\u00e9mica en la Universidad de Washington. All\u00ed [&hellip;]<\/p>\n","protected":false},"author":1,"featured_media":0,"parent":0,"menu_order":0,"comment_status":"closed","ping_status":"closed","template":"","meta":{"footnotes":""},"class_list":["post-11720","page","type-page","status-publish","hentry"],"aioseo_notices":[],"_links":{"self":[{"href":"https:\/\/globalintegralbeauty.com\/en\/wp-json\/wp\/v2\/pages\/11720","targetHints":{"allow":["GET"]}}],"collection":[{"href":"https:\/\/globalintegralbeauty.com\/en\/wp-json\/wp\/v2\/pages"}],"about":[{"href":"https:\/\/globalintegralbeauty.com\/en\/wp-json\/wp\/v2\/types\/page"}],"author":[{"embeddable":true,"href":"https:\/\/globalintegralbeauty.com\/en\/wp-json\/wp\/v2\/users\/1"}],"replies":[{"embeddable":true,"href":"https:\/\/globalintegralbeauty.com\/en\/wp-json\/wp\/v2\/comments?post=11720"}],"version-history":[{"count":7,"href":"https:\/\/globalintegralbeauty.com\/en\/wp-json\/wp\/v2\/pages\/11720\/revisions"}],"predecessor-version":[{"id":11825,"href":"https:\/\/globalintegralbeauty.com\/en\/wp-json\/wp\/v2\/pages\/11720\/revisions\/11825"}],"wp:attachment":[{"href":"https:\/\/globalintegralbeauty.com\/en\/wp-json\/wp\/v2\/media?parent=11720"}],"curies":[{"name":"wp","href":"https:\/\/api.w.org\/{rel}","templated":true}]}}